{"id":11793,"date":"2021-12-05T02:29:36","date_gmt":"2021-12-05T01:29:36","guid":{"rendered":"https:\/\/stularplus.com\/tagson-s-a-m\/"},"modified":"2025-12-20T10:37:59","modified_gmt":"2025-12-20T09:37:59","slug":"tagson-s-a-m","status":"publish","type":"product","link":"https:\/\/stularplus.com\/pl\/tagson-s-a-m\/","title":{"rendered":"TAGSON S.A.M."},"content":{"rendered":"<p>Doskona\u0142e rozwi\u0105zanie do metkowania odzie\u017cy, cienkich skarpet i innych tkanin. Dzi\u0119ki wbudowanemu modu\u0142owi Avery Dennison Fine Fabric urz\u0105dzenie nie uszkadza tkanin. Uchwyt modu\u0142u i pozycj\u0119 ig\u0142y mo\u017cna regulowa\u0107 wed\u0142ug potrzeb operatora, zapewniaj\u0105c najlepsze warunki pracy. PS-1\/SAM mo\u017ce metkowa\u0107 produkty o grubo\u015bci od 15 mm do 40 mm.   <\/p>\n<p><em>Lekka, przeno\u015bna, sto\u0142owa maszyna PS-1\/SAM wykonuje po\u0142ow\u0119 pracy za Ciebie. Operator r\u0119cznie umieszcza tkanin\u0119 na igle, jednocze\u015bnie naciskaj\u0105c prze\u0142\u0105cznik palcowy, kt\u00f3ry wystrzeliwuje \u0142\u0105cznik przez ig\u0142\u0119. <\/em><\/p>\n<p>Ka\u017cda maszyna jest wykonana z najwy\u017csz\u0105 precyzj\u0105 i dostosowana do wymaga\u0144 u\u017cytkownika ko\u0144cowego. Sercem maszyny jest <strong>nap\u0119dzany<\/strong> <strong>modu\u0142em Avery Dennison SPU<\/strong>, kt\u00f3ry zapewnia najwy\u017cszy standard jako\u015bci i niezawodno\u015bci w bran\u017cy. Modu\u0142 g\u0142\u00f3wny mo\u017cna wymieni\u0107 na dowolny inny modu\u0142 Avery Dennison dla maksymalnej wydajno\u015bci. Podstawa maszyny jest starannie zaprojektowana z najlepszych materia\u0142\u00f3w na zawory, prze\u0142\u0105czniki, r\u0119cznie wykonane osie, aluminiowy stela\u017c, stojak i uchwyty PTFE.   <\/p>\n<table class=\"specification-table\" width=\"572\">\n<tbody>\n<tr>\n<td>Zastosowanie do etykietowania:<\/td>\n<td>Tak<\/td>\n<\/tr>\n<tr>\n<td>Modu\u0142:<\/td>\n<td>Avery Dennison Swiftach SPU2M02<\/td>\n<\/tr>\n<tr>\n<td>Ci\u015bnienie robocze:<\/td>\n<td>Zasilanie powietrzem, 80 psi (6 bar)<\/td>\n<\/tr>\n<tr>\n<td>Ca\u0142kowita d\u0142ugo\u015b\u0107 ig\u0142y:<\/td>\n<td>48,6 mm<\/td>\n<\/tr>\n<tr>\n<td>D\u0142ugo\u015b\u0107 efektywna:<\/td>\n<td>38 mm<\/td>\n<\/tr>\n<tr>\n<td>Zakres grubo\u015bci znakowania:<\/td>\n<td>7 mm \u2013 40 mm<\/td>\n<\/tr>\n<tr>\n<td>Typ szpilek\/\u0142\u0105cznik\u00f3w:<\/td>\n<td>Nylonowe \u0142\u0105czniki do delikatnych tkanin<\/td>\n<\/tr>\n<tr>\n<td>Maksymalna pr\u0119dko\u015b\u0107:<\/td>\n<td>1,5 sekundy\/cykl<\/td>\n<\/tr>\n<tr>\n<td>Regulacja wysoko\u015bci:<\/td>\n<td>Nie<\/td>\n<\/tr>\n<tr>\n<td>Znacznik laserowy:<\/td>\n<td>Opcjonalny<\/td>\n<\/tr>\n<tr>\n<td>Dwa prze\u0142\u0105czniki bezpiecze\u0144stwa:<\/td>\n<td>Opcjonalnie<\/td>\n<\/tr>\n<tr>\n<td>Aplikacja J HOOK:<\/td>\n<td>Nie<\/td>\n<\/tr>\n<tr>\n<td>Docisk p\u0142ytki ig\u0142owej:<\/td>\n<td>Nie<\/td>\n<\/tr>\n<tr>\n<td>Wymiary maszyny:<\/td>\n<td>400 x 160 x 320 mm<\/td>\n<\/tr>\n<tr>\n<td>Wymiary opakowania:<\/td>\n<td>\/<\/td>\n<\/tr>\n<tr>\n<td>Waga:<\/td>\n<td>1 kg<\/td>\n<\/tr>\n<\/tbody>\n<\/table>\n<div class=\"wpb_text_column wpb_content_element vc_custom_1574181509010 blue\">\n<div class=\"wpb_wrapper\">\n<p><strong>Darmowe testowanie<\/strong><\/p>\n<\/div>\n<\/div>\n<div class=\"wpb_text_column wpb_content_element vc_custom_1575308221273 white\">\n<div class=\"wpb_wrapper\">\n<p>Je\u015bli chcesz otrzyma\u0107 darmow\u0105 pr\u00f3bk\u0119 swojego produktu zapakowanego naszymi maszynami, skontaktuj si\u0119 z nami, a przygotujemy bezp\u0142atn\u0105 prezentacj\u0119. Pozw\u00f3l naszym in\u017cynierom przeprowadzi\u0107 Ci\u0119 przez proces darmowego testowania. <\/p>\n<\/div>\n<\/div>\n<p>Wi\u0119cej informacji znajdziesz na naszej oficjalnej stronie TAGSON: https:\/\/tagson.eu\/products\/ps-1-sam\/<\/p>\n","protected":false},"excerpt":{"rendered":"<p>Lekka, przeno\u015bna, p\u00f3\u0142automatyczna sto\u0142owa maszyna do metkowania PS-1\/SAM wykonuje po\u0142ow\u0119 pracy za Ciebie. Metkuje produkty o grubo\u015bci od 15 mm do 40 mm. Idealna do metkowania odzie\u017cy, skarpet, r\u0119kawiczek, r\u0119cznik\u00f3w i innych tekstyli\u00f3w.  <\/p>\n","protected":false},"featured_media":11798,"template":"","meta":[],"product_cat":[270],"product_tag":[],"_links":{"self":[{"href":"https:\/\/stularplus.com\/pl\/wp-json\/wp\/v2\/product\/11793"}],"collection":[{"href":"https:\/\/stularplus.com\/pl\/wp-json\/wp\/v2\/product"}],"about":[{"href":"https:\/\/stularplus.com\/pl\/wp-json\/wp\/v2\/types\/product"}],"wp:featuredmedia":[{"embeddable":true,"href":"https:\/\/stularplus.com\/pl\/wp-json\/wp\/v2\/media\/11798"}],"wp:attachment":[{"href":"https:\/\/stularplus.com\/pl\/wp-json\/wp\/v2\/media?parent=11793"}],"wp:term":[{"taxonomy":"product_cat","embeddable":true,"href":"https:\/\/stularplus.com\/pl\/wp-json\/wp\/v2\/product_cat?post=11793"},{"taxonomy":"product_tag","embeddable":true,"href":"https:\/\/stularplus.com\/pl\/wp-json\/wp\/v2\/product_tag?post=11793"}],"curies":[{"name":"wp","href":"https:\/\/api.w.org\/{rel}","templated":true}]}}