{"id":11807,"date":"2021-12-05T02:29:36","date_gmt":"2021-12-05T01:29:36","guid":{"rendered":"https:\/\/stularplus.com\/maszyna-pakujaca-tagson-ps-2-es-eco\/"},"modified":"2025-12-20T10:38:05","modified_gmt":"2025-12-20T09:38:05","slug":"maszyna-pakujaca-tagson-ps-2-es-eco","status":"publish","type":"product","link":"https:\/\/stularplus.com\/pl\/maszyna-pakujaca-tagson-ps-2-es-eco\/","title":{"rendered":"Maszyna pakuj\u0105ca Tagson PS-2\/ES Eco"},"content":{"rendered":"<p class=\"blue bold\"><strong>Ekologiczna maszyna pakuj\u0105ca<\/strong><\/p>\n<p>Zautomatyzowana pneumatyczna maszyna pakuj\u0105ca PS-2\/ES z  <strong>wbudowanym systemem mocowania IndES\u00ae Elastic Staple\u2122<\/strong>  z opcj\u0105 pracy jedno- lub dwuig\u0142owej mo\u017ce by\u0107 u\u017cywana jako metoda pakowania lub znakowania wszystkich rodzaj\u00f3w produkt\u00f3w. System jest \u0142atwy w obs\u0142udze, niezawodny i wszechstronny, co pomaga producentom obni\u017cy\u0107 koszty zwi\u0105zane z pakowaniem i zwi\u0119kszy\u0107 produktywno\u015b\u0107. <\/p>\n<p>Systemy elastycznych zszywek zosta\u0142y zaprojektowane do bezpiecznego mocowania produkt\u00f3w do karty no\u015bnej lub wewn\u0105trz opakowania. Dzi\u0119ki <g id=\"gid_0\">d\u0142ugo\u015bciom element\u00f3w mocuj\u0105cych od 15 mm do 200 mm<\/g> i klasom wytrzyma\u0142o\u015bci od standardowej do wzmocnionej, te elastyczne zszywki dopasowuj\u0105 si\u0119 do szerokiej gamy kszta\u0142t\u00f3w i rozmiar\u00f3w produkt\u00f3w. Produkty pakowane elastycznymi zszywkami zwi\u0119kszaj\u0105 atrakcyjno\u015b\u0107 dla konsument\u00f3w i <a href=\"https:\/\/tagson.eu\/sustainability\/better-packaging\/\" target=\"_blank\" rel=\"noopener noreferrer\">redukuj\u0105 odpady plastikowe<\/a> w por\u00f3wnaniu z konwencjonalnymi systemami mocowania. Mog\u0105 pom\u00f3c w\u0142a\u015bcicielom marek zmaksymalizowa\u0107 opcje pakowania dla szybkiego zwrotu z inwestycji.   <\/p>\n<p><strong>BEZ opakowa\u0144 blistrowych \u2013 BEZ muszli \u2013 BEZ opasek kablowych \u2013 BEZ drut\u00f3w skr\u0119canych<\/strong><\/p>\n<h4><img fetchpriority=\"high\" decoding=\"async\" class=\"alignnone wp-image-1151 size-full\" src=\"http:\/\/tagson.eu\/wp-content\/uploads\/2019\/10\/tagson-reduce-plastic-waste-by-99.jpg\" sizes=\"(max-width: 800px) 100vw, 800px\" srcset=\"https:\/\/tagson.eu\/wp-content\/uploads\/2019\/10\/tagson-reduce-plastic-waste-by-99.jpg 800w, https:\/\/tagson.eu\/wp-content\/uploads\/2019\/10\/tagson-reduce-plastic-waste-by-99-480x311.jpg 480w, https:\/\/tagson.eu\/wp-content\/uploads\/2019\/10\/tagson-reduce-plastic-waste-by-99-768x497.jpg 768w\" alt=\"\" width=\"800\" height=\"518\" title=\"\"><\/h4>\n<h4>Redukcja opakowa\u0144 plastikowych o 99%<\/h4>\n<p>\u2022 redukcja zu\u017cycia energii do 4 razy (w por\u00f3wnaniu z opakowaniami blister)<br \/>\n\u2022 zmniejszenie przestoj\u00f3w poprzez skr\u00f3cenie czasu i etap\u00f3w w produkcji opakowa\u0144<br \/>\n\u2022 redukcja obci\u0105\u017cenia operatora<br \/>\n\u2022 redukcja koszt\u00f3w materia\u0142\u00f3w<\/p>\n<h4>Poprawa do\u015bwiadczenia konsumenta<\/h4>\n<p>\u2022 mniej opakowa\u0144 poprawia wygl\u0105d produktu w punkcie sprzeda\u017cy<br \/>\n\u2022 szybsze, \u0142atwiejsze i bezpieczniejsze wyjmowanie produktu z opakowania<br \/>\n\u2022 konsumenci preferuj\u0105 kupowanie produkt\u00f3w w ekologicznych opakowaniach<\/p>\n<table class=\"specification-table\" width=\"572\">\n<tbody>\n<tr>\n<td>Specyfikacja maszyny:<\/td>\n<td><\/td>\n<\/tr>\n<tr>\n<td>Zastosowanie do etykietowania:<\/td>\n<td>Tak<\/td>\n<\/tr>\n<tr>\n<td>Zastosowanie pakowania:<\/td>\n<td>Tak<\/td>\n<\/tr>\n<tr>\n<td>Zakres szeroko\u015bci pakowania:<\/td>\n<td>15 mm \u2013 160 mm<\/td>\n<\/tr>\n<tr>\n<td>Modu\u0142:<\/td>\n<td>Avery Dennison IndES<\/td>\n<\/tr>\n<tr>\n<td>Ci\u015bnienie robocze:<\/td>\n<td>40 psi (2,75 bar) \u2013 80 psi (5,5 bar)<\/td>\n<\/tr>\n<tr>\n<td>Typ pin\u00f3w\/element\u00f3w mocuj\u0105cych:<\/td>\n<td>Zszywki elastyczne IndES\u00ae<\/td>\n<\/tr>\n<tr>\n<td>Maksymalna pr\u0119dko\u015b\u0107:<\/td>\n<td>1,5 sekundy\/cykl<\/td>\n<\/tr>\n<tr>\n<td>Regulacja wysoko\u015bci:<\/td>\n<td>Nie<\/td>\n<\/tr>\n<tr>\n<td>Regulacja szeroko\u015bci ig\u0142y:<\/td>\n<td>Tak, 15 mm \u2013 160 mm<\/td>\n<\/tr>\n<tr>\n<td>Znacznik laserowy:<\/td>\n<td>Tak<\/td>\n<\/tr>\n<tr>\n<td>Peda\u0142 no\u017cny:<\/td>\n<td>Opcjonalny<\/td>\n<\/tr>\n<tr>\n<td>Wymiary maszyny:<\/td>\n<td>550 x 500 x 1300 mm<\/td>\n<\/tr>\n<tr>\n<td>Wymiary opakowania:<\/td>\n<td>600 x 600 x 700 mm<\/td>\n<\/tr>\n<tr>\n<td>Waga:<\/td>\n<td>30 kg<\/td>\n<\/tr>\n<tr>\n<td>.<\/td>\n<td><\/td>\n<\/tr>\n<tr>\n<td>Specyfikacja zszywek:<\/td>\n<td><\/td>\n<\/tr>\n<tr>\n<td>Zszywka standardowa:<\/td>\n<td>min. wytrzyma\u0142o\u015b\u0107 na rozci\u0105ganie 5 lbsf (2,27 kg)<\/td>\n<\/tr>\n<tr>\n<td>Zszywka wzmocniona:<\/td>\n<td>min. wytrzyma\u0142o\u015b\u0107 na rozci\u0105ganie 6 lbsf (2,72 kg)<\/td>\n<\/tr>\n<tr>\n<td>Materia\u0142:<\/td>\n<td>Poliuretan<\/td>\n<\/tr>\n<tr>\n<td>Waga:<\/td>\n<td>0,026 g \u2013 0,077 g<\/td>\n<\/tr>\n<tr>\n<td>Opakowanie:<\/td>\n<td>10 000 zszywek na ReelStaple<\/td>\n<\/tr>\n<tr>\n<td>Temperatura robocza:<\/td>\n<td>-26\u00b0C (-15\u00b0F) do 60\u00b0C (140\u00b0F)<\/td>\n<\/tr>\n<tr>\n<td>Zastosowanie zszywki standardowej:<\/td>\n<td>Modu\u0142 11600 IndES\u00ae (wszystkie rozmiary zszywek)<\/td>\n<\/tr>\n<\/tbody>\n<\/table>\n<div class=\"row product_specification_container product-padding\">\n<p><strong>Darmowe testowanie<\/strong><\/p>\n<\/div>\n<div class=\"row product_banners_container product-padding\">\n<div class=\"templatera_shortcode\">\n<section class=\"vc_section\">\n<div class=\"vc_row wpb_row vc_row-fluid two_column_banners vc_column-gap-35\">\n<div class=\"wpb_column vc_column_container vc_col-sm-6 vc_col-has-fill\">\n<div class=\"vc_column-inner vc_custom_1568291041704\">\n<div class=\"wpb_wrapper\">\n<div class=\"wpb_text_column wpb_content_element vc_custom_1575308221273 white\">\n<div class=\"wpb_wrapper\">\n<p>Je\u015bli chcesz otrzyma\u0107 darmow\u0105 pr\u00f3bk\u0119 swojego produktu zapakowanego naszymi maszynami, skontaktuj si\u0119 z nami, a przygotujemy bezp\u0142atn\u0105 prezentacj\u0119. Pozw\u00f3l naszym in\u017cynierom przeprowadzi\u0107 Ci\u0119 przez proces darmowego testowania. <\/p>\n<\/div>\n<\/div>\n<\/div>\n<\/div>\n<\/div>\n<\/div>\n<\/section>\n<\/div>\n<\/div>\n","protected":false},"excerpt":{"rendered":"<p>Zautomatyzowana pneumatyczna maszyna pakuj\u0105ca z wbudowanym <strong>systemem mocowania IndES\u00ae Elastic Staple\u2122<\/strong> (d\u0142ugo\u015bci element\u00f3w mocuj\u0105cych od 15 mm do 200 mm) z obs\u0142ug\u0105 jedno- lub dwuig\u0142ow\u0105 mo\u017ce by\u0107 u\u017cywana jako metoda pakowania lub znakowania wszystkich rodzaj\u00f3w produkt\u00f3w. <strong>Zmniejsza odpady opakowa\u0144 plastikowych o 99%.<\/strong> <\/p>\n","protected":false},"featured_media":11810,"template":"","meta":[],"product_cat":[270],"product_tag":[],"_links":{"self":[{"href":"https:\/\/stularplus.com\/pl\/wp-json\/wp\/v2\/product\/11807"}],"collection":[{"href":"https:\/\/stularplus.com\/pl\/wp-json\/wp\/v2\/product"}],"about":[{"href":"https:\/\/stularplus.com\/pl\/wp-json\/wp\/v2\/types\/product"}],"wp:featuredmedia":[{"embeddable":true,"href":"https:\/\/stularplus.com\/pl\/wp-json\/wp\/v2\/media\/11810"}],"wp:attachment":[{"href":"https:\/\/stularplus.com\/pl\/wp-json\/wp\/v2\/media?parent=11807"}],"wp:term":[{"taxonomy":"product_cat","embeddable":true,"href":"https:\/\/stularplus.com\/pl\/wp-json\/wp\/v2\/product_cat?post=11807"},{"taxonomy":"product_tag","embeddable":true,"href":"https:\/\/stularplus.com\/pl\/wp-json\/wp\/v2\/product_tag?post=11807"}],"curies":[{"name":"wp","href":"https:\/\/api.w.org\/{rel}","templated":true}]}}