{"id":11809,"date":"2021-12-05T02:29:37","date_gmt":"2021-12-05T01:29:37","guid":{"rendered":"https:\/\/stularplus.com\/st9500-plus-plastikowa-zszywarka-do-etykietowania-nowa\/"},"modified":"2025-12-20T10:38:06","modified_gmt":"2025-12-20T09:38:06","slug":"st9500-plus-plastikowa-zszywarka-do-etykietowania-nowa","status":"publish","type":"product","link":"https:\/\/stularplus.com\/pl\/st9500-plus-plastikowa-zszywarka-do-etykietowania-nowa\/","title":{"rendered":"ST9500 PLUS: Plastikowa zszywarka do etykietowania (nowa)"},"content":{"rendered":"<div class=\"text parbase\">\n<div class=\"rte-text-p rte-text-p-e5fc357e-ce4f-4d3f-9c78-9b3a52c53a68\">\n<p>Standard bran\u017cowy, system plastikowych zszywek Avery Dennison zosta\u0142 wprowadzony wiele lat temu jako model innowacji i jako\u015bci. Teraz, po latach po\u015bwi\u0119conych dalszemu doskonaleniu technologii, przenosimy nasze innowacje na wy\u017cszy poziom dzi\u0119ki <strong>systemowi plastikowych zszywek ST9500<\/strong>. <\/p>\n<p>Szybko\u015b\u0107 i elastyczno\u015b\u0107 zastosowania, wraz ze znaczn\u0105 efektywno\u015bci\u0105 kosztow\u0105, czyni\u0105 ten system niezb\u0119dnym dla producent\u00f3w chc\u0105cych odpowiedzie\u0107 na potrzeby sprzedawc\u00f3w i klient\u00f3w. To narz\u0119dzie do mocowania jest proste w \u0142adowaniu i \u0142atwo adaptuje si\u0119 do szerokiego zakresu zastosowa\u0144 i tkanin. <\/p>\n<p><strong>ST9500 zosta\u0142 zaprojektowany jako ma\u0142o wymagaj\u0105cy w obs\u0142udze<\/strong>, zapewniaj\u0105c jednocze\u015bnie szybkie, konsekwentne etykietowanie z mniejsz\u0105 liczb\u0105 op\u00f3\u017anie\u0144 w pracy. System ten jest znacznie \u0142atwiejszy w u\u017cyciu ni\u017c systemy ig\u0142a-ni\u0107 i automatycznie podaje elementy mocuj\u0105ce przez podw\u00f3jne ig\u0142y z ci\u0105g\u0142ej szpuli tysi\u0119cy element\u00f3w. ST9500 zawiera wysokiej jako\u015bci silnik i trwa\u0142e ig\u0142y, minimalizuj\u0105c wymagania serwisowe. Ta maszyna oferuje:  <\/p>\n<ul>\n<li>Programowalno\u015b\u0107 cykli (1,2,3\u202610 lub ci\u0105g\u0142y)<\/li>\n<li>Inteligentna technologia maszyny<\/li>\n<li>Konwerter zasilania umo\u017cliwia u\u017cycie przy 120v lub 220v<\/li>\n<li>Regulacja zmiennej pr\u0119dko\u015bci uruchamiania<\/li>\n<li>Zmienny rozstaw igie\u0142 (zakres 6,5mm \u2013 12,5mm)<\/li>\n<li>Bez sprz\u0119g\u0142a lub solenoidu<\/li>\n<li>System podawania bez regulacji<\/li>\n<\/ul>\n<p>Bardzo mocne elementy mocuj\u0105ce i mo\u017cliwo\u015bci zmiennego rozstawu igie\u0142 sprawiaj\u0105, \u017ce ST9500 jest idealny do etykietowania g\u0119stych materia\u0142\u00f3w i wykonywania popularnych zastosowa\u0144 jak whiskering denimu. Nawet smycze dla ps\u00f3w nie stanowi\u0105 problemu. Dodatkowo, jego elementy mocuj\u0105ce mog\u0105 by\u0107 formowane w dowolnym kolorze, aby pasowa\u0107 do ka\u017cdego zastosowania.  <\/p>\n<\/div>\n<\/div>\n","protected":false},"excerpt":{"rendered":"<p><b>NOWA plastikowa zszywarka ST9500<\/b> PLUS \u2013 idealna do etykietowania, parowania i whiskering. Plastikowa zszywka zawsze by\u0142a idealnym rozwi\u0105zaniem do <b>etykietowania spodni<\/b>, kurtek i bielizny; tworzenia efekt\u00f3w prania, jak w\u0105sy, w d\u017cinsach; i parowania skarpet do 1,5cm. Teraz dost\u0119pna jako NOWY model z dodatkowymi funkcjami.  <\/p>\n","protected":false},"featured_media":11824,"template":"","meta":[],"product_cat":[270],"product_tag":[],"_links":{"self":[{"href":"https:\/\/stularplus.com\/pl\/wp-json\/wp\/v2\/product\/11809"}],"collection":[{"href":"https:\/\/stularplus.com\/pl\/wp-json\/wp\/v2\/product"}],"about":[{"href":"https:\/\/stularplus.com\/pl\/wp-json\/wp\/v2\/types\/product"}],"wp:featuredmedia":[{"embeddable":true,"href":"https:\/\/stularplus.com\/pl\/wp-json\/wp\/v2\/media\/11824"}],"wp:attachment":[{"href":"https:\/\/stularplus.com\/pl\/wp-json\/wp\/v2\/media?parent=11809"}],"wp:term":[{"taxonomy":"product_cat","embeddable":true,"href":"https:\/\/stularplus.com\/pl\/wp-json\/wp\/v2\/product_cat?post=11809"},{"taxonomy":"product_tag","embeddable":true,"href":"https:\/\/stularplus.com\/pl\/wp-json\/wp\/v2\/product_tag?post=11809"}],"curies":[{"name":"wp","href":"https:\/\/api.w.org\/{rel}","templated":true}]}}