{"id":11883,"date":"2021-12-05T02:29:49","date_gmt":"2021-12-05T01:29:49","guid":{"rendered":"https:\/\/stularplus.com\/tagson-ps-1-lf-dluga-cienka-igla\/"},"modified":"2025-12-20T10:38:24","modified_gmt":"2025-12-20T09:38:24","slug":"tagson-ps-1-lf-dluga-cienka-igla","status":"publish","type":"product","link":"https:\/\/stularplus.com\/pl\/tagson-ps-1-lf-dluga-cienka-igla\/","title":{"rendered":"TAGSON PS-1\/LF (D\u0142uga cienka ig\u0142a)"},"content":{"rendered":"<p class=\"blue bold\"><strong>Maszyna do metkowania z D\u0141UG\u0104 CIENK\u0104 IG\u0141\u0104<\/strong><\/p>\n<p>Niezawodno\u015b\u0107, wydajno\u015b\u0107 i szybko\u015b\u0107 wraz z doskona\u0142\u0105 ergonomi\u0105 i precyzj\u0105 to g\u0142\u00f3wne cechy nowej pneumatycznej automatycznej przeno\u015bnej maszyny do metkowania. Dzi\u0119ki d\u0142ugiej cienkiej igle, PS-1\/LF jest niezast\u0105piona do metkowania lub pakowania najdelikatniejszych materia\u0142\u00f3w, takich jak skarpety czy r\u0119kawiczki, tekstylia z mikrofibry, r\u0119czniki i dywany. <\/p>\n<p><em>Bardzo cienka ig\u0142a nie pozostawia dziur w materiale. D\u0142ugo\u015b\u0107 ig\u0142y (28 mm) umo\u017cliwia pakowanie produkt\u00f3w o grubo\u015bci od 7 mm do 25 mm. <\/em><\/p>\n<p>Dzi\u0119ki kompaktowej konstrukcji i szybkiej aktywacji, przeno\u015bna automatyczna maszyna do metkowania PS-1\/LF mo\u017ce by\u0107 \u0142atwo zintegrowana z r\u00f3\u017cnymi liniami pakuj\u0105cymi. Idealna dla producent\u00f3w skarpet, r\u0119kawiczek i dywan\u00f3w, kt\u00f3rzy chc\u0105 upro\u015bci\u0107 proces pracy, zwi\u0119kszy\u0107 produktywno\u015b\u0107 i zmniejszy\u0107 koszty pakowania. <\/p>\n<p>Ka\u017cda maszyna jest wykonana z najwy\u017csz\u0105 precyzj\u0105 i dostosowana do wymaga\u0144 u\u017cytkownika ko\u0144cowego. Sercem maszyny jest <strong>nap\u0119dzany<\/strong> <strong>modu\u0142em Avery Dennison SPU<\/strong>, kt\u00f3ry zapewnia najwy\u017cszy standard jako\u015bci i niezawodno\u015bci przemys\u0142owej. Modu\u0142 g\u0142\u00f3wny mo\u017cna wymieni\u0107 na dowolny inny modu\u0142 Avery Dennison, co zapewnia maksymaln\u0105 wydajno\u015b\u0107. Podstawa maszyny jest starannie zaprojektowana z najlepszymi zaworami, prze\u0142\u0105cznikami, r\u0119cznie wykonan\u0105 osi\u0105, aluminiowym stela\u017cem, stojakiem i uchwytami PTFE.   <\/p>\n<div class=\"row product_specification_container product-padding\">\n<table class=\"specification-table\" width=\"572\">\n<tbody>\n<tr>\n<td>Zastosowanie do etykietowania:<\/td>\n<td>Tak<\/td>\n<\/tr>\n<tr>\n<td>Modu\u0142:<\/td>\n<td>Avery Dennison Swiftach SPU2M02<\/td>\n<\/tr>\n<tr>\n<td>Ci\u015bnienie robocze:<\/td>\n<td>Zasilanie powietrzem, 80 psi (6 bar)<\/td>\n<\/tr>\n<tr>\n<td>Ca\u0142kowita d\u0142ugo\u015b\u0107 ig\u0142y:<\/td>\n<td>40 mm<\/td>\n<\/tr>\n<tr>\n<td>D\u0142ugo\u015b\u0107 robocza:<\/td>\n<td>28 mm<\/td>\n<\/tr>\n<tr>\n<td>Zakres grubo\u015bci metkowania:<\/td>\n<td>7 mm \u2013 25 mm<\/td>\n<\/tr>\n<tr>\n<td>Typ szpilek\/\u0142\u0105cznik\u00f3w:<\/td>\n<td>Nylonowe \u0142\u0105czniki do delikatnych tkanin<\/td>\n<\/tr>\n<tr>\n<td>Maksymalna pr\u0119dko\u015b\u0107:<\/td>\n<td>2 sekundy\/cykl<\/td>\n<\/tr>\n<tr>\n<td>Regulacja wysoko\u015bci:<\/td>\n<td>Tak<\/td>\n<\/tr>\n<tr>\n<td>Znacznik laserowy:<\/td>\n<td>Opcjonalny<\/td>\n<\/tr>\n<tr>\n<td>Peda\u0142 no\u017cny:<\/td>\n<td>Opcjonalny<\/td>\n<\/tr>\n<tr>\n<td>Aplikacja haczyka J:<\/td>\n<td>Opcjonalnie<\/td>\n<\/tr>\n<tr>\n<td>Kompresja p\u0142yty ig\u0142y:<\/td>\n<td>Opcjonalna<\/td>\n<\/tr>\n<tr>\n<td>Wymiary maszyny:<\/td>\n<td>500 x 420 x 720 mm<\/td>\n<\/tr>\n<tr>\n<td>Wymiary opakowania:<\/td>\n<td>600 x 600 x 700 mm<\/td>\n<\/tr>\n<tr>\n<td>Waga:<\/td>\n<td>21 kg<\/td>\n<\/tr>\n<\/tbody>\n<\/table>\n<p><strong>Darmowe testowanie<\/strong><\/p>\n<\/div>\n<div class=\"row product_banners_container product-padding\">\n<div class=\"templatera_shortcode\">\n<section class=\"vc_section\">\n<div class=\"vc_row wpb_row vc_row-fluid two_column_banners vc_column-gap-35\">\n<div class=\"wpb_column vc_column_container vc_col-sm-6 vc_col-has-fill\">\n<div class=\"vc_column-inner vc_custom_1568291041704\">\n<div class=\"wpb_wrapper\">\n<div class=\"wpb_text_column wpb_content_element vc_custom_1575308221273 white\">\n<div class=\"wpb_wrapper\">\n<p>Je\u015bli chcesz otrzyma\u0107 darmow\u0105 pr\u00f3bk\u0119 swojego produktu zapakowanego naszymi maszynami, skontaktuj si\u0119 z nami, a przygotujemy bezp\u0142atn\u0105 prezentacj\u0119. Pozw\u00f3l naszym in\u017cynierom przeprowadzi\u0107 Ci\u0119 przez proces darmowego testowania. <\/p>\n<\/div>\n<\/div>\n<\/div>\n<\/div>\n<\/div>\n<\/div>\n<\/section>\n<\/div>\n<\/div>\n<p>Wi\u0119cej informacji technicznych znajdziesz na oficjalnej stronie TAGSON: https:\/\/tagson.eu\/products\/ps-1-lf\/<\/p>\n","protected":false},"excerpt":{"rendered":"<p>Pneumatyczna automatyczna przeno\u015bna maszyna do metkowania nap\u0119dzana modu\u0142em Avery Dennison SPU. Pakuje produkty o grubo\u015bci<g id=\"gid_0\"> od 7 mm do 25 mm<\/g>. Idealna do metkowania skarpet, r\u0119kawiczek, r\u0119cznik\u00f3w i innych tekstyli\u00f3w.   <strong>Zaprojektowano i wyprodukowano w UE.<\/strong><\/p>\n","protected":false},"featured_media":11889,"template":"","meta":[],"product_cat":[270],"product_tag":[],"_links":{"self":[{"href":"https:\/\/stularplus.com\/pl\/wp-json\/wp\/v2\/product\/11883"}],"collection":[{"href":"https:\/\/stularplus.com\/pl\/wp-json\/wp\/v2\/product"}],"about":[{"href":"https:\/\/stularplus.com\/pl\/wp-json\/wp\/v2\/types\/product"}],"wp:featuredmedia":[{"embeddable":true,"href":"https:\/\/stularplus.com\/pl\/wp-json\/wp\/v2\/media\/11889"}],"wp:attachment":[{"href":"https:\/\/stularplus.com\/pl\/wp-json\/wp\/v2\/media?parent=11883"}],"wp:term":[{"taxonomy":"product_cat","embeddable":true,"href":"https:\/\/stularplus.com\/pl\/wp-json\/wp\/v2\/product_cat?post=11883"},{"taxonomy":"product_tag","embeddable":true,"href":"https:\/\/stularplus.com\/pl\/wp-json\/wp\/v2\/product_tag?post=11883"}],"curies":[{"name":"wp","href":"https:\/\/api.w.org\/{rel}","templated":true}]}}