{"id":12028,"date":"2025-10-09T11:08:46","date_gmt":"2025-10-09T09:08:46","guid":{"rendered":"https:\/\/stularplus.com\/tagson-astrid-maszyna-do-etykietowania-odziezy\/"},"modified":"2025-12-20T10:40:18","modified_gmt":"2025-12-20T09:40:18","slug":"tagson-astrid-maszyna-do-etykietowania-odziezy","status":"publish","type":"product","link":"https:\/\/stularplus.com\/pl\/tagson-astrid-maszyna-do-etykietowania-odziezy\/","title":{"rendered":"TAGSON Astrid (maszyna do etykietowania odzie\u017cy)"},"content":{"rendered":"<h4><strong>Nak\u0142adaj etykiety na odzie\u017c za pomoc\u0105 zapinki w ci\u0105gu sekundy. Zwi\u0119ksz produktywno\u015b\u0107 o 80% <\/strong><\/h4>\n<p>Ma\u0142a maszyna, kt\u00f3ra pasuje do ka\u017cdej produkcji odzie\u017cy.<\/p>\n<p>Zobacz film prezentacyjny <a href=\"https:\/\/www.youtube.com\/watch?v=FqRdt9tcRrY\" target=\"_blank\" rel=\"noopener\">tutaj<\/a>.<\/p>\n<p>Niezawodno\u015b\u0107, produktywno\u015b\u0107, szybko\u015b\u0107, ergonomia i precyzja to g\u0142\u00f3wne cechy nowej pneumatycznej zautomatyzowanej przeno\u015bnej maszyny do etykietowania. ASTRID to lekkie, przeno\u015bne rozwi\u0105zanie do etykietowania typu plug-and-play, odpowiednie dla ka\u017cdej linii produkcyjnej odzie\u017cy lub \u015brodowiska detalicznego. Zaprojektowana z my\u015bl\u0105 o wydajno\u015bci, \u0142atwo\u015bci u\u017cytkowania i wszechstronno\u015bci, usprawnia proces etykietowania odzie\u017cy, zwi\u0119kszaj\u0105c produktywno\u015b\u0107 i jako\u015b\u0107.  <\/p>\n<p><strong>Do etykietowania najdelikatniejszych materia\u0142\u00f3w po bardzo grube p\u0142aszcze itp. z precyzj\u0105 w ci\u0105gu sekundy.<\/strong><\/p>\n<p>Dzi\u0119ki kompaktowej konstrukcji i szybkiej aktywacji, przeno\u015bna zautomatyzowana maszyna do etykietowania ASTRID mo\u017ce by\u0107 \u0142atwo zintegrowana z wszelkiego rodzaju liniami odzie\u017cowymi. <strong>Zaprojektowana dla ka\u017cdej linii produkcyjnej lub \u015brodowiska detalicznego, kt\u00f3re chc\u0105 upro\u015bci\u0107 sw\u00f3j przep\u0142yw pracy, zwi\u0119kszy\u0107 produktywno\u015b\u0107 i zmniejszy\u0107 koszty pakowania.<\/strong><\/p>\n<p>Ka\u017cda maszyna jest wykonana z najwy\u017csz\u0105 precyzj\u0105 i dostosowana do wymaga\u0144 u\u017cytkownika ko\u0144cowego. Sercem maszyny jest <strong>nap\u0119dzany<\/strong> <strong>modu\u0142em Avery Dennison SPU<\/strong>, kt\u00f3ry zapewnia najwy\u017cszy standard jako\u015bci i niezawodno\u015bci przemys\u0142owej. Modu\u0142 g\u0142\u00f3wny mo\u017cna wymieni\u0107 na dowolny inny modu\u0142 Avery Dennison, co zapewnia maksymaln\u0105 wydajno\u015b\u0107. Podstawa maszyny jest starannie zaprojektowana z najlepszymi zaworami, prze\u0142\u0105cznikami, r\u0119cznie wykonan\u0105 osi\u0105, aluminiowym stela\u017cem, stojakiem i uchwytami PTFE.   <\/p>\n<p><em>Bardzo cienka ig\u0142a nie pozostawia dziur w materiale. D\u0142ugo\u015b\u0107 ig\u0142y (40 mm) daje mo\u017cliwo\u015b\u0107 pakowania produkt\u00f3w o grubo\u015bci od 1 mm do 30 mm. <\/em><\/p>\n<p>Dzi\u0119ki kompaktowej konstrukcji i szybkiej aktywacji, przeno\u015bna zautomatyzowana maszyna do etykietowania MINI STAR mo\u017ce by\u0107 \u0142atwo zintegrowana z wszelkiego rodzaju liniami pakuj\u0105cymi. Odpowiednia dla wszystkich producent\u00f3w skarpet, r\u0119kawiczek, dywan\u00f3w, kt\u00f3rzy chc\u0105 upro\u015bci\u0107 sw\u00f3j przep\u0142yw pracy, zwi\u0119kszy\u0107 produktywno\u015b\u0107 i zmniejszy\u0107 koszty pakowania. <\/p>\n<table class=\"specification-table\" width=\"572\">\n<tbody>\n<tr>\n<td>Zastosowanie do etykietowania:<\/td>\n<td>Tak<\/td>\n<\/tr>\n<tr>\n<td>Modu\u0142:<\/td>\n<td>Avery Dennison Swiftach SPU2M02<\/td>\n<\/tr>\n<tr>\n<td>Ci\u015bnienie robocze:<\/td>\n<td>Zasilanie powietrzem, 80 psi (6 bar)<\/td>\n<\/tr>\n<tr>\n<td>Ca\u0142kowita d\u0142ugo\u015b\u0107 ig\u0142y:<\/td>\n<td>40 mm<\/td>\n<\/tr>\n<tr>\n<td>Efektywna d\u0142ugo\u015b\u0107:<\/td>\n<td>30 mm<\/td>\n<\/tr>\n<tr>\n<td>Zakres grubo\u015bci etykietowania:<\/td>\n<td>1 mm \u2013 30 mm<\/td>\n<\/tr>\n<tr>\n<td>Typ szpilek\/\u0142\u0105cznik\u00f3w:<\/td>\n<td>Nylonowe \u0142\u0105czniki do delikatnych tkanin<\/td>\n<\/tr>\n<tr>\n<td>Maksymalna pr\u0119dko\u015b\u0107:<\/td>\n<td>1,5 sekundy\/cykl<\/td>\n<\/tr>\n<tr>\n<td>Regulacja wysoko\u015bci:<\/td>\n<td>Nie<\/td>\n<\/tr>\n<tr>\n<td>Znacznik laserowy:<\/td>\n<td>Tak<\/td>\n<\/tr>\n<tr>\n<td>Dwa prze\u0142\u0105czniki bezpiecze\u0144stwa:<\/td>\n<td>Opcjonalnie<\/td>\n<\/tr>\n<tr>\n<td>Aplikacja J HOOK:<\/td>\n<td>Nie<\/td>\n<\/tr>\n<tr>\n<td>Docisk p\u0142ytki ig\u0142owej:<\/td>\n<td>Nie<\/td>\n<\/tr>\n<tr>\n<td>Wymiary maszyny:<\/td>\n<td>240 x 400 x 380 mm<\/td>\n<\/tr>\n<tr>\n<td>Wymiary opakowania:<\/td>\n<td>\/<\/td>\n<\/tr>\n<tr>\n<td>Waga<\/td>\n<td>8,0 kg<\/td>\n<\/tr>\n<\/tbody>\n<\/table>\n<div class=\"wpb_text_column wpb_content_element vc_custom_1574181509010 blue\">\n<div class=\"wpb_wrapper\">\n<p><strong>Darmowe testowanie<\/strong><\/p>\n<\/div>\n<\/div>\n<div class=\"wpb_text_column wpb_content_element vc_custom_1575308221273 white\">\n<div class=\"wpb_wrapper\">\n<p>Je\u015bli chcesz otrzyma\u0107 darmow\u0105 pr\u00f3bk\u0119 swojego produktu zapakowanego naszymi maszynami, skontaktuj si\u0119 z nami, a przygotujemy bezp\u0142atn\u0105 prezentacj\u0119. Pozw\u00f3l naszym in\u017cynierom przeprowadzi\u0107 Ci\u0119 przez proces darmowego testowania. <\/p>\n<\/div>\n<\/div>\n<p>Wi\u0119cej informacji technicznych znajdziesz na oficjalnej stronie TAGSON: https:\/\/tagson.eu\/products\/astrid\/<\/p>\n","protected":false},"excerpt":{"rendered":"<p><strong>Kompaktowa i lekka<\/strong> pneumatyczna zautomatyzowana przeno\u015bna maszyna do etykietowania dla wszystkich rodzaj\u00f3w przemys\u0142u odzie\u017cowego. <strong>Najszybszy spos\u00f3b na efektywne i dok\u0142adne etykietowanie tekstyli\u00f3w.<\/strong> Ma\u0142a maszyna, kt\u00f3ra pasuje do ka\u017cdej produkcji odzie\u017cy i zast\u0119puje wolne r\u0119czne narz\u0119dzia do etykietowania &#8222;kimble&#8221;, zwi\u0119ksza produktywno\u015b\u0107, bezpiecze\u0144stwo i pasuje do ka\u017cdej linii produkcyjnej lub \u015brodowiska detalicznego.<\/p>\n","protected":false},"featured_media":12035,"template":"","meta":[],"product_cat":[270],"product_tag":[],"_links":{"self":[{"href":"https:\/\/stularplus.com\/pl\/wp-json\/wp\/v2\/product\/12028"}],"collection":[{"href":"https:\/\/stularplus.com\/pl\/wp-json\/wp\/v2\/product"}],"about":[{"href":"https:\/\/stularplus.com\/pl\/wp-json\/wp\/v2\/types\/product"}],"wp:featuredmedia":[{"embeddable":true,"href":"https:\/\/stularplus.com\/pl\/wp-json\/wp\/v2\/media\/12035"}],"wp:attachment":[{"href":"https:\/\/stularplus.com\/pl\/wp-json\/wp\/v2\/media?parent=12028"}],"wp:term":[{"taxonomy":"product_cat","embeddable":true,"href":"https:\/\/stularplus.com\/pl\/wp-json\/wp\/v2\/product_cat?post=12028"},{"taxonomy":"product_tag","embeddable":true,"href":"https:\/\/stularplus.com\/pl\/wp-json\/wp\/v2\/product_tag?post=12028"}],"curies":[{"name":"wp","href":"https:\/\/api.w.org\/{rel}","templated":true}]}}