{"id":12128,"date":"2021-12-05T02:29:41","date_gmt":"2021-12-05T01:29:41","guid":{"rendered":"https:\/\/stularplus.com\/opaska-zaciskowa-370-x-48-mm-czarna-100\/"},"modified":"2025-12-20T22:38:02","modified_gmt":"2025-12-20T21:38:02","slug":"opaska-zaciskowa-370-x-48-mm-czarna-100","status":"publish","type":"product","link":"https:\/\/stularplus.com\/pl\/opaska-zaciskowa-370-x-48-mm-czarna-100\/","title":{"rendered":"Opaska zaciskowa 370 x 4,8 mm czarna (100)"},"content":{"rendered":"<p><strong>Opaska zaciskowa Avery Dennison<\/strong> 370 x 4,8 mm CZARNA. Jedno opakowanie zawiera 100 <strong>opasek<\/strong> <strong>zaciskowych<\/strong>. (1 szt. = 100 sztuk)  <\/p>\n<p><strong>Opaski zaciskowe<\/strong> s\u0105 wykorzystywane w r\u00f3\u017cnych <strong>zastosowaniach w wielu bran\u017cach<\/strong> &#8211; <strong>elektrycznej<\/strong>, <strong>elektronicznej<\/strong>, telekomunikacyjnej, transportowej, CATV (telewizja kablowa), HVAC (ogrzewanie, wentylacja i klimatyzacja), <strong>opakowaniowej<\/strong>, detalicznej, ga\u015bnic, napoj\u00f3w i wielu innych.<\/p>\n<p>Cena za opakowanie 100 szt.<\/p>\n<p>D\u0142ugo\u015b\u0107: 370 mm<br \/>\nSzeroko\u015b\u0107: 4,8 mm<\/p>\n","protected":false},"excerpt":{"rendered":"<p><b>Opaska zaciskowa 370 x 4,8 mm CZARNA<\/b>. Wysokiej jako\u015bci opaski zaciskowe produkowane przez Avery Dennison. <\/p>\n<p>Cena za opakowanie 100 szt.<\/p>\n","protected":false},"featured_media":12129,"template":"","meta":[],"product_cat":[298],"product_tag":[],"_links":{"self":[{"href":"https:\/\/stularplus.com\/pl\/wp-json\/wp\/v2\/product\/12128"}],"collection":[{"href":"https:\/\/stularplus.com\/pl\/wp-json\/wp\/v2\/product"}],"about":[{"href":"https:\/\/stularplus.com\/pl\/wp-json\/wp\/v2\/types\/product"}],"wp:featuredmedia":[{"embeddable":true,"href":"https:\/\/stularplus.com\/pl\/wp-json\/wp\/v2\/media\/12129"}],"wp:attachment":[{"href":"https:\/\/stularplus.com\/pl\/wp-json\/wp\/v2\/media?parent=12128"}],"wp:term":[{"taxonomy":"product_cat","embeddable":true,"href":"https:\/\/stularplus.com\/pl\/wp-json\/wp\/v2\/product_cat?post=12128"},{"taxonomy":"product_tag","embeddable":true,"href":"https:\/\/stularplus.com\/pl\/wp-json\/wp\/v2\/product_tag?post=12128"}],"curies":[{"name":"wp","href":"https:\/\/api.w.org\/{rel}","templated":true}]}}