{"id":12132,"date":"2021-12-05T02:29:41","date_gmt":"2021-12-05T01:29:41","guid":{"rendered":"https:\/\/stularplus.com\/opaska-zaciskowa-370-x-76-mm-100-szt\/"},"modified":"2025-12-20T22:38:15","modified_gmt":"2025-12-20T21:38:15","slug":"opaska-zaciskowa-370-x-76-mm-100-szt","status":"publish","type":"product","link":"https:\/\/stularplus.com\/pl\/opaska-zaciskowa-370-x-76-mm-100-szt\/","title":{"rendered":"Opaska zaciskowa 370 X 7,6 mm (100 szt.)"},"content":{"rendered":"<div class=\"elementor-element elementor-element-219ff3a elementor-widget elementor-widget-woocommerce-product-content\" data-id=\"219ff3a\" data-element_type=\"widget\" data-widget_type=\"woocommerce-product-content.default\">\n<div class=\"elementor-widget-container\">\n<div class=\"elementor-element elementor-element-219ff3a elementor-widget elementor-widget-woocommerce-product-content\" data-id=\"219ff3a\" data-element_type=\"widget\" data-widget_type=\"woocommerce-product-content.default\">\n<div class=\"elementor-widget-container\">\n<p><strong>Opaska zaciskowa Avery Dennison<\/strong> 370 X 7,6 mm. Jedna torba zawiera <strong>100 opasek zaciskowych<\/strong>. (1 szt. = 100 szt.)  <\/p>\n<p><strong>Opaski zaciskowe<\/strong> s\u0105 u\u017cywane w r\u00f3\u017cnych <strong>zastosowaniach w wielu bran\u017cach<\/strong> &#8211; <strong>elektrycznej<\/strong>, elektronicznej, telekomunikacyjnej, transportowej, CATV (telewizja kablowa), HVAC (ogrzewanie, wentylacja i klimatyzacja), opakowaniowej, handlu detalicznego, ga\u015bnic, <strong>napoj\u00f3w<\/strong> i wielu innych.<\/p>\n<p>Cena za opakowanie 100 sztuk.<\/p>\n<p>D\u0142ugo\u015b\u0107: 370 mm<br \/>\nSzeroko\u015b\u0107: 7,6 mm<\/p>\n<\/div>\n<\/div>\n<\/div>\n<\/div>\n<p>&nbsp;<\/p>\n","protected":false},"excerpt":{"rendered":"<p><b>Opaska zaciskowa 370 x 7,6 mm<\/b>. Wysokiej jako\u015bci opaski zaciskowe wyprodukowane przez Avery Dennison. <\/p>\n<p>Cena za opakowanie 100 sztuk.<\/p>\n","protected":false},"featured_media":12133,"template":"","meta":[],"product_cat":[298],"product_tag":[],"_links":{"self":[{"href":"https:\/\/stularplus.com\/pl\/wp-json\/wp\/v2\/product\/12132"}],"collection":[{"href":"https:\/\/stularplus.com\/pl\/wp-json\/wp\/v2\/product"}],"about":[{"href":"https:\/\/stularplus.com\/pl\/wp-json\/wp\/v2\/types\/product"}],"wp:featuredmedia":[{"embeddable":true,"href":"https:\/\/stularplus.com\/pl\/wp-json\/wp\/v2\/media\/12133"}],"wp:attachment":[{"href":"https:\/\/stularplus.com\/pl\/wp-json\/wp\/v2\/media?parent=12132"}],"wp:term":[{"taxonomy":"product_cat","embeddable":true,"href":"https:\/\/stularplus.com\/pl\/wp-json\/wp\/v2\/product_cat?post=12132"},{"taxonomy":"product_tag","embeddable":true,"href":"https:\/\/stularplus.com\/pl\/wp-json\/wp\/v2\/product_tag?post=12132"}],"curies":[{"name":"wp","href":"https:\/\/api.w.org\/{rel}","templated":true}]}}