{"id":12150,"date":"2021-12-05T02:29:40","date_gmt":"2021-12-05T01:29:40","guid":{"rendered":"https:\/\/stularplus.com\/opaska-kablowa-czarna-300-x-36-mm-100-szt\/"},"modified":"2025-12-20T22:38:43","modified_gmt":"2025-12-20T21:38:43","slug":"opaska-kablowa-czarna-300-x-36-mm-100-szt","status":"publish","type":"product","link":"https:\/\/stularplus.com\/pl\/opaska-kablowa-czarna-300-x-36-mm-100-szt\/","title":{"rendered":"Opaska kablowa czarna 300 x 3,6 mm (100 szt.)"},"content":{"rendered":"<p><strong>Opaska kablowa Avery Dennison<\/strong> 300 x 3,6 mm CZARNA. Jedno opakowanie zawiera <g id=\"gid_1\">100 opasek kablowych<\/g>. (1 szt. = 100 sztuk)  <\/p>\n<p><strong>Opaski kablowe<\/strong> s\u0105 stosowane w r\u00f3\u017cnych zastosowaniach w wielu bran\u017cach &#8211; elektrycznej, elektronicznej, telekomunikacyjnej, transportowej, CATV (telewizja kablowa), HVAC (ogrzewanie, wentylacja i klimatyzacja), <strong>pakowanie<\/strong>, handel detaliczny, <strong>ga\u015bnice<\/strong>, napoje i wiele innych.<\/p>\n<p>Cena za opakowanie 100 sztuk.<\/p>\n<p>D\u0142ugo\u015b\u0107: 300 mm<br \/>\nSzeroko\u015b\u0107: 3,6 mm<\/p>\n","protected":false},"excerpt":{"rendered":"<p><b>Opaska kablowa 300 x 3,6 mm CZARNA<\/b>. Wysokiej jako\u015bci opaski kablowe produkowane przez Avery Dennison. <\/p>\n<p>Cena za opakowanie 100 sztuk.<\/p>\n","protected":false},"featured_media":12151,"template":"","meta":[],"product_cat":[298],"product_tag":[],"_links":{"self":[{"href":"https:\/\/stularplus.com\/pl\/wp-json\/wp\/v2\/product\/12150"}],"collection":[{"href":"https:\/\/stularplus.com\/pl\/wp-json\/wp\/v2\/product"}],"about":[{"href":"https:\/\/stularplus.com\/pl\/wp-json\/wp\/v2\/types\/product"}],"wp:featuredmedia":[{"embeddable":true,"href":"https:\/\/stularplus.com\/pl\/wp-json\/wp\/v2\/media\/12151"}],"wp:attachment":[{"href":"https:\/\/stularplus.com\/pl\/wp-json\/wp\/v2\/media?parent=12150"}],"wp:term":[{"taxonomy":"product_cat","embeddable":true,"href":"https:\/\/stularplus.com\/pl\/wp-json\/wp\/v2\/product_cat?post=12150"},{"taxonomy":"product_tag","embeddable":true,"href":"https:\/\/stularplus.com\/pl\/wp-json\/wp\/v2\/product_tag?post=12150"}],"curies":[{"name":"wp","href":"https:\/\/api.w.org\/{rel}","templated":true}]}}