{"id":12166,"date":"2021-12-05T02:29:37","date_gmt":"2021-12-05T01:29:37","guid":{"rendered":"https:\/\/stularplus.com\/nici-3kg-20-4-15000-m\/"},"modified":"2025-12-20T22:39:10","modified_gmt":"2025-12-20T21:39:10","slug":"nici-3kg-20-4-15000-m","status":"publish","type":"product","link":"https:\/\/stularplus.com\/pl\/nici-3kg-20-4-15000-m\/","title":{"rendered":"Nici 3kg 20\/4 (15000 m)"},"content":{"rendered":"<div class=\"elementor-element elementor-element-219ff3a elementor-widget elementor-widget-woocommerce-product-content\" data-id=\"219ff3a\" data-element_type=\"widget\" data-widget_type=\"woocommerce-product-content.default\">\n<div class=\"elementor-widget-container\">\n<div class=\"elementor-element elementor-element-93a7a1e elementor-widget elementor-widget-woocommerce-product-content\" data-id=\"93a7a1e\" data-element_type=\"widget\" data-widget_type=\"woocommerce-product-content.default\">\n<div class=\"elementor-widget-container\">\n<p><span dir=\"ltr\" role=\"presentation\">Ni\u0107 szwalnicza Fischbein to produkt wysokiej jako\u015bci, <\/span><span dir=\"ltr\" role=\"presentation\">precyzyjnie wyprodukowany, aby wyeliminowa\u0107 <\/span><span dir=\"ltr\" role=\"presentation\">przestoje spowodowane przez mieszanki niskiej jako\u015bci <\/span><span dir=\"ltr\" role=\"presentation\">wykonane w niestaranny spos\u00f3b. <\/span><span dir=\"ltr\" role=\"presentation\">Charakteryzuje si\u0119 zwi\u0119kszon\u0105 wytrzyma\u0142o\u015bci\u0105 na rozci\u0105ganie oraz <\/span><span dir=\"ltr\" role=\"presentation\">liniow\u0105 jednorodno\u015bci\u0105, kt\u00f3re gwarantuj\u0105 p\u0142ynny <\/span><span dir=\"ltr\" role=\"presentation\">proces szycia nawet przy wysokich pr\u0119dko\u015bciach i <\/span><span dir=\"ltr\" role=\"presentation\">zapewniaj\u0105 mocne zamkni\u0119cie work\u00f3w.<\/span><\/p>\n<p><span dir=\"ltr\" role=\"presentation\">\u2022<\/span> <span dir=\"ltr\" role=\"presentation\">Szpule: 3kg<br \/>\n<\/span><\/p>\n<p><span dir=\"ltr\" role=\"presentation\">\u2022<\/span> <span dir=\"ltr\" role=\"presentation\">Wyb\u00f3r kolor\u00f3w. Tak\u017ce nici dwukolorowe  <\/span><span dir=\"ltr\" role=\"presentation\">ni\u0107<\/span><\/p>\n<p><span dir=\"ltr\" role=\"presentation\">\u2022<\/span> <span dir=\"ltr\" role=\"presentation\">Ka\u017cdy sto\u017cek jest indywidualnie zapakowany w <\/span><span dir=\"ltr\" role=\"presentation\">ochronn\u0105 foli\u0119 z oznaczeniem <\/span><span dir=\"ltr\" role=\"presentation\">Fischbein<\/span><\/p>\n<p><span dir=\"ltr\" role=\"presentation\">\u2022<\/span> <span dir=\"ltr\" role=\"presentation\">Dopuszczone do kontaktu z \u017cywno\u015bci\u0105 (certyfikat)<\/span><\/p>\n<p>Zmaksymalizuj wydajno\u015b\u0107 swojego sprz\u0119tu do szycia work\u00f3w dzi\u0119ki oryginalnym niciom marki Fischbein. Materia\u0142y eksploatacyjne Fischbein s\u0105 specjalnie zaprojektowane i wykonane, aby zwi\u0119kszy\u0107 wydajno\u015b\u0107 i \u017cywotno\u015b\u0107 urz\u0105dze\u0144 do szycia work\u00f3w. Od przeno\u015bnych zszywarek r\u0119cznych po w pe\u0142ni zintegrowane systemy szycia work\u00f3w \u2013 materia\u0142y eksploatacyjne Fischbein to doskona\u0142y wyb\u00f3r.  <\/p>\n<p>Do wszystkich typ\u00f3w maszyn do szycia work\u00f3w.<\/p>\n<\/div>\n<\/div>\n<\/div>\n<\/div>\n","protected":false},"excerpt":{"rendered":"<p>Nici do maszyn do zaszywania work\u00f3w &#8211; 3kg lub 15000 m, bia\u0142e. JAKO\u015a\u0106 PREMIUM. <\/p>\n","protected":false},"featured_media":12167,"template":"","meta":[],"product_cat":[301],"product_tag":[],"_links":{"self":[{"href":"https:\/\/stularplus.com\/pl\/wp-json\/wp\/v2\/product\/12166"}],"collection":[{"href":"https:\/\/stularplus.com\/pl\/wp-json\/wp\/v2\/product"}],"about":[{"href":"https:\/\/stularplus.com\/pl\/wp-json\/wp\/v2\/types\/product"}],"wp:featuredmedia":[{"embeddable":true,"href":"https:\/\/stularplus.com\/pl\/wp-json\/wp\/v2\/media\/12167"}],"wp:attachment":[{"href":"https:\/\/stularplus.com\/pl\/wp-json\/wp\/v2\/media?parent=12166"}],"wp:term":[{"taxonomy":"product_cat","embeddable":true,"href":"https:\/\/stularplus.com\/pl\/wp-json\/wp\/v2\/product_cat?post=12166"},{"taxonomy":"product_tag","embeddable":true,"href":"https:\/\/stularplus.com\/pl\/wp-json\/wp\/v2\/product_tag?post=12166"}],"curies":[{"name":"wp","href":"https:\/\/api.w.org\/{rel}","templated":true}]}}