{"id":12186,"date":"2021-12-05T02:29:36","date_gmt":"2021-12-05T01:29:36","guid":{"rendered":"https:\/\/stularplus.com\/modul-z-dluga-igla-do-delikatnych-tkanin-przemyslowych\/"},"modified":"2025-12-20T22:39:52","modified_gmt":"2025-12-20T21:39:52","slug":"modul-z-dluga-igla-do-delikatnych-tkanin-przemyslowych","status":"publish","type":"product","link":"https:\/\/stularplus.com\/pl\/modul-z-dluga-igla-do-delikatnych-tkanin-przemyslowych\/","title":{"rendered":"Modu\u0142 z d\u0142ug\u0105 ig\u0142\u0105 do delikatnych tkanin przemys\u0142owych"},"content":{"rendered":"<div class=\"elementor-element elementor-element-219ff3a elementor-widget elementor-widget-woocommerce-product-content\" data-id=\"219ff3a\" data-element_type=\"widget\" data-widget_type=\"woocommerce-product-content.default\">\n<div class=\"elementor-widget-container\">\n<p class=\"blue bold\"><strong>Modu\u0142 z d\u0142ug\u0105 ig\u0142\u0105 40 mm do delikatnych tkanin przemys\u0142owych<\/strong><\/p>\n<p>Modu\u0142y  <strong>SPU<\/strong> s\u0105 wysokiej jako\u015bci, wytrzyma\u0142e do zastosowa\u0144 przemys\u0142owych. Ka\u017cdy modu\u0142 jest zaprojektowany zgodnie z wymiarami okre\u015blonej grupy \u0142\u0105cznik\u00f3w i <em>d\u0142ugo\u015bci ig\u0142y.<\/em> <\/p>\n<p><em>Pneumatyczne narz\u0119dzie SPU Industrial FINE Long E-Rod do d\u0142ugiej ig\u0142y. U\u017cycie pneumatycznej jednostki Swiftach Power zamiast narz\u0119dzia r\u0119cznego podczas etykietowania lub pakowania znacznie zwi\u0119ksza produktywno\u015b\u0107.  Najwy\u017csza jako\u015b\u0107 z USA utrzymuje Twoj\u0105 produkcj\u0119 na wysokich obrotach. Ten modu\u0142 mo\u017cna zainstalowa\u0107 na TAGSON PS-1 lub innych jednostkach bazowych. <\/em><\/p>\n<p>U\u017cycie pneumatycznej <strong>jednostki Swiftach Power<\/strong> zamiast narz\u0119dzia r\u0119cznego (pistoletu etykietuj\u0105cego) podczas <strong>etykietowania<\/strong> lub <strong>pakowania<\/strong> znacznie zwi\u0119ksza produktywno\u015b\u0107. Przy standardowych konfiguracjach operator b\u0119dzie m\u00f3g\u0142 u\u017cywa\u0107 obu r\u0105k do obs\u0142ugi produktu i <g id=\"gid_3\">etykiet<\/g> oraz aplikowa\u0107 <g id=\"gid_4\">\u0142\u0105cznik<\/g> naciskaj\u0105c przycisk lub prze\u0142\u0105cznik no\u017cny. Dla dalszego zwi\u0119kszenia produktywno\u015bci, maszyny mog\u0105 pom\u00f3c w kompresji materia\u0142\u00f3w i mog\u0105 nawet zosta\u0107 zintegrowane z systemami zautomatyzowanymi.  <\/p>\n<h4><strong>Modu\u0142 z d\u0142ug\u0105 ig\u0142\u0105 do delikatnych tkanin przemys\u0142owych<\/strong><\/h4>\n<p>Ten modu\u0142 b\u0119dzie podawa\u0107 dowolny <strong>\u0142\u0105cznik do delikatnych tkanin<\/strong> o d\u0142ugo\u015bci w\u0142\u00f3kna 9 mm lub wi\u0119cej i u\u017cywa tylko ig\u0142y 05018. To narz\u0119dzie jest u\u017cywane do delikatnych materia\u0142\u00f3w. B\u0119dzie podawa\u0107 <strong>\u0142\u0105czniki FINE<\/strong> o d\u0142ugo\u015bci w\u0142\u00f3kna od 7 mm do 50 mm.  <\/p>\n<\/div>\n<\/div>\n<table class=\"specification-table\" width=\"572\">\n<tbody>\n<tr>\n<td>Zastosowanie do etykietowania:<\/td>\n<td>Tak<\/td>\n<\/tr>\n<tr>\n<td>Modu\u0142:<\/td>\n<td>Avery Dennison Swiftach SPU2M02<\/td>\n<\/tr>\n<tr>\n<td>Ci\u015bnienie robocze:<\/td>\n<td>Zasilanie powietrzem, 80 psi (6 bar)<\/td>\n<\/tr>\n<tr>\n<td>Ca\u0142kowita d\u0142ugo\u015b\u0107 ig\u0142y:<\/td>\n<td>48,8 mm<\/td>\n<\/tr>\n<tr>\n<td>D\u0142ugo\u015b\u0107 efektywna:<\/td>\n<td>38 mm<\/td>\n<\/tr>\n<tr>\n<td>Zakres grubo\u015bci znakowania:<\/td>\n<td>7 mm \u2013 40 mm<\/td>\n<\/tr>\n<tr>\n<td>Typ szpilek\/\u0142\u0105cznik\u00f3w:<\/td>\n<td>Nylonowe \u0142\u0105czniki do delikatnych tkanin<\/td>\n<\/tr>\n<tr>\n<td>Maksymalna pr\u0119dko\u015b\u0107:<\/td>\n<td>2 sekundy\/cykl<\/td>\n<\/tr>\n<\/tbody>\n<\/table>\n<div class=\"wpb_text_column wpb_content_element vc_custom_1574181509010 blue\">\n<div class=\"wpb_wrapper\">\n<p><strong>Darmowe testowanie<\/strong><\/p>\n<\/div>\n<\/div>\n<div class=\"wpb_text_column wpb_content_element vc_custom_1575308221273 white\">\n<div class=\"wpb_wrapper\">\n<p>Je\u015bli chcesz otrzyma\u0107 darmow\u0105 pr\u00f3bk\u0119 swojego produktu zapakowanego naszymi maszynami, skontaktuj si\u0119 z nami, a przygotujemy bezp\u0142atn\u0105 prezentacj\u0119. Pozw\u00f3l naszym in\u017cynierom przeprowadzi\u0107 Ci\u0119 przez proces darmowego testowania. <\/p>\n<\/div>\n<\/div>\n","protected":false},"excerpt":{"rendered":"<p class=\"blue bold\"><strong>Modu\u0142 z d\u0142ug\u0105 ig\u0142\u0105 40 mm do delikatnych tkanin przemys\u0142owych.<\/strong> Pneumatyczny automatyczny modu\u0142 etykietuj\u0105cy. Znakuje produkty o grubo\u015bci od <strong>7 mm do 25 mm<\/strong>.  Idealny do znakowania skarpet, r\u0119kawiczek, r\u0119cznik\u00f3w i innych tekstyli\u00f3w.<\/p>\n","protected":false},"featured_media":12187,"template":"","meta":[],"product_cat":[272],"product_tag":[],"_links":{"self":[{"href":"https:\/\/stularplus.com\/pl\/wp-json\/wp\/v2\/product\/12186"}],"collection":[{"href":"https:\/\/stularplus.com\/pl\/wp-json\/wp\/v2\/product"}],"about":[{"href":"https:\/\/stularplus.com\/pl\/wp-json\/wp\/v2\/types\/product"}],"wp:featuredmedia":[{"embeddable":true,"href":"https:\/\/stularplus.com\/pl\/wp-json\/wp\/v2\/media\/12187"}],"wp:attachment":[{"href":"https:\/\/stularplus.com\/pl\/wp-json\/wp\/v2\/media?parent=12186"}],"wp:term":[{"taxonomy":"product_cat","embeddable":true,"href":"https:\/\/stularplus.com\/pl\/wp-json\/wp\/v2\/product_cat?post=12186"},{"taxonomy":"product_tag","embeddable":true,"href":"https:\/\/stularplus.com\/pl\/wp-json\/wp\/v2\/product_tag?post=12186"}],"curies":[{"name":"wp","href":"https:\/\/api.w.org\/{rel}","templated":true}]}}