{"id":12221,"date":"2021-12-05T02:29:33","date_gmt":"2021-12-05T01:29:33","guid":{"rendered":"https:\/\/stularplus.com\/zszywka-plastikowa-13-mm-czarna\/"},"modified":"2025-12-20T22:40:36","modified_gmt":"2025-12-20T21:40:36","slug":"zszywka-plastikowa-13-mm-czarna","status":"publish","type":"product","link":"https:\/\/stularplus.com\/pl\/zszywka-plastikowa-13-mm-czarna\/","title":{"rendered":"Zszywka plastikowa 13 mm czarna"},"content":{"rendered":"<div class=\"elementor-element elementor-element-219ff3a elementor-widget elementor-widget-woocommerce-product-content\" data-id=\"219ff3a\" data-element_type=\"widget\" data-widget_type=\"woocommerce-product-content.default\">\n<div class=\"elementor-widget-container\">\n<div class=\"elementor-element elementor-element-93a7a1e elementor-widget elementor-widget-woocommerce-product-content\" data-id=\"93a7a1e\" data-element_type=\"widget\" data-widget_type=\"woocommerce-product-content.default\">\n<div class=\"elementor-widget-container\">\n<p><strong>Zszywki plastikowe 13 mm<\/strong> jako elastyczne, plastikowe i niezwykle cienkie <strong>zszywki z ko\u0144c\u00f3wk\u0105 T.<\/strong><br \/>\nZszywki plastikowe stosowane w urz\u0105dzeniu ST9500 s\u0105 idealne do:<\/p>\n<p>\u2013 <strong>przetarcia<\/strong> na jeansach (produkcja denimu)<br \/>\n\u2013 <strong>Pakowanie<\/strong> skarpet (do 1,5 cm grubo\u015bci)<br \/>\n\u2013 Pakowanie toreb plastikowych<br \/>\n\u2013 <strong>Znakowanie<\/strong> produkt\u00f3w<\/p>\n<p><strong>Efekt prania na jeansach \u2013 przetarcia<\/strong><br \/>\nZa pomoc\u0105 urz\u0105dzenia ST9500 zszywki plastikowe mog\u0105 osi\u0105gn\u0105\u0107 efekt prania na jeansach. Niezb\u0119dne do produkcji i prania denimu. <\/p>\n<p><strong>Pakowanie skarpet<\/strong> (do grubo\u015bci 1,5 cm)<br \/>\nUrz\u0105dzenie mo\u017ce r\u00f3wnie\u017c pakowa\u0107 cienkie pary skarpet. Ig\u0142y s\u0105 bardzo cienkie i nie mog\u0105 uszkodzi\u0107 skarpet. Pakuj skarpety pojedyncz\u0105 lub podw\u00f3jn\u0105 ig\u0142\u0105. <g id=\"gid_2\">Elastyczna zszywka<\/g> to doskona\u0142a alternatywa dla zszycia skarpet maszyn\u0105 do szycia. Dzi\u0119ki elastycznym zszywkom klient \u0142atwo rozpakuje i nie uszkodzi skarpet.   <\/p>\n<p><strong>Alternatywa dla metalowych klips\u00f3w<\/strong><br \/>\nZszywki plastikowe to doskona\u0142a alternatywa dla metalowych zapi\u0119\u0107. Za pomoc\u0105 <g id=\"gid_2\">urz\u0105dzenia ST9500<\/g> mo\u017cna zapakowa\u0107 produkt w ma\u0142e torebki plastikowe i zamkn\u0105\u0107 je tektur\u0105 i zszywk\u0105. Bezpieczne, \u0142atwe, szybkie pakowanie.  <\/p>\n<p>Istniej\u0105 dwa r\u00f3\u017cne typy igie\u0142:<br \/>\ncienkie ig\u0142y, kt\u00f3re s\u0105 cz\u0119sto u\u017cywane do znakowania spodni i tworzenia efekt\u00f3w prania oraz ultra-cienkie ig\u0142y odpowiednie dla delikatnych tkanin (len, produkty we\u0142niane itp.).<\/p>\n<p><strong>W celu otrzymania bezp\u0142atnych pr\u00f3bek i prezentacji prosimy o kontakt.<\/strong><\/p>\n<p>Na szpuli znajduje si\u0119 25.000 zszywek.<br \/>\nWaga: 0,02 kg \/ tysi\u0105c<\/p>\n<\/div>\n<\/div>\n<\/div>\n<\/div>\n","protected":false},"excerpt":{"rendered":"<div class=\"elementor-element elementor-element-a63d67f elementor-widget elementor-widget-theme-post-excerpt\" data-id=\"a63d67f\" data-element_type=\"widget\" data-widget_type=\"theme-post-excerpt.default\">\n<div class=\"elementor-widget-container\"><strong>Oryginalna zszywka plastikowa Avery Dennison 13 mm CZARNA<\/strong> &#8211; do ST9500 (25 000 zszywek na rolce). Idealna do znakowania, parowania skarpet lub ma\u0142ych toreb plastikowych oraz przetar\u0107 na jeansach. <strong> Cena za szpul\u0119 25.000 szt. (1 tysi\u0105c od 2,66 &#8211; 3,80 eur) <\/strong><\/div>\n<\/div>\n","protected":false},"featured_media":12222,"template":"","meta":[],"product_cat":[305],"product_tag":[],"_links":{"self":[{"href":"https:\/\/stularplus.com\/pl\/wp-json\/wp\/v2\/product\/12221"}],"collection":[{"href":"https:\/\/stularplus.com\/pl\/wp-json\/wp\/v2\/product"}],"about":[{"href":"https:\/\/stularplus.com\/pl\/wp-json\/wp\/v2\/types\/product"}],"wp:featuredmedia":[{"embeddable":true,"href":"https:\/\/stularplus.com\/pl\/wp-json\/wp\/v2\/media\/12222"}],"wp:attachment":[{"href":"https:\/\/stularplus.com\/pl\/wp-json\/wp\/v2\/media?parent=12221"}],"wp:term":[{"taxonomy":"product_cat","embeddable":true,"href":"https:\/\/stularplus.com\/pl\/wp-json\/wp\/v2\/product_cat?post=12221"},{"taxonomy":"product_tag","embeddable":true,"href":"https:\/\/stularplus.com\/pl\/wp-json\/wp\/v2\/product_tag?post=12221"}],"curies":[{"name":"wp","href":"https:\/\/api.w.org\/{rel}","templated":true}]}}