{"id":12231,"date":"2021-12-05T02:29:29","date_gmt":"2021-12-05T01:29:29","guid":{"rendered":"https:\/\/stularplus.com\/67mm-extra-heavy-duty-t-end\/"},"modified":"2025-12-20T22:41:01","modified_gmt":"2025-12-20T21:41:01","slug":"67mm-extra-heavy-duty-t-end","status":"publish","type":"product","link":"https:\/\/stularplus.com\/pl\/67mm-extra-heavy-duty-t-end\/","title":{"rendered":"67mm Extra Heavy Duty T-END"},"content":{"rendered":"<div class=\"elementor-element elementor-element-219ff3a elementor-widget elementor-widget-woocommerce-product-content\" data-id=\"219ff3a\" data-element_type=\"widget\" data-widget_type=\"woocommerce-product-content.default\">\n<div class=\"elementor-widget-container\">\n<div class=\"elementor-element elementor-element-93a7a1e elementor-widget elementor-widget-woocommerce-product-content\" data-id=\"93a7a1e\" data-element_type=\"widget\" data-widget_type=\"woocommerce-product-content.default\">\n<div class=\"elementor-widget-container\">\n<div class=\"elementor-element elementor-element-219ff3a elementor-widget elementor-widget-woocommerce-product-content\" data-id=\"219ff3a\" data-element_type=\"widget\" data-widget_type=\"woocommerce-product-content.default\">\n<div class=\"elementor-widget-container\">\n<div class=\"elementor-element elementor-element-93a7a1e elementor-widget elementor-widget-woocommerce-product-content\" data-id=\"93a7a1e\" data-element_type=\"widget\" data-widget_type=\"woocommerce-product-content.default\">\n<div class=\"elementor-widget-container\">\n<div class=\"elementor-element elementor-element-93a7a1e elementor-widget elementor-widget-woocommerce-product-content\" data-id=\"93a7a1e\" data-element_type=\"widget\" data-widget_type=\"woocommerce-product-content.default\">\n<div class=\"elementor-widget-container\">\n<div class=\"elementor-element elementor-element-219ff3a elementor-widget elementor-widget-woocommerce-product-content\" data-id=\"219ff3a\" data-element_type=\"widget\" data-widget_type=\"woocommerce-product-content.default\">\n<div class=\"elementor-widget-container\">\n<div class=\"elementor-element elementor-element-93a7a1e elementor-widget elementor-widget-woocommerce-product-content\" data-id=\"93a7a1e\" data-element_type=\"widget\" data-widget_type=\"woocommerce-product-content.default\">\n<div class=\"elementor-widget-container\">\n<p><strong>System Extra Heavy Duty T-End<\/strong> zosta\u0142 zaprojektowany w celu uproszczenia procesu kopiowania obuwia oraz pakowania.<\/p>\n<p><strong>Avery Dennison<\/strong> oferuje szeroki wyb\u00f3r zapi\u0119\u0107 o wysokiej wytrzyma\u0142o\u015bci na rozci\u0105ganie do u\u017cytku z du\u017cymi lub ma\u0142ymi oczkami. Te zapi\u0119cia to tak\u017ce szybka, sucha i bezzapachowa alternatywa dla klej\u00f3w i adhezyw\u00f3w \u2013 <strong>zacznij oszcz\u0119dza\u0107 czas<\/strong> i <strong>pieni\u0105dze<\/strong> dzi\u0119ki <strong>Systemowi Zapi\u0119\u0107 do Materacy.<\/strong> <\/p>\n<p>Eliminuje brudne spraye, kleje termotopliwe i kleje na bazie wody jednym szybkim klikni\u0119ciem.<\/p>\n<p>Waga: 0,72 kg\/szt.<\/p>\n<\/div>\n<\/div>\n<\/div>\n<\/div>\n<\/div>\n<\/div>\n<\/div>\n<\/div>\n<\/div>\n<\/div>\n<\/div>\n<\/div>\n<\/div>\n<\/div>\n","protected":false},"excerpt":{"rendered":"<p>Oryginalne <b>Zapi\u0119cia Extra Heavy Duty T-end<\/b> Avery Dennison 67 mm NY (Nylon). Pude\u0142ko zawiera 3.000 zapi\u0119\u0107. Doskona\u0142a alternatywa dla brudnych spray\u00f3w, klej\u00f3w termotopliwych i klej\u00f3w na bazie wody. PUDE\u0141KO ZAWIERA 3.000 SZT.   <\/p>\n","protected":false},"featured_media":12232,"template":"","meta":[],"product_cat":[310],"product_tag":[],"_links":{"self":[{"href":"https:\/\/stularplus.com\/pl\/wp-json\/wp\/v2\/product\/12231"}],"collection":[{"href":"https:\/\/stularplus.com\/pl\/wp-json\/wp\/v2\/product"}],"about":[{"href":"https:\/\/stularplus.com\/pl\/wp-json\/wp\/v2\/types\/product"}],"wp:featuredmedia":[{"embeddable":true,"href":"https:\/\/stularplus.com\/pl\/wp-json\/wp\/v2\/media\/12232"}],"wp:attachment":[{"href":"https:\/\/stularplus.com\/pl\/wp-json\/wp\/v2\/media?parent=12231"}],"wp:term":[{"taxonomy":"product_cat","embeddable":true,"href":"https:\/\/stularplus.com\/pl\/wp-json\/wp\/v2\/product_cat?post=12231"},{"taxonomy":"product_tag","embeddable":true,"href":"https:\/\/stularplus.com\/pl\/wp-json\/wp\/v2\/product_tag?post=12231"}],"curies":[{"name":"wp","href":"https:\/\/api.w.org\/{rel}","templated":true}]}}