{"id":12302,"date":"2021-12-05T02:29:24","date_gmt":"2021-12-05T01:29:24","guid":{"rendered":"https:\/\/stularplus.com\/mocowania-tageasy-fine-fabric-pp-20-mm\/"},"modified":"2025-12-20T22:43:17","modified_gmt":"2025-12-20T21:43:17","slug":"mocowania-tageasy-fine-fabric-pp-20-mm","status":"publish","type":"product","link":"https:\/\/stularplus.com\/pl\/mocowania-tageasy-fine-fabric-pp-20-mm\/","title":{"rendered":"Mocowania TagEasy Fine Fabric PP 20 mm"},"content":{"rendered":"<div class=\"elementor-element elementor-element-93a7a1e elementor-widget elementor-widget-woocommerce-product-content\" data-id=\"93a7a1e\" data-element_type=\"widget\" data-widget_type=\"woocommerce-product-content.default\">\n<div class=\"elementor-widget-container\">\n<div class=\"elementor-element elementor-element-219ff3a elementor-widget elementor-widget-woocommerce-product-content\" data-id=\"219ff3a\" data-element_type=\"widget\" data-widget_type=\"woocommerce-product-content.default\">\n<div class=\"elementor-widget-container\">\n<p>Ka\u017cdy <strong>\u0142\u0105cznik<\/strong> jest formowany tak, aby mia\u0142 mniejszy profil i <strong>zmniejsza\u0142 ryzyko dziur i zaczepie\u0144<\/strong>. \u0141\u0105czniki <strong>w stylu wiose\u0142ka<\/strong> s\u0105 odpowiednie do mocowania w \u015bci\u015ble tkaninach i delikatnych materia\u0142ach nietkanych. <\/p>\n<p><strong>\u0141\u0105czniki Tag Easy<\/strong> s\u0105 wykonane z najwy\u017cszej jako\u015bci polipropylenu (PP) w wersji ekonomicznej. Tag Easy <strong>pins<\/strong> to marka producenta <strong>Avery Dennison<\/strong>.  Wybieraj\u0105c mi\u0119dzy cen\u0105 a jako\u015bci\u0105, <strong>Tag Easy<\/strong> to zdecydowanie najlepszy wyb\u00f3r.<\/p>\n<p>Idealne do <strong>znakowania wszystkich delikatnych materia\u0142\u00f3w<\/strong>. Szpilki do znakowania Avery Dennison Swiftach <strong> oferuj\u0105 najszerszy zakres rozmiar\u00f3w i kolor\u00f3w do ka\u017cdego zastosowania. Du\u017ca g\u0142\u00f3wka w kszta\u0142cie wiose\u0142ka zapewnia dodatkow\u0105 korzy\u015b\u0107: zapobiega podmianie metek.<\/strong>  <\/p>\n<p><strong>\u0141\u0105czniki Tag Easy<\/strong> s\u0105 kompatybilne ze wszystkimi <strong>pistoletami do delikatnego znakowania<\/strong>. Fine Fabric to w\u0142a\u015bciwy system do zmniejszania ryzyka dziur i zaczepie\u0144 podczas mocowania metek do \u015bci\u015ble tkanych materia\u0142\u00f3w, takich jak jedwab, delikatne p\u0142\u00f3tna i odzie\u017c niemowl\u0119ca. <\/p>\n<p><strong>Skorzystaj z rabat\u00f3w ilo\u015bciowych!<\/strong><\/p>\n<p>Waga: 0,07 kg\/tys.<\/p>\n<p>Jedno opakowanie zawiera 5000 \u0142\u0105cznik\u00f3w.<\/p>\n<\/div>\n<\/div>\n<\/div>\n<\/div>\n","protected":false},"excerpt":{"rendered":"<p>Mocowania 20 mm (PP) do znakowania delikatnych materia\u0142\u00f3w.<b> Cena za opakowanie (5000 szt.)<br \/>\n<\/b><\/p>\n","protected":false},"featured_media":12303,"template":"","meta":[],"product_cat":[321],"product_tag":[],"_links":{"self":[{"href":"https:\/\/stularplus.com\/pl\/wp-json\/wp\/v2\/product\/12302"}],"collection":[{"href":"https:\/\/stularplus.com\/pl\/wp-json\/wp\/v2\/product"}],"about":[{"href":"https:\/\/stularplus.com\/pl\/wp-json\/wp\/v2\/types\/product"}],"wp:featuredmedia":[{"embeddable":true,"href":"https:\/\/stularplus.com\/pl\/wp-json\/wp\/v2\/media\/12303"}],"wp:attachment":[{"href":"https:\/\/stularplus.com\/pl\/wp-json\/wp\/v2\/media?parent=12302"}],"wp:term":[{"taxonomy":"product_cat","embeddable":true,"href":"https:\/\/stularplus.com\/pl\/wp-json\/wp\/v2\/product_cat?post=12302"},{"taxonomy":"product_tag","embeddable":true,"href":"https:\/\/stularplus.com\/pl\/wp-json\/wp\/v2\/product_tag?post=12302"}],"curies":[{"name":"wp","href":"https:\/\/api.w.org\/{rel}","templated":true}]}}