{"id":12314,"date":"2021-12-05T02:29:16","date_gmt":"2021-12-05T01:29:16","guid":{"rendered":"https:\/\/stularplus.com\/etykiety-samoprzylepne-jednorzedowe-zolte-21x12mm\/"},"modified":"2025-12-20T22:43:29","modified_gmt":"2025-12-20T21:43:29","slug":"etykiety-samoprzylepne-jednorzedowe-zolte-21x12mm","status":"publish","type":"product","link":"https:\/\/stularplus.com\/pl\/etykiety-samoprzylepne-jednorzedowe-zolte-21x12mm\/","title":{"rendered":"ETYKIETY SAMOPRZYLEPNE, jednorz\u0119dowe \u017c\u00f3\u0142te 21x12mm"},"content":{"rendered":"<p>Wysokiej jako\u015bci <strong>etykiety<\/strong> s\u0105 produkowane we W\u0142oszech. <strong>Etykiety<\/strong> do <strong>jednorz\u0119dowych metkownic<\/strong> takich jak Avery Dennison LC1\/8. <strong>Etykiety<\/strong> s\u0105 powszechnie u\u017cywane do wyceny, przeceny, ponownego oznaczania, kodowania dat i kontroli jako\u015bci.<\/p>\n<p>Rolka zawiera: 1000 szt. etykiet<br \/>\nWymiary: 21&#215;12 mm<br \/>\nKolor: \u017c\u00f3\u0142ty<\/p>\n<p><strong>Skorzystaj z rabat\u00f3w ilo\u015bciowych!<\/strong><\/p>\n","protected":false},"excerpt":{"rendered":"<p><b>\u017b\u00f3\u0142te etykiety<\/b> 21x12mm, trwa\u0142e, do jednorz\u0119dowych metkownic. Wysokiej jako\u015bci etykiety produkowane we W\u0142oszech. <g id=\"gid_1\">Etykiety<\/g> s\u0105 przeznaczone do jednorz\u0119dowych metkownic. Cena za jedn\u0105 rolk\u0119 (1000 szt. etykiet).  <\/p>\n","protected":false},"featured_media":12315,"template":"","meta":[],"product_cat":[324],"product_tag":[],"_links":{"self":[{"href":"https:\/\/stularplus.com\/pl\/wp-json\/wp\/v2\/product\/12314"}],"collection":[{"href":"https:\/\/stularplus.com\/pl\/wp-json\/wp\/v2\/product"}],"about":[{"href":"https:\/\/stularplus.com\/pl\/wp-json\/wp\/v2\/types\/product"}],"wp:featuredmedia":[{"embeddable":true,"href":"https:\/\/stularplus.com\/pl\/wp-json\/wp\/v2\/media\/12315"}],"wp:attachment":[{"href":"https:\/\/stularplus.com\/pl\/wp-json\/wp\/v2\/media?parent=12314"}],"wp:term":[{"taxonomy":"product_cat","embeddable":true,"href":"https:\/\/stularplus.com\/pl\/wp-json\/wp\/v2\/product_cat?post=12314"},{"taxonomy":"product_tag","embeddable":true,"href":"https:\/\/stularplus.com\/pl\/wp-json\/wp\/v2\/product_tag?post=12314"}],"curies":[{"name":"wp","href":"https:\/\/api.w.org\/{rel}","templated":true}]}}