{"id":12337,"date":"2021-12-05T02:29:28","date_gmt":"2021-12-05T01:29:28","guid":{"rendered":"https:\/\/stularplus.com\/26mm-swiftach-system-1000-ny\/"},"modified":"2025-12-20T22:44:01","modified_gmt":"2025-12-20T21:44:01","slug":"26mm-swiftach-system-1000-ny","status":"publish","type":"product","link":"https:\/\/stularplus.com\/pl\/26mm-swiftach-system-1000-ny\/","title":{"rendered":"26mm Swiftach System 1000 NY"},"content":{"rendered":"<div class=\"elementor-element elementor-element-219ff3a elementor-widget elementor-widget-woocommerce-product-content\" data-id=\"219ff3a\" data-element_type=\"widget\" data-widget_type=\"woocommerce-product-content.default\">\n<div class=\"elementor-widget-container\">\n<div class=\"elementor-element elementor-element-93a7a1e elementor-widget elementor-widget-woocommerce-product-content\" data-id=\"93a7a1e\" data-element_type=\"widget\" data-widget_type=\"woocommerce-product-content.default\">\n<div class=\"elementor-widget-container\">\n<div class=\"elementor-element elementor-element-93a7a1e elementor-widget elementor-widget-woocommerce-product-content\" data-id=\"93a7a1e\" data-element_type=\"widget\" data-widget_type=\"woocommerce-product-content.default\">\n<div class=\"elementor-widget-container\">\n<p>U\u017cywanie <strong>pistoletu do tagowania S1000<\/strong> firmy Avery Dennison i <strong>pin\u00f3w<\/strong> jest prawie dwadzie\u015bcia razy wydajniejsze ni\u017c zwyk\u0142e narz\u0119dzia do mocowania.<\/p>\n<p>Ka\u017cda operacja, kt\u00f3ra mierzy produktywno\u015b\u0107, skorzysta z zalet <strong>Swiftach System 1000<\/strong>. Du\u017ce zapi\u0119cia w stylu \u0142opatki <g id=\"gid_1\">zapobiegaj\u0105<\/g> podmianie bilet\u00f3w i nie maj\u0105 paska odpadowego do wyrzucenia po zako\u0144czeniu pracy przez operatora. Zwi\u0119ksz swoj\u0105 produktywno\u015b\u0107 dzi\u0119ki <strong>System 1000<\/strong> i u\u017cywaniu 1000 <strong>pin\u00f3w<\/strong> na klipsie.  <\/p>\n<p>Materia\u0142: Nylon<\/p>\n<p>Jedna rolka zawiera 1000<strong> pin\u00f3w.<br \/>\n<\/strong><\/p>\n<p>Pude\u0142ko zawiera 5 rolek po 1000 pin\u00f3w.<\/p>\n<p>Waga: 0,05 kg\/tys.<\/p>\n<\/div>\n<\/div>\n<\/div>\n<\/div>\n<\/div>\n<\/div>\n","protected":false},"excerpt":{"rendered":"<p><b>Szpilki NYLONOWE 26 mm<\/b> do pistoletu do metkownia S1000. Oznacz 1000 sztuk odzie\u017cy bez prze\u0142adowywania. Cena za pude\u0142ko 5000 szt.  <\/p>\n","protected":false},"featured_media":12338,"template":"","meta":[],"product_cat":[278],"product_tag":[],"_links":{"self":[{"href":"https:\/\/stularplus.com\/pl\/wp-json\/wp\/v2\/product\/12337"}],"collection":[{"href":"https:\/\/stularplus.com\/pl\/wp-json\/wp\/v2\/product"}],"about":[{"href":"https:\/\/stularplus.com\/pl\/wp-json\/wp\/v2\/types\/product"}],"wp:featuredmedia":[{"embeddable":true,"href":"https:\/\/stularplus.com\/pl\/wp-json\/wp\/v2\/media\/12338"}],"wp:attachment":[{"href":"https:\/\/stularplus.com\/pl\/wp-json\/wp\/v2\/media?parent=12337"}],"wp:term":[{"taxonomy":"product_cat","embeddable":true,"href":"https:\/\/stularplus.com\/pl\/wp-json\/wp\/v2\/product_cat?post=12337"},{"taxonomy":"product_tag","embeddable":true,"href":"https:\/\/stularplus.com\/pl\/wp-json\/wp\/v2\/product_tag?post=12337"}],"curies":[{"name":"wp","href":"https:\/\/api.w.org\/{rel}","templated":true}]}}