{"id":12369,"date":"2021-12-05T02:29:40","date_gmt":"2021-12-05T01:29:40","guid":{"rendered":"https:\/\/stularplus.com\/opaska-zaciskowa-300-x-36-mm-100\/"},"modified":"2025-12-20T22:44:58","modified_gmt":"2025-12-20T21:44:58","slug":"opaska-zaciskowa-300-x-36-mm-100","status":"publish","type":"product","link":"https:\/\/stularplus.com\/pl\/opaska-zaciskowa-300-x-36-mm-100\/","title":{"rendered":"Opaska zaciskowa 300 x 3,6 mm (100)"},"content":{"rendered":"<p><strong>Opaska zaciskowa Avery Dennison<\/strong> 300 x 3,6 mm. Jedno opakowanie zawiera <strong>100 opasek zaciskowych<\/strong> (1 szt. = 100 sztuk). <\/p>\n<p><strong>Opaski zaciskowe<\/strong> znajduj\u0105 zastosowanie w wielu bran\u017cach &#8211; elektrycznej, elektronicznej, telekomunikacyjnej, transportowej, CATV (telewizja kablowa), HVAC (ogrzewanie, wentylacja i klimatyzacja), opakowaniowej, handlowej, ga\u015bnic, napoj\u00f3w i wielu innych.<\/p>\n<p>Cena za opakowanie 100 sztuk.<\/p>\n<p>D\u0142ugo\u015b\u0107: 300 mm<br \/>\nSzeroko\u015b\u0107: 3,6 mm<\/p>\n","protected":false},"excerpt":{"rendered":"<p><b>Opaska zaciskowa 300 x 3,6 mm<\/b>. Wysokiej jako\u015bci opaski zaciskowe marki Avery Dennison. <\/p>\n<p>Cena za opakowanie 100 sztuk.<\/p>\n","protected":false},"featured_media":12370,"template":"","meta":[],"product_cat":[298],"product_tag":[],"_links":{"self":[{"href":"https:\/\/stularplus.com\/pl\/wp-json\/wp\/v2\/product\/12369"}],"collection":[{"href":"https:\/\/stularplus.com\/pl\/wp-json\/wp\/v2\/product"}],"about":[{"href":"https:\/\/stularplus.com\/pl\/wp-json\/wp\/v2\/types\/product"}],"wp:featuredmedia":[{"embeddable":true,"href":"https:\/\/stularplus.com\/pl\/wp-json\/wp\/v2\/media\/12370"}],"wp:attachment":[{"href":"https:\/\/stularplus.com\/pl\/wp-json\/wp\/v2\/media?parent=12369"}],"wp:term":[{"taxonomy":"product_cat","embeddable":true,"href":"https:\/\/stularplus.com\/pl\/wp-json\/wp\/v2\/product_cat?post=12369"},{"taxonomy":"product_tag","embeddable":true,"href":"https:\/\/stularplus.com\/pl\/wp-json\/wp\/v2\/product_tag?post=12369"}],"curies":[{"name":"wp","href":"https:\/\/api.w.org\/{rel}","templated":true}]}}