{"id":12405,"date":"2022-03-10T12:42:20","date_gmt":"2022-03-10T11:42:20","guid":{"rendered":"https:\/\/stularplus.com\/papier-krepowy-wszystkie-rozmiary-dostepne\/"},"modified":"2025-12-20T22:45:29","modified_gmt":"2025-12-20T21:45:29","slug":"papier-krepowy-wszystkie-rozmiary-dostepne","status":"publish","type":"product","link":"https:\/\/stularplus.com\/pl\/papier-krepowy-wszystkie-rozmiary-dostepne\/","title":{"rendered":"Papier krepowy &#8211; wszystkie rozmiary dost\u0119pne"},"content":{"rendered":"<p><span dir=\"ltr\" role=\"presentation\">Do zamkni\u0119\u0107 szytych ta\u015bm\u0105, Fischbein <\/span><span dir=\"ltr\" role=\"presentation\">opracowa\u0142 wysokiej jako\u015bci papier krepowy do <\/span> <span dir=\"ltr\" role=\"presentation\">maszyn przeno\u015bnych i wysokowydajnych. Wysoka <\/span><br role=\"presentation\"><span dir=\"ltr\" role=\"presentation\">wydajno\u015b\u0107 papieru zapewnia bardzo dobre <\/span><span dir=\"ltr\" role=\"presentation\">w\u0142a\u015bciwo\u015bci rozci\u0105gaj\u0105ce i wytrzyma\u0142o\u015bciowe, gwarantuj\u0105c wysok\u0105 <\/span><span dir=\"ltr\" role=\"presentation\">efektywno\u015b\u0107 na ka\u017cdej maszynie.<\/span><\/p>\n<p><span dir=\"ltr\" role=\"presentation\">\u2022<\/span> <span dir=\"ltr\" role=\"presentation\">Dost\u0119pne kolory: bia\u0142y, naturalny be\u017cowy, <\/span><span dir=\"ltr\" role=\"presentation\">czarny, zielony, czerwony, niebieski i \u017c\u00f3\u0142ty<\/span><br role=\"presentation\"><span dir=\"ltr\" role=\"presentation\">\u2022<\/span> <span dir=\"ltr\" role=\"presentation\">Opakowanie zewn\u0119trzne: kartony lub <\/span><span dir=\"ltr\" role=\"presentation\">rolki<\/span><br role=\"presentation\"><span dir=\"ltr\" role=\"presentation\">\u2022<\/span> <span dir=\"ltr\" role=\"presentation\">Mo\u017cliwo\u015b\u0107 dostarczenia zadrukowanego papieru krepowego <\/span><span dir=\"ltr\" role=\"presentation\">dla wyra\u017anej identyfikacji partii<\/span><\/p>\n<p>W celu otrzymania oferty prosimy o kontakt, przygotujemy konkurencyjn\u0105 propozycj\u0119.<\/p>\n","protected":false},"excerpt":{"rendered":"<p>PREMIUM Papier krepowy d<span dir=\"ltr\" role=\"presentation\">o zamkni\u0119\u0107 szytych ta\u015bm\u0105<\/span>. W naszej ofercie mamy wszystkie rodzaje rozmiar\u00f3w, kolor\u00f3w itp. Potrzebujesz konkurencyjnej ceny? Skontaktuj si\u0119 z nami.   <\/p>\n","protected":false},"featured_media":12406,"template":"","meta":[],"product_cat":[301],"product_tag":[],"_links":{"self":[{"href":"https:\/\/stularplus.com\/pl\/wp-json\/wp\/v2\/product\/12405"}],"collection":[{"href":"https:\/\/stularplus.com\/pl\/wp-json\/wp\/v2\/product"}],"about":[{"href":"https:\/\/stularplus.com\/pl\/wp-json\/wp\/v2\/types\/product"}],"wp:featuredmedia":[{"embeddable":true,"href":"https:\/\/stularplus.com\/pl\/wp-json\/wp\/v2\/media\/12406"}],"wp:attachment":[{"href":"https:\/\/stularplus.com\/pl\/wp-json\/wp\/v2\/media?parent=12405"}],"wp:term":[{"taxonomy":"product_cat","embeddable":true,"href":"https:\/\/stularplus.com\/pl\/wp-json\/wp\/v2\/product_cat?post=12405"},{"taxonomy":"product_tag","embeddable":true,"href":"https:\/\/stularplus.com\/pl\/wp-json\/wp\/v2\/product_tag?post=12405"}],"curies":[{"name":"wp","href":"https:\/\/api.w.org\/{rel}","templated":true}]}}