{"id":12534,"date":"2021-12-05T02:29:27","date_gmt":"2021-12-05T01:29:27","guid":{"rendered":"https:\/\/stularplus.com\/11mm-swiftach-system-1000-pp\/"},"modified":"2025-12-20T22:46:42","modified_gmt":"2025-12-20T21:46:42","slug":"11mm-swiftach-system-1000-pp","status":"publish","type":"product","link":"https:\/\/stularplus.com\/pl\/11mm-swiftach-system-1000-pp\/","title":{"rendered":"11mm Swiftach System 1000 PP"},"content":{"rendered":"<p>U\u017cywanie <strong>pistoletu do tagowania S1000<\/strong> firmy Avery Dennison i <strong>pin\u00f3w<\/strong> jest prawie dwadzie\u015bcia razy wydajniejsze ni\u017c zwyk\u0142e narz\u0119dzia do mocowania.<\/p>\n<p>Ka\u017cda operacja, kt\u00f3ra mierzy produktywno\u015b\u0107, skorzysta z zalet <strong>Swiftach System 1000<\/strong>. Du\u017ce zapi\u0119cia w stylu \u0142opatki <g id=\"gid_1\">zapobiegaj\u0105<\/g> podmianie bilet\u00f3w i nie maj\u0105 paska odpadowego do wyrzucenia po zako\u0144czeniu pracy przez operatora. Zwi\u0119ksz swoj\u0105 produktywno\u015b\u0107 dzi\u0119ki <strong>System 1000<\/strong> i u\u017cywaniu 1000 <strong>pin\u00f3w<\/strong> na klipsie.  <\/p>\n<p>Jedna rolka zawiera 1000<strong> pin\u00f3w.<\/strong><\/p>\n<p>Pude\u0142ko zawiera 5 rolek po 1000 pin\u00f3w.<\/p>\n<p>Waga: 0,05 kg\/tys.<\/p>\n","protected":false},"excerpt":{"rendered":"<p><b>Piny PP 11mm<\/b> do pistoletu metkowniczego S1000. Oznacz 1000 sztuk odzie\u017cy bez prze\u0142adowania. Cena za opakowanie 5000 szt.  <\/p>\n","protected":false},"featured_media":11986,"template":"","meta":[],"product_cat":[278],"product_tag":[],"_links":{"self":[{"href":"https:\/\/stularplus.com\/pl\/wp-json\/wp\/v2\/product\/12534"}],"collection":[{"href":"https:\/\/stularplus.com\/pl\/wp-json\/wp\/v2\/product"}],"about":[{"href":"https:\/\/stularplus.com\/pl\/wp-json\/wp\/v2\/types\/product"}],"wp:featuredmedia":[{"embeddable":true,"href":"https:\/\/stularplus.com\/pl\/wp-json\/wp\/v2\/media\/11986"}],"wp:attachment":[{"href":"https:\/\/stularplus.com\/pl\/wp-json\/wp\/v2\/media?parent=12534"}],"wp:term":[{"taxonomy":"product_cat","embeddable":true,"href":"https:\/\/stularplus.com\/pl\/wp-json\/wp\/v2\/product_cat?post=12534"},{"taxonomy":"product_tag","embeddable":true,"href":"https:\/\/stularplus.com\/pl\/wp-json\/wp\/v2\/product_tag?post=12534"}],"curies":[{"name":"wp","href":"https:\/\/api.w.org\/{rel}","templated":true}]}}