{"id":12618,"date":"2021-12-05T02:29:23","date_gmt":"2021-12-05T01:29:23","guid":{"rendered":"https:\/\/stularplus.com\/laczniki-standardowe-swiftach-ny-25mm\/"},"modified":"2025-12-20T22:48:20","modified_gmt":"2025-12-20T21:48:20","slug":"laczniki-standardowe-swiftach-ny-25mm","status":"publish","type":"product","link":"https:\/\/stularplus.com\/pl\/laczniki-standardowe-swiftach-ny-25mm\/","title":{"rendered":"\u0141\u0105czniki standardowe Swiftach NY 25mm"},"content":{"rendered":"<p>Standardowe \u0142\u0105czniki Swiftach 25MM (NY) z szerok\u0105 ko\u0144c\u00f3wk\u0105 <strong>Blue Box ORIGINAL<\/strong> s\u0105 wykonane w <strong>100% z nylonu.<\/strong><\/p>\n<p>Szpilki do etykietowania 25mm s\u0142u\u017c\u0105 do mocowania lub etykietowania bardzo blisko produktu. Szpilki do etykietowania Swiftach Standard NY 25mm s\u0105 wykonane z nylonu, kt\u00f3ry zapewnia najwy\u017csz\u0105 wytrzyma\u0142o\u015b\u0107 i nie ma obawy o p\u0119kni\u0119cie. <\/p>\n<p>Te szpilki do etykietowania s\u0105 u\u017cywane do produkt\u00f3w o du\u017cej wytrzyma\u0142o\u015bci, takich jak r\u0119czniki, wycieraczki czy maty \u0142azienkowe. Zazwyczaj mo\u017cna ich r\u00f3wnie\u017c u\u017cywa\u0107 do wszystkich standardowych wyrob\u00f3w tekstylnych, gdzie jako\u015b\u0107 etykietowania jest bardzo wa\u017cna. <\/p>\n<p><strong>Nylon zapewnia:<\/strong> najwy\u017csz\u0105 wytrzyma\u0142o\u015b\u0107, wysok\u0105 odporno\u015b\u0107 chemiczn\u0105, najwy\u017csz\u0105 odporno\u015b\u0107 na \u015bcieranie. Blue Box oznacza jako\u015b\u0107, sp\u00f3jno\u015b\u0107, wysok\u0105 produktywno\u015b\u0107 i odporno\u015b\u0107. Wynalezione przez Dennison na pocz\u0105tku lat 60., nadal s\u0105 preferowane w bran\u017cy do mocowania <strong>etykiet<\/strong>.  <\/p>\n<p>S\u0105 wykonane bardzo precyzyjnie, z niezmienn\u0105 jako\u015bci\u0105, partia po partii. <strong>\u0141\u0105czniki Swiftach<\/strong> s\u0105 wykonane z najlepszego, wysokiej jako\u015bci nylonu (NY). Idealne do <g id=\"gid_1\">etykietowania<\/g> wszystkich standardowych materia\u0142\u00f3w. Szpilki do etykietowania Avery Dennison Swiftach oferuj\u0105 najszerszy zakres rozmiar\u00f3w i <strong>kolor\u00f3w<\/strong> <strong>do wszelkich zastosowa\u0144 w etykietowaniu<\/strong>.  <\/p>\n<p>Du\u017ca, szeroka G\u0141\u00d3WKA oferuje dodatkow\u0105 korzy\u015b\u0107: zapobiega zamianie etykiet. Jedno opakowanie zawiera 5000 \u0142\u0105cznik\u00f3w.  \u0141\u0105czniki Tag Easy s\u0105 kompatybilne ze wszystkimi <strong>standardowymi pistoletami do etykietowania<\/strong>.<\/p>\n<p><strong>Skorzystaj z rabat\u00f3w ilo\u015bciowych!<\/strong><\/p>\n","protected":false},"excerpt":{"rendered":"<p><b>\u0141\u0105czniki premium Swiftach Blue Box 25mm (NY)<\/b> do etykietowania wszelkiego rodzaju produkt\u00f3w wykonanych z nylonu. <b>Szpilki Swiftach Premium s\u0105 wykonane z wysokiej jako\u015bci materia\u0142u<\/b>. Cena za pude\u0142ko 5000 sztuk. <\/p>\n","protected":false},"featured_media":12619,"template":"","meta":[],"product_cat":[316],"product_tag":[],"_links":{"self":[{"href":"https:\/\/stularplus.com\/pl\/wp-json\/wp\/v2\/product\/12618"}],"collection":[{"href":"https:\/\/stularplus.com\/pl\/wp-json\/wp\/v2\/product"}],"about":[{"href":"https:\/\/stularplus.com\/pl\/wp-json\/wp\/v2\/types\/product"}],"wp:featuredmedia":[{"embeddable":true,"href":"https:\/\/stularplus.com\/pl\/wp-json\/wp\/v2\/media\/12619"}],"wp:attachment":[{"href":"https:\/\/stularplus.com\/pl\/wp-json\/wp\/v2\/media?parent=12618"}],"wp:term":[{"taxonomy":"product_cat","embeddable":true,"href":"https:\/\/stularplus.com\/pl\/wp-json\/wp\/v2\/product_cat?post=12618"},{"taxonomy":"product_tag","embeddable":true,"href":"https:\/\/stularplus.com\/pl\/wp-json\/wp\/v2\/product_tag?post=12618"}],"curies":[{"name":"wp","href":"https:\/\/api.w.org\/{rel}","templated":true}]}}