{"id":12690,"date":"2021-12-05T02:29:49","date_gmt":"2021-12-05T01:29:49","guid":{"rendered":"https:\/\/stularplus.com\/15mm-fine-fabric-pp-plus-10-000-szt\/"},"modified":"2025-12-20T22:49:49","modified_gmt":"2025-12-20T21:49:49","slug":"15mm-fine-fabric-pp-plus-10-000-szt","status":"publish","type":"product","link":"https:\/\/stularplus.com\/pl\/15mm-fine-fabric-pp-plus-10-000-szt\/","title":{"rendered":"15mm Fine Fabric PP Plus (10 000 szt.)"},"content":{"rendered":"<div class=\"elementor-element elementor-element-219ff3a elementor-widget elementor-widget-woocommerce-product-content\" data-id=\"219ff3a\" data-element_type=\"widget\" data-widget_type=\"woocommerce-product-content.default\">\n<div class=\"elementor-widget-container\">\n<p><strong>15MM (PP) Fine Paddle Swifach Blue Box ORIGINAL<\/strong><\/p>\n<p><strong>\u0141\u0105czniki wykonane s\u0105 w 100% z PP<\/strong>, co zapewnia wyj\u0105tkow\u0105 wytrzyma\u0142o\u015b\u0107 i odporno\u015b\u0107.<\/p>\n<p>U\u017cycie pistoletu do metkowania typu fine z cie\u0144sz\u0105 ig\u0142\u0105 zapewnia minimalny \u015blad w materiale.<\/p>\n<p>\u0141\u0105czniki pakowane s\u0105 w pude\u0142kach po 10 000 sztuk.<\/p>\n<p>\u0141\u0105czniki Avery Dennison Blue Box Standard s\u0105 <strong>kompatybilne ze wszystkimi pistoletami do metkowania typu FINE.<\/strong><\/p>\n<p>Do pistolet\u00f3w typu: <strong>FINE<\/strong><\/p>\n<p>Avery Dennison, MKIII FINE FABRIC PG TOOL (10312)<\/p>\n<p>Kolor \u0142\u0105cznika: neutralny<\/p>\n<p>Materia\u0142: PP<\/p>\n<p>D\u0142ugo\u015b\u0107 \u0142\u0105cznika: 15 mm<\/p>\n<p>Ilo\u015b\u0107 \u0142\u0105cznik\u00f3w w magazynku: <strong> szt.<\/strong><\/p>\n<p>Pakowanie: min. 10 000 \u0142\u0105cznik\u00f3w \/ pude\u0142ko<\/p>\n<p>100 000 \u0142\u0105cznik\u00f3w \/ karton<\/p>\n<p>Waga: 0,02 kg\/tysi\u0105c<\/p>\n<\/div>\n<\/div>\n","protected":false},"excerpt":{"rendered":"<p><strong>15<\/strong><b>mm \u0142\u0105czniki PP Fine do znakowania skarpet.<\/b> Premium jako\u015b\u0107 producenta Avery Dennison. Cena za pude\u0142ko (10 000 szt.). <\/p>\n","protected":false},"featured_media":12691,"template":"","meta":[],"product_cat":[321],"product_tag":[],"_links":{"self":[{"href":"https:\/\/stularplus.com\/pl\/wp-json\/wp\/v2\/product\/12690"}],"collection":[{"href":"https:\/\/stularplus.com\/pl\/wp-json\/wp\/v2\/product"}],"about":[{"href":"https:\/\/stularplus.com\/pl\/wp-json\/wp\/v2\/types\/product"}],"wp:featuredmedia":[{"embeddable":true,"href":"https:\/\/stularplus.com\/pl\/wp-json\/wp\/v2\/media\/12691"}],"wp:attachment":[{"href":"https:\/\/stularplus.com\/pl\/wp-json\/wp\/v2\/media?parent=12690"}],"wp:term":[{"taxonomy":"product_cat","embeddable":true,"href":"https:\/\/stularplus.com\/pl\/wp-json\/wp\/v2\/product_cat?post=12690"},{"taxonomy":"product_tag","embeddable":true,"href":"https:\/\/stularplus.com\/pl\/wp-json\/wp\/v2\/product_tag?post=12690"}],"curies":[{"name":"wp","href":"https:\/\/api.w.org\/{rel}","templated":true}]}}