{"id":12706,"date":"2023-11-24T13:20:08","date_gmt":"2023-11-24T12:20:08","guid":{"rendered":"https:\/\/stularplus.com\/rzepy-fine-50mm-w-100-z-recyklingu\/"},"modified":"2025-12-20T22:50:19","modified_gmt":"2025-12-20T21:50:19","slug":"rzepy-fine-50mm-w-100-z-recyklingu","status":"publish","type":"product","link":"https:\/\/stularplus.com\/pl\/rzepy-fine-50mm-w-100-z-recyklingu\/","title":{"rendered":"Rzepy Fine 50mm w 100% z recyklingu"},"content":{"rendered":"<p><strong>ZR\u00d3WNOWA\u017bONE ROZWI\u0104ZANIE DO ZNAKOWANIA ODZIE\u017bY<\/strong><\/p>\n<p><em>Ograniczanie ma\u0142ych odpad\u00f3w plastikowych ma takie samo znaczenie jak ograniczanie du\u017cych odpad\u00f3w.<\/em><\/p>\n<p>Nasz partner <strong>Avery Dennison<\/strong> prezentuje <strong>ECOTACH<\/strong>\u2122. <strong>Zapi\u0119cia z recyklingu<\/strong> spe\u0142niaj\u0105 potrzeby \u015bwiadomych ekologicznie sprzedawc\u00f3w, w\u0142a\u015bcicieli marek, producent\u00f3w i konsument\u00f3w, kt\u00f3rzy chc\u0105 zmniejszy\u0107 sw\u00f3j \u015blad \u015brodowiskowy.<\/p>\n<p><strong>Ecotach<\/strong>\u2122 rPP <strong>zapi\u0119cia z recyklingu<\/strong> to pierwsza tego typu innowacja na \u015bwiecie, kt\u00f3ra pomo\u017ce zmniejszy\u0107 ilo\u015b\u0107 jednorazowego plastiku trafiaj\u0105cego do \u015brodowiska.<\/p>\n<p>Te zapi\u0119cia s\u0105 produkowane w 100% z odpad\u00f3w pokonsumenckich pochodz\u0105cych z jednorazowych przezroczystych plastikowych pojemnik\u00f3w na \u017cywno\u015b\u0107 na wynos. Wi\u0119kszo\u015b\u0107 tych zapi\u0119\u0107 posiada certyfikat Global Recycled Standard (GRS). <\/p>\n<p>Kupuj\u0105c zapi\u0119cia rPP firmy Avery Dennison pomagasz naszej planecie na dwa sposoby:<\/p>\n<p>1. Usuwasz i ponownie wykorzystujesz odpady plastikowe ze strumienia odpad\u00f3w.<\/p>\n<p>2. Zamykasz kr\u0105g \u2013 \u015awiadomie wprowadzamy innowacje d\u0105\u017c\u0105c do prawdziwie zr\u00f3wnowa\u017conych rozwi\u0105za\u0144. Uwzgl\u0119dniamy ca\u0142y \u0142a\u0144cuch warto\u015bci<br \/>\ni wspieramy firmy, kt\u00f3re zbieraj\u0105, oczyszczaj\u0105 i ponownie przetwarzaj\u0105 \u015bwiatowe odpady plastikowe. <\/p>\n<p>Nasze produkty rPP 30% i 100% zosta\u0142y zaprojektowane tak, aby zmaksymalizowa\u0107 zawarto\u015b\u0107 materia\u0142u z recyklingu, zachowuj\u0105c jednocze\u015bnie wydajno\u015b\u0107 produktu potrzebn\u0105 naszym klientom. Nasze zapi\u0119cia rPP spe\u0142niaj\u0105 te same specyfikacje co nasze zapi\u0119cia z materia\u0142u pierwotnego w nast\u0119puj\u0105cych wa\u017cnych aspektach: <\/p>\n<p>\u2713 Niezawodna wytrzyma\u0142o\u015b\u0107 na rozci\u0105ganie<br \/>\n\u2713 Optymalna trwa\u0142o\u015b\u0107<br \/>\n\u2713 Niski wska\u017anik odpadania T-Bar<\/p>\n<p>Czy wiesz, \u017ce rocznie produkuje si\u0119 80 miliard\u00f3w sztuk odzie\u017cy, 90% z nich ma jednorazowe plastikowe zapi\u0119cie, co skutkuje produkcj\u0105 72 miliard\u00f3w plastikowych zapi\u0119\u0107 rocznie dla przemys\u0142u odzie\u017cowego.<\/p>\n<p><strong>Zapi\u0119cia z recyklingu mog\u0105 zrobi\u0107 r\u00f3\u017cnic\u0119<\/strong><br \/>\nPrzej\u015bcie na nasze rozwi\u0105zanie znakowania Ecotach\u2122 z recyklingowego polipropylenu (rPP) mo\u017ce mie\u0107 du\u017cy wp\u0142yw na ograniczenie odpad\u00f3w plastikowych w por\u00f3wnaniu z u\u017cywaniem zapi\u0119\u0107 z pierwotnego polipropylenu (PP).<\/p>\n<p><strong>CZAS WSPIERA\u0106 T\u0118 PRZE\u0141OMOW\u0104 ZMIAN\u0118 W \u015aWIECIE ZNAKOWANIA.<\/strong><\/p>\n<p>Wybierz najlepsz\u0105 zr\u00f3wnowa\u017con\u0105 metod\u0119 znakowania, u\u017cywaj\u0105c biodegradowalnych \u0142\u0105cznik\u00f3w i energooszcz\u0119dnych maszyn znakuj\u0105cych Tagson!<\/p>\n","protected":false},"excerpt":{"rendered":"<p><b>Zapinki tekstylne FINE 100% z recyklingu. <\/b>Mniejszy wp\u0142yw na \u015brodowisko dzi\u0119ki wyborowi <strong>zapinek z RECYKLINGU.<\/strong> Cena za pude\u0142ko 10 000 szt.<\/p>\n","protected":false},"featured_media":11332,"template":"","meta":[],"product_cat":[288,287],"product_tag":[],"_links":{"self":[{"href":"https:\/\/stularplus.com\/pl\/wp-json\/wp\/v2\/product\/12706"}],"collection":[{"href":"https:\/\/stularplus.com\/pl\/wp-json\/wp\/v2\/product"}],"about":[{"href":"https:\/\/stularplus.com\/pl\/wp-json\/wp\/v2\/types\/product"}],"wp:featuredmedia":[{"embeddable":true,"href":"https:\/\/stularplus.com\/pl\/wp-json\/wp\/v2\/media\/11332"}],"wp:attachment":[{"href":"https:\/\/stularplus.com\/pl\/wp-json\/wp\/v2\/media?parent=12706"}],"wp:term":[{"taxonomy":"product_cat","embeddable":true,"href":"https:\/\/stularplus.com\/pl\/wp-json\/wp\/v2\/product_cat?post=12706"},{"taxonomy":"product_tag","embeddable":true,"href":"https:\/\/stularplus.com\/pl\/wp-json\/wp\/v2\/product_tag?post=12706"}],"curies":[{"name":"wp","href":"https:\/\/api.w.org\/{rel}","templated":true}]}}