{"id":12738,"date":"2021-12-05T02:29:40","date_gmt":"2021-12-05T01:29:40","guid":{"rendered":"https:\/\/stularplus.com\/opaska-zaciskowa-100-x-25mm-100\/"},"modified":"2025-12-20T22:51:30","modified_gmt":"2025-12-20T21:51:30","slug":"opaska-zaciskowa-100-x-25mm-100","status":"publish","type":"product","link":"https:\/\/stularplus.com\/pl\/opaska-zaciskowa-100-x-25mm-100\/","title":{"rendered":"Opaska zaciskowa 100 X 2,5mm (100)"},"content":{"rendered":"<p><strong>Opaska zaciskowa Avery Dennison<\/strong> 100 x 2,5 mm. Jedna torba zawiera 100 <strong>opasek zaciskowych<\/strong> (1szt = 100szt).<br \/>\n<strong><br \/>\nOpaski zaciskowe<\/strong> s\u0105 u\u017cywane w r\u00f3\u017cnych zastosowaniach w wielu bran\u017cach &#8211; elektrycznej, elektronicznej, telekomunikacyjnej, transportowej, CATV (telewizja kablowa), HVAC (ogrzewanie, wentylacja i klimatyzacja), opakowaniowej, detalicznej, ga\u015bnic, napoj\u00f3w i wielu innych.<\/p>\n<p>Cena za opakowanie 100 sztuk.<\/p>\n<p>D\u0142ugo\u015b\u0107: 100 mm<br \/>\nSzeroko\u015b\u0107: 2,5 mm<\/p>\n","protected":false},"excerpt":{"rendered":"<p><b>Opaska zaciskowa 100 x 2,5 mm<\/b>. Wysokiej jako\u015bci opaski zaciskowe wyprodukowane przez Avery Dennison. <\/p>\n<p>Cena za opakowanie 100 sztuk.<\/p>\n","protected":false},"featured_media":12739,"template":"","meta":[],"product_cat":[298],"product_tag":[],"_links":{"self":[{"href":"https:\/\/stularplus.com\/pl\/wp-json\/wp\/v2\/product\/12738"}],"collection":[{"href":"https:\/\/stularplus.com\/pl\/wp-json\/wp\/v2\/product"}],"about":[{"href":"https:\/\/stularplus.com\/pl\/wp-json\/wp\/v2\/types\/product"}],"wp:featuredmedia":[{"embeddable":true,"href":"https:\/\/stularplus.com\/pl\/wp-json\/wp\/v2\/media\/12739"}],"wp:attachment":[{"href":"https:\/\/stularplus.com\/pl\/wp-json\/wp\/v2\/media?parent=12738"}],"wp:term":[{"taxonomy":"product_cat","embeddable":true,"href":"https:\/\/stularplus.com\/pl\/wp-json\/wp\/v2\/product_cat?post=12738"},{"taxonomy":"product_tag","embeddable":true,"href":"https:\/\/stularplus.com\/pl\/wp-json\/wp\/v2\/product_tag?post=12738"}],"curies":[{"name":"wp","href":"https:\/\/api.w.org\/{rel}","templated":true}]}}