{"id":12760,"date":"2021-12-05T02:29:40","date_gmt":"2021-12-05T01:29:40","guid":{"rendered":"https:\/\/stularplus.com\/etykiety-do-aplikatorow\/"},"modified":"2025-12-20T22:51:47","modified_gmt":"2025-12-20T21:51:47","slug":"etykiety-do-aplikatorow","status":"publish","type":"product","link":"https:\/\/stularplus.com\/pl\/etykiety-do-aplikatorow\/","title":{"rendered":"Etykiety do aplikator\u00f3w"},"content":{"rendered":"<p>Oferujemy wszystkie rodzaje etykiet do drukarek.<\/p>\n<p>&#8211; Projektujemy, drukujemy, zwijamy etykiety<br \/>\n&#8211; Wykonane z r\u00f3\u017cnych materia\u0142\u00f3w i w r\u00f3\u017cnych wymiarach<br \/>\n&#8211; Zgodnie z Pa\u0144stwa \u017cyczeniami i wymaganiami.<\/p>\n<p>Prosimy o przes\u0142anie zapytania na nasz adres e-mail, a my prze\u015blemy Pa\u0144stwu ofert\u0119.<\/p>\n<p>Prosz\u0119 poda\u0107:<br \/>\n&#8211; po\u017c\u0105dan\u0105 szeroko\u015b\u0107, wysoko\u015b\u0107 i d\u0142ugo\u015b\u0107 etykiety<br \/>\n&#8211; po\u017c\u0105dany klej<br \/>\n&#8211; po\u017c\u0105dan\u0105 \u015brednic\u0119 rolki etykiet<\/p>\n","protected":false},"excerpt":{"rendered":"<p id=\"ucc-2\" class=\"oBOnKe\">Etykiety samoprzylepne do aplikator\u00f3w etykiet.<\/p>\n","protected":false},"featured_media":12762,"template":"","meta":[],"product_cat":[303],"product_tag":[],"_links":{"self":[{"href":"https:\/\/stularplus.com\/pl\/wp-json\/wp\/v2\/product\/12760"}],"collection":[{"href":"https:\/\/stularplus.com\/pl\/wp-json\/wp\/v2\/product"}],"about":[{"href":"https:\/\/stularplus.com\/pl\/wp-json\/wp\/v2\/types\/product"}],"wp:featuredmedia":[{"embeddable":true,"href":"https:\/\/stularplus.com\/pl\/wp-json\/wp\/v2\/media\/12762"}],"wp:attachment":[{"href":"https:\/\/stularplus.com\/pl\/wp-json\/wp\/v2\/media?parent=12760"}],"wp:term":[{"taxonomy":"product_cat","embeddable":true,"href":"https:\/\/stularplus.com\/pl\/wp-json\/wp\/v2\/product_cat?post=12760"},{"taxonomy":"product_tag","embeddable":true,"href":"https:\/\/stularplus.com\/pl\/wp-json\/wp\/v2\/product_tag?post=12760"}],"curies":[{"name":"wp","href":"https:\/\/api.w.org\/{rel}","templated":true}]}}