{"id":12764,"date":"2021-12-05T02:29:40","date_gmt":"2021-12-05T01:29:40","guid":{"rendered":"https:\/\/stularplus.com\/opaska-kablowa-czarna-200-x-25-mm-100-szt\/"},"modified":"2025-12-20T22:51:57","modified_gmt":"2025-12-20T21:51:57","slug":"opaska-kablowa-czarna-200-x-25-mm-100-szt","status":"publish","type":"product","link":"https:\/\/stularplus.com\/pl\/opaska-kablowa-czarna-200-x-25-mm-100-szt\/","title":{"rendered":"Opaska kablowa czarna 200 x 2,5 mm (100 szt.)"},"content":{"rendered":"<p><strong>Avery Dennison<\/strong> <strong>opaska kablowa<\/strong> 200 x 2,5 mm CZARNA. Jedno opakowanie zawiera 100 <strong>opasek kablowych<\/strong> (1 szt. = 100 sztuk). <\/p>\n<p><strong>Opaski zaciskowe<\/strong> znajduj\u0105 zastosowanie w wielu bran\u017cach &#8211; elektrycznej, elektronicznej, telekomunikacyjnej, transportowej, CATV (telewizja kablowa), HVAC (ogrzewanie, wentylacja i klimatyzacja), opakowaniowej, handlowej, ga\u015bnic, napoj\u00f3w i wielu innych.<\/p>\n<p>Cena za opakowanie 100 sztuk.<\/p>\n<p>D\u0142ugo\u015b\u0107: 200 mm<br \/>\nSzeroko\u015b\u0107: 2,5 mm<\/p>\n","protected":false},"excerpt":{"rendered":"<p><b>Opaska kablowa 200 x 2,5 mm CZARNA<\/b>. Wysokiej jako\u015bci opaski kablowe produkowane przez Avery Dennison. <\/p>\n<p>Cena za opakowanie 100 sztuk.<\/p>\n","protected":false},"featured_media":12765,"template":"","meta":[],"product_cat":[298],"product_tag":[],"_links":{"self":[{"href":"https:\/\/stularplus.com\/pl\/wp-json\/wp\/v2\/product\/12764"}],"collection":[{"href":"https:\/\/stularplus.com\/pl\/wp-json\/wp\/v2\/product"}],"about":[{"href":"https:\/\/stularplus.com\/pl\/wp-json\/wp\/v2\/types\/product"}],"wp:featuredmedia":[{"embeddable":true,"href":"https:\/\/stularplus.com\/pl\/wp-json\/wp\/v2\/media\/12765"}],"wp:attachment":[{"href":"https:\/\/stularplus.com\/pl\/wp-json\/wp\/v2\/media?parent=12764"}],"wp:term":[{"taxonomy":"product_cat","embeddable":true,"href":"https:\/\/stularplus.com\/pl\/wp-json\/wp\/v2\/product_cat?post=12764"},{"taxonomy":"product_tag","embeddable":true,"href":"https:\/\/stularplus.com\/pl\/wp-json\/wp\/v2\/product_tag?post=12764"}],"curies":[{"name":"wp","href":"https:\/\/api.w.org\/{rel}","templated":true}]}}