{"id":12767,"date":"2021-12-05T02:29:40","date_gmt":"2021-12-05T01:29:40","guid":{"rendered":"https:\/\/stularplus.com\/opaska-kablowa-160-x-25-mm-100\/"},"modified":"2025-12-20T22:52:00","modified_gmt":"2025-12-20T21:52:00","slug":"opaska-kablowa-160-x-25-mm-100","status":"publish","type":"product","link":"https:\/\/stularplus.com\/pl\/opaska-kablowa-160-x-25-mm-100\/","title":{"rendered":"Opaska kablowa 160 X 2,5 mm (100)"},"content":{"rendered":"<div class=\"elementor-element elementor-element-219ff3a elementor-widget elementor-widget-woocommerce-product-content\" data-id=\"219ff3a\" data-element_type=\"widget\" data-widget_type=\"woocommerce-product-content.default\">\n<div class=\"elementor-widget-container\">\n<p><strong>Opaska kablowa Avery Dennison<\/strong> 160 x 2,5 mm. Jedno opakowanie zawiera 100 <strong>opasek kablowych<\/strong> (1 szt. = 100 sztuk). <\/p>\n<p><strong>Opaski kablowe<\/strong> s\u0105 stosowane w r\u00f3\u017cnych zastosowaniach w wielu bran\u017cach &#8211; <strong>elektrycznej<\/strong>, <strong>elektronicznej<\/strong>, telekomunikacyjnej, transportowej, CATV (telewizja kablowa), HVAC (ogrzewanie, wentylacja i klimatyzacja), opakowaniowej, detalicznej, ga\u015bnic, napoj\u00f3w i wielu innych.<\/p>\n<p>Cena za opakowanie 100 sztuk.<\/p>\n<\/div>\n<\/div>\n<p>D\u0142ugo\u015b\u0107: 160 mm<br \/>\nSzeroko\u015b\u0107: 2,5 mm<\/p>\n","protected":false},"excerpt":{"rendered":"<p><b>Opaska kablowa 160 x 2,5 mm<\/b>. Wysokiej jako\u015bci opaski kablowe produkowane przez Avery Dennison. <\/p>\n<p>Cena za opakowanie 100 sztuk.<\/p>\n","protected":false},"featured_media":12768,"template":"","meta":[],"product_cat":[298],"product_tag":[],"_links":{"self":[{"href":"https:\/\/stularplus.com\/pl\/wp-json\/wp\/v2\/product\/12767"}],"collection":[{"href":"https:\/\/stularplus.com\/pl\/wp-json\/wp\/v2\/product"}],"about":[{"href":"https:\/\/stularplus.com\/pl\/wp-json\/wp\/v2\/types\/product"}],"wp:featuredmedia":[{"embeddable":true,"href":"https:\/\/stularplus.com\/pl\/wp-json\/wp\/v2\/media\/12768"}],"wp:attachment":[{"href":"https:\/\/stularplus.com\/pl\/wp-json\/wp\/v2\/media?parent=12767"}],"wp:term":[{"taxonomy":"product_cat","embeddable":true,"href":"https:\/\/stularplus.com\/pl\/wp-json\/wp\/v2\/product_cat?post=12767"},{"taxonomy":"product_tag","embeddable":true,"href":"https:\/\/stularplus.com\/pl\/wp-json\/wp\/v2\/product_tag?post=12767"}],"curies":[{"name":"wp","href":"https:\/\/api.w.org\/{rel}","templated":true}]}}