{"id":12771,"date":"2022-02-28T12:19:46","date_gmt":"2022-02-28T11:19:46","guid":{"rendered":"https:\/\/stularplus.com\/mkiii-p-g-meat-tagger-narzedzie-do-znakowania-miesa\/"},"modified":"2025-12-20T22:52:12","modified_gmt":"2025-12-20T21:52:12","slug":"mkiii-p-g-meat-tagger-narzedzie-do-znakowania-miesa","status":"publish","type":"product","link":"https:\/\/stularplus.com\/pl\/mkiii-p-g-meat-tagger-narzedzie-do-znakowania-miesa\/","title":{"rendered":"MKIII P.G. MEAT TAGGER &#8211; narz\u0119dzie do znakowania mi\u0119sa"},"content":{"rendered":"<p>Najlepsze rozwi\u0105zanie do <strong>znakowania mi\u0119sa.<\/strong><br \/>\nAvery Dennison opracowa\u0142 <strong>system znakowania mi\u0119sa<\/strong> &#8211; specjalny <strong>pistolet do znakowania<\/strong> i <strong>podw\u00f3jne zapi\u0119cia do mi\u0119sa<\/strong>.<\/p>\n<p>Zaprojektowany dla <strong>przemys\u0142u spo\u017cywczego<\/strong>, posiada wzmocniony blokad\u0119 ig\u0142y i jest <strong>wykonany z materia\u0142\u00f3w odpornych na korozj\u0119<\/strong> wraz z gumow\u0105 smycz\u0105. Posiada r\u00f3wnie\u017c kilka otwor\u00f3w drena\u017cowych, dzi\u0119ki czemu zanieczyszczenia mo\u017cna szybko i \u0142atwo wyp\u0142uka\u0107. U\u017cywa\u0107 ze specjaln\u0105 <strong>ig\u0142\u0105 ze stali nierdzewnej<\/strong>.  <\/p>\n<p>Znakowanie \u015bwie\u017cego mi\u0119sa nie stanowi problemu. <strong>Tag Fast<\/strong> zosta\u0142 specjalnie stworzony, aby zapewni\u0107, \u017ce etykiety identyfikacyjne nie zostan\u0105 utracone podczas procesu. Wykonane z nylonu dopuszczonego do kontaktu z \u017cywno\u015bci\u0105 i wyposa\u017cone w podw\u00f3jn\u0105 g\u0142\u00f3wk\u0119 \u0142opatkow\u0105, s\u0105 \u0142atwe do usuni\u0119cia bez pozostawiania jakichkolwiek pozosta\u0142o\u015bci w \u017cywno\u015bci. Zaprojektowane do intensywnego u\u017cytkowania, takiego jak aplikacje znakowania mi\u0119sa.  <\/p>\n<p><strong>Ig\u0142y ze stali nierdzewnej s\u0105 odporne na korozj\u0119.<\/strong><br \/>\n<strong>Wyj\u0105tkowo mocne podw\u00f3jne zapi\u0119cia \u0142opatkowe<\/strong> zapewniaj\u0105 mocny chwyt dla \u0142atwego i ca\u0142kowitego usuni\u0119cia.<\/p>\n<p><strong>Zatwierdzone przez FDA<\/strong> i wykonane z materia\u0142\u00f3w certyfikowanych do kontaktu z \u017cywno\u015bci\u0105.<\/p>\n<p>Waga: 0,12 kg\/szt.<\/p>\n","protected":false},"excerpt":{"rendered":"<p>Narz\u0119dzie z uchwytem pistoletowym do <b>znakowania mi\u0119sa<\/b>. Zatwierdzone przez FDA i wykonane z materia\u0142\u00f3w certyfikowanych do kontaktu z \u017cywno\u015bci\u0105. <\/p>\n","protected":false},"featured_media":12772,"template":"","meta":[],"product_cat":[345],"product_tag":[],"_links":{"self":[{"href":"https:\/\/stularplus.com\/pl\/wp-json\/wp\/v2\/product\/12771"}],"collection":[{"href":"https:\/\/stularplus.com\/pl\/wp-json\/wp\/v2\/product"}],"about":[{"href":"https:\/\/stularplus.com\/pl\/wp-json\/wp\/v2\/types\/product"}],"wp:featuredmedia":[{"embeddable":true,"href":"https:\/\/stularplus.com\/pl\/wp-json\/wp\/v2\/media\/12772"}],"wp:attachment":[{"href":"https:\/\/stularplus.com\/pl\/wp-json\/wp\/v2\/media?parent=12771"}],"wp:term":[{"taxonomy":"product_cat","embeddable":true,"href":"https:\/\/stularplus.com\/pl\/wp-json\/wp\/v2\/product_cat?post=12771"},{"taxonomy":"product_tag","embeddable":true,"href":"https:\/\/stularplus.com\/pl\/wp-json\/wp\/v2\/product_tag?post=12771"}],"curies":[{"name":"wp","href":"https:\/\/api.w.org\/{rel}","templated":true}]}}