{"id":12839,"date":"2021-12-05T02:29:51","date_gmt":"2021-12-05T01:29:51","guid":{"rendered":"https:\/\/stularplus.com\/sznurek-konopny-180mm-z-koncowka-polimerowa-100-szt\/"},"modified":"2025-12-20T22:52:48","modified_gmt":"2025-12-20T21:52:48","slug":"sznurek-konopny-180mm-z-koncowka-polimerowa-100-szt","status":"publish","type":"product","link":"https:\/\/stularplus.com\/pl\/sznurek-konopny-180mm-z-koncowka-polimerowa-100-szt\/","title":{"rendered":"Sznurek konopny 180mm z ko\u0144c\u00f3wk\u0105 polimerow\u0105 (100 szt.)"},"content":{"rendered":"<p>NATURALNY SZNUREK KONOPNY<\/p>\n<p>Naturalny sznurek nadaje produktom jeszcze bardziej wyj\u0105tkowy wygl\u0105d i ekologiczny charakter. Sznurek wykonany jest z konopi i posiada ko\u0144c\u00f3wk\u0119 polimerow\u0105. \u015awietne rozwi\u0105zanie do znakowania produkt\u00f3w butikowych, unikatowej odzie\u017cy i innych wyrob\u00f3w r\u0119kodzielniczych. Zadbaj o eleganckie oznakowanie swoich produkt\u00f3w, jednocze\u015bnie dbaj\u0105c o \u015brodowisko.   <\/p>\n<p>D\u0142ugo\u015b\u0107: 180 mm<\/p>\n<p>Kolor: naturalny<\/p>\n<p>Opakowanie: 100 szt.<\/p>\n","protected":false},"excerpt":{"rendered":"<p>Sznurek 180mm wykonany z konopi z ko\u0144c\u00f3wk\u0105 PP.<\/p>\n<p>Cena obowi\u0105zuje za 100 sztuk.<\/p>\n","protected":false},"featured_media":12840,"template":"","meta":[],"product_cat":[287,339],"product_tag":[],"_links":{"self":[{"href":"https:\/\/stularplus.com\/pl\/wp-json\/wp\/v2\/product\/12839"}],"collection":[{"href":"https:\/\/stularplus.com\/pl\/wp-json\/wp\/v2\/product"}],"about":[{"href":"https:\/\/stularplus.com\/pl\/wp-json\/wp\/v2\/types\/product"}],"wp:featuredmedia":[{"embeddable":true,"href":"https:\/\/stularplus.com\/pl\/wp-json\/wp\/v2\/media\/12840"}],"wp:attachment":[{"href":"https:\/\/stularplus.com\/pl\/wp-json\/wp\/v2\/media?parent=12839"}],"wp:term":[{"taxonomy":"product_cat","embeddable":true,"href":"https:\/\/stularplus.com\/pl\/wp-json\/wp\/v2\/product_cat?post=12839"},{"taxonomy":"product_tag","embeddable":true,"href":"https:\/\/stularplus.com\/pl\/wp-json\/wp\/v2\/product_tag?post=12839"}],"curies":[{"name":"wp","href":"https:\/\/api.w.org\/{rel}","templated":true}]}}