{"id":12889,"date":"2021-12-05T02:29:51","date_gmt":"2021-12-05T01:29:51","guid":{"rendered":"https:\/\/stularplus.com\/jednoliniowy-numerator-reczny-8-cyfr-premium\/"},"modified":"2025-12-20T22:53:33","modified_gmt":"2025-12-20T21:53:33","slug":"jednoliniowy-numerator-reczny-8-cyfr-premium","status":"publish","type":"product","link":"https:\/\/stularplus.com\/pl\/jednoliniowy-numerator-reczny-8-cyfr-premium\/","title":{"rendered":"JEDNOLINIOWY NUMERATOR R\u0118CZNY &#8211; 8 cyfr Premium"},"content":{"rendered":"<p><strong>Numerator r\u0119czny Avery Dennison CAS 1\/8<br \/>\n<\/strong><\/p>\n<p><strong>Numerator r\u0119czny<\/strong> jednoliniowy &#8211; 8 cyfr, z cyframi i symbolami walut \u20ac, \u00a3,&#8230;<\/p>\n<p><strong>Pistolet cenowy Avery Dennison<\/strong> oferuje ergonomiczny, lekki design po\u0142\u0105czony z trwa\u0142o\u015bci\u0105 odpornych na uderzenia tworzyw sztucznych. Nasze numeratory s\u0105 powszechnie u\u017cywane do oznaczania cen, przecen, ponownego oznaczania, kodowania dat i kontroli jako\u015bci. Numeratory r\u0119czne Avery Dennison s\u0105 u\u017cywane przez sprzedawc\u00f3w na ca\u0142ym \u015bwiecie do etykiet cenowych.  <\/p>\n<p><strong>Specyfikacja og\u00f3lna:<\/strong><\/p>\n<p>Spos\u00f3b dzia\u0142ania: <strong>Naci\u015bnij<\/strong>, <strong>Zwolnij<\/strong> i <strong>Przyklej<\/strong><\/p>\n<p>Kierunek druku: <strong>Poziomy<\/strong> (druk poziomy)<\/p>\n<p>Wy\u015bwietlacz druku: <strong>1234567890<\/strong><\/p>\n<p>Wy\u015bwietlanie walut\/symboli: <strong>\u20ac, \u00a3, Fr, Kr,YTL, TL, KC, PY\u0411, K\u043f, \u0414NH, \u041bB, Lei, Z\u0141<\/strong><\/p>\n<p>Linie druku: <strong>1<\/strong><\/p>\n<p>Maks. liczba pozycji w rz\u0119dzie: <strong>8<\/strong> <\/p>\n<p><strong>Cechy:<\/strong><\/p>\n<p><strong>Prostota<\/strong><\/p>\n<p>Numerator r\u0119czny Avery Dennison LC1\/8 jest bardzo \u0142atwy w obs\u0142udze. Wystarczy za\u0142adowa\u0107 etykiety, ustawi\u0107 cen\u0119 produktu i zacz\u0105\u0107 klika\u0107 i przykleja\u0107. <\/p>\n<p><strong>Przeno\u015bno\u015b\u0107<\/strong><\/p>\n<p>Pistolet cenowy Avery Dennison LC1\/8 jest bardzo lekki, poniewa\u017c wa\u017cy tylko 0,36 kg w pe\u0142ni za\u0142adowany. Dzi\u0119ki kompaktowej konstrukcji mo\u017cna go swobodnie przenosi\u0107 po sklepie i \u0142atwo u\u017cywa\u0107 w ca\u0142ym sklepie. <\/p>\n<p><strong>Wszechstronno\u015b\u0107<\/strong><\/p>\n<p><span id=\"result_box\" lang=\"en\"><span class=\"hps\">Numerator r\u0119czny<\/span> <span class=\"hps\">Avery<\/span> <span class=\"hps\">Dennison<\/span> LC1\/8 <span class=\"hps\">to wi\u0119cej ni\u017c tylko<\/span> <span class=\"hps\">oznaczanie<\/span> <span class=\"hps\">cen<\/span>. <span class=\"hps\">Mo\u017cna go u\u017cywa\u0107<\/span> <span class=\"hps\">do r\u00f3\u017cnych cel\u00f3w<\/span>, szybkich <span class=\"hps\">dzia\u0142a\u0144<\/span> <span class=\"hps\">na<\/span> <span class=\"hps\">p\u00f3\u0142kach<\/span> <span class=\"hps\">sklepowych<\/span> <span class=\"hps\">jak<\/span> <span class=\"hps\">ni\u017csze ceny<\/span>, ceny promocyjne, na przyk\u0142ad.<\/span><\/p>\n<p><strong>R\u00f3\u017cnorodno\u015b\u0107<\/strong><\/p>\n<p>Mo\u017cna <span id=\"result_box\" lang=\"en\"><span class=\"hps\">wybiera\u0107 z<\/span> <span class=\"hps\">naszej<\/span> <span class=\"hps\">szerokiej gamy<\/span> <span class=\"hps\">etykiet.<\/span> <span class=\"hps\">R\u00f3\u017cne kolory<\/span>, <span class=\"hps\">r\u00f3\u017cne zastosowania<\/span>, <span class=\"hps\">etykiety<\/span> usuwalne lub nieusuwalne <span class=\"hps\">tam<\/span> <span class=\"hps\">gdzie bezpiecze\u0144stwo jest wa\u017cne<\/span>, na przyk\u0142ad.<\/span><\/p>\n<p><strong>Niezawodno\u015b\u0107<\/strong><\/p>\n<p><span id=\"result_box\" lang=\"en\"><span class=\"hps\">Avery<\/span> <span class=\"hps\">Dennison<\/span> <span class=\"hps\">to marka<\/span> <span class=\"hps\">obecna<\/span> <span class=\"hps\">na \u015bwiatowym<\/span> <span class=\"hps\">rynku od<\/span> <span class=\"hps\">1960 roku.<\/span> <span class=\"hps\">Jest synonimem<\/span> <span class=\"hps\">jako\u015bci i<\/span> <span class=\"hps\">jest niezast\u0105piona<\/span> <span class=\"hps\">w bran\u017cy.<\/span><\/span><\/p>\n<p>Waga:<br \/>\n0,36 kg\/szt.<\/p>\n","protected":false},"excerpt":{"rendered":"<p>Pistolet cenowy Avery Dennison. Jednoliniowy 8 cyfr. Idealny do oznaczania produkt\u00f3w cen\u0105, dat\u0105, kodem itp. JAKO\u015a\u0106 PREMIUM.   <\/p>\n","protected":false},"featured_media":12894,"template":"","meta":[],"product_cat":[351],"product_tag":[],"_links":{"self":[{"href":"https:\/\/stularplus.com\/pl\/wp-json\/wp\/v2\/product\/12889"}],"collection":[{"href":"https:\/\/stularplus.com\/pl\/wp-json\/wp\/v2\/product"}],"about":[{"href":"https:\/\/stularplus.com\/pl\/wp-json\/wp\/v2\/types\/product"}],"wp:featuredmedia":[{"embeddable":true,"href":"https:\/\/stularplus.com\/pl\/wp-json\/wp\/v2\/media\/12894"}],"wp:attachment":[{"href":"https:\/\/stularplus.com\/pl\/wp-json\/wp\/v2\/media?parent=12889"}],"wp:term":[{"taxonomy":"product_cat","embeddable":true,"href":"https:\/\/stularplus.com\/pl\/wp-json\/wp\/v2\/product_cat?post=12889"},{"taxonomy":"product_tag","embeddable":true,"href":"https:\/\/stularplus.com\/pl\/wp-json\/wp\/v2\/product_tag?post=12889"}],"curies":[{"name":"wp","href":"https:\/\/api.w.org\/{rel}","templated":true}]}}