{"id":12922,"date":"2021-12-05T02:29:50","date_gmt":"2021-12-05T01:29:50","guid":{"rendered":"https:\/\/stularplus.com\/stringtach-czarny-sznurek-120mm-1-000-szt\/"},"modified":"2025-12-20T22:54:27","modified_gmt":"2025-12-20T21:54:27","slug":"stringtach-czarny-sznurek-120mm-1-000-szt","status":"publish","type":"product","link":"https:\/\/stularplus.com\/pl\/stringtach-czarny-sznurek-120mm-1-000-szt\/","title":{"rendered":"StringTach czarny sznurek 120mm (1.000 szt.)"},"content":{"rendered":"<p>Sznurki StringTach wykonane z materia\u0142u tekstylnego. \u0141\u0105cz\u0105 estetyczny wygl\u0105d sznurka z szybko\u015bci\u0105 i bezpiecze\u0144stwem konwencjonalnej p\u0119tli. <\/p>\n<p>Specjalna ko\u0144c\u00f3wka u\u0142atwia przewlekanie przez zamki b\u0142yskawiczne lub oczka.<\/p>\n<p>Sznurki StringTach s\u0105 idealne do etykietowania eleganckich ubra\u0144 i produkt\u00f3w o wy\u017cszej warto\u015bci. Sznurki nadaj\u0105 produktom jeszcze bardziej elegancki wygl\u0105d. <\/p>\n<p>D\u0142ugo\u015b\u0107: 120mm<\/p>\n<p>Kolor: czarny<\/p>\n<p>Opakowanie: 1.000 szt.<\/p>\n","protected":false},"excerpt":{"rendered":"<p><strong>StringTach<\/strong> sznurek tekstylny. \u0141atwe etykietowanie eleganckich tekstyli\u00f3w, a tak\u017ce bi\u017cuterii, toreb, zegark\u00f3w itp. <\/p>\n<p>Cena obowi\u0105zuje za 1.000 sztuk.<\/p>\n","protected":false},"featured_media":12924,"template":"","meta":[],"product_cat":[287,339],"product_tag":[],"_links":{"self":[{"href":"https:\/\/stularplus.com\/pl\/wp-json\/wp\/v2\/product\/12922"}],"collection":[{"href":"https:\/\/stularplus.com\/pl\/wp-json\/wp\/v2\/product"}],"about":[{"href":"https:\/\/stularplus.com\/pl\/wp-json\/wp\/v2\/types\/product"}],"wp:featuredmedia":[{"embeddable":true,"href":"https:\/\/stularplus.com\/pl\/wp-json\/wp\/v2\/media\/12924"}],"wp:attachment":[{"href":"https:\/\/stularplus.com\/pl\/wp-json\/wp\/v2\/media?parent=12922"}],"wp:term":[{"taxonomy":"product_cat","embeddable":true,"href":"https:\/\/stularplus.com\/pl\/wp-json\/wp\/v2\/product_cat?post=12922"},{"taxonomy":"product_tag","embeddable":true,"href":"https:\/\/stularplus.com\/pl\/wp-json\/wp\/v2\/product_tag?post=12922"}],"curies":[{"name":"wp","href":"https:\/\/api.w.org\/{rel}","templated":true}]}}