{"id":12964,"date":"2021-12-05T02:29:37","date_gmt":"2021-12-05T01:29:37","guid":{"rendered":"https:\/\/stularplus.com\/wozek-flexi-zolty\/"},"modified":"2025-12-20T22:55:03","modified_gmt":"2025-12-20T21:55:03","slug":"wozek-flexi-zolty","status":"publish","type":"product","link":"https:\/\/stularplus.com\/pl\/wozek-flexi-zolty\/","title":{"rendered":"W\u00f3zek Flexi \u017c\u00f3\u0142ty"},"content":{"rendered":"<p>W\u00f3zki sklepowe Flexi <strong>s\u0105 wykonane<\/strong> z <strong>wytrzyma\u0142ego tworzywa sztucznego<\/strong> i s\u0105 odporne na uderzenia. Najnowszy i nowoczesny design <g id=\"gid_2\">w\u00f3zk\u00f3w sklepowych<\/g> na rynku. Dzi\u0119ki <strong>du\u017cej pojemno\u015bci (64 litry)<\/strong> mog\u0105 zwi\u0119kszy\u0107 sprzeda\u017c o 40%, a klient nie odnosi wra\u017cenia du\u017cych zakup\u00f3w.   Du\u017ce obrotowe k\u00f3\u0142ka sprawiaj\u0105, \u017ce w\u00f3zek jest \u0142atwy w prowadzeniu i przyjazny dla u\u017cytkownika. Spos\u00f3b prowadzenia: ci\u0105gnij lub pchaj. <\/p>\n<p>Korzy\u015bci <strong>w\u00f3zka sklepowego<\/strong> Flexi:<\/p>\n<p>&#8211; Wyj\u0105tkowa lekko\u015b\u0107 i mobilno\u015b\u0107<br \/>\n&#8211; Pojemno\u015b\u0107 64 litry<br \/>\n&#8211; Do 40% wy\u017csza sprzeda\u017c<br \/>\n&#8211; Wbudowany system zabezpiecze\u0144 EAS<br \/>\n&#8211; Miejsce na reklam\u0119<br \/>\n&#8211; Wzmocniony uchwyt wykonany z jednego elementu<br \/>\n&#8211; Trwa\u0142e tworzywo sztuczne<br \/>\n&#8211; \u0141atwy w czyszczeniu<br \/>\n&#8211; Gwarancja: 1 rok<\/p>\n<p><strong>Dane techniczne:<\/strong><br \/>\n&#8211; Pojemno\u015b\u0107: 64 litry<br \/>\n&#8211; Waga: 2100 g<br \/>\n&#8211; Wymiary (mm): 480 x 455 x 860<\/p>\n<p><strong>RECYKLING<\/strong><br \/>\nW\u00f3zek zosta\u0142 zaprojektowany w celu uproszczenia procesu recyklingu. Sta\u0142 si\u0119 jednym z nielicznych w\u00f3zk\u00f3w sklepowych Flexi Cart PP z k\u00f3\u0142kami, kt\u00f3ry jest \u0142atwy i ta\u0144szy w recyklingu.<br \/>\nOznacza to dalsz\u0105 gwarancj\u0119 jako\u015bci i ochrony \u015brodowiska. <\/p>\n<p><strong>Wyprodukowano w UE.<\/strong><\/p>\n","protected":false},"excerpt":{"rendered":"<p><b>W\u00f3zek sklepowy Flexi, \u017c\u00f3\u0142ty.<\/b> Pojemno\u015b\u0107 64 litry. Doskona\u0142a alternatywa dla metalowych w\u00f3zk\u00f3w. W\u00f3zek Flexi jest \u0142atwy w obs\u0142udze, lekki i bardzo zwrotny.  <\/p>\n","protected":false},"featured_media":12965,"template":"","meta":[],"product_cat":[304],"product_tag":[],"_links":{"self":[{"href":"https:\/\/stularplus.com\/pl\/wp-json\/wp\/v2\/product\/12964"}],"collection":[{"href":"https:\/\/stularplus.com\/pl\/wp-json\/wp\/v2\/product"}],"about":[{"href":"https:\/\/stularplus.com\/pl\/wp-json\/wp\/v2\/types\/product"}],"wp:featuredmedia":[{"embeddable":true,"href":"https:\/\/stularplus.com\/pl\/wp-json\/wp\/v2\/media\/12965"}],"wp:attachment":[{"href":"https:\/\/stularplus.com\/pl\/wp-json\/wp\/v2\/media?parent=12964"}],"wp:term":[{"taxonomy":"product_cat","embeddable":true,"href":"https:\/\/stularplus.com\/pl\/wp-json\/wp\/v2\/product_cat?post=12964"},{"taxonomy":"product_tag","embeddable":true,"href":"https:\/\/stularplus.com\/pl\/wp-json\/wp\/v2\/product_tag?post=12964"}],"curies":[{"name":"wp","href":"https:\/\/api.w.org\/{rel}","templated":true}]}}