{"id":12988,"date":"2021-12-05T02:29:37","date_gmt":"2021-12-05T01:29:37","guid":{"rendered":"https:\/\/stularplus.com\/koszyk-flexi-21l-czerwony\/"},"modified":"2025-12-20T22:55:32","modified_gmt":"2025-12-20T21:55:32","slug":"koszyk-flexi-21l-czerwony","status":"publish","type":"product","link":"https:\/\/stularplus.com\/pl\/koszyk-flexi-21l-czerwony\/","title":{"rendered":"Koszyk Flexi 21L Czerwony"},"content":{"rendered":"<p>Koszyki <strong>zakupowe Flexi<\/strong> s\u0105 wykonane z <strong>wytrzyma\u0142ego twardego plastiku<\/strong> i s\u0105 <strong>odporne na uderzenia.<\/strong> Najnowszy i nowoczesny design <strong>koszyk\u00f3w zakupowych<\/strong> na rynku.<\/p>\n<p>G\u0142\u00f3wne cechy <strong>koszyka zakupowego Flexi<\/strong>:<\/p>\n<p>&#8211; Pojemno\u015b\u0107 21 litr\u00f3w<br \/>\n&#8211; Ergonomiczny, poniewa\u017c na\u015bladuje naturalny kszta\u0142t koszyka<br \/>\n&#8211; \u0141atwy do czyszczenia i przechowywania na w\u00f3zku platformowym<br \/>\n&#8211; Miejsce na reklam\u0119<br \/>\n&#8211; Wytrzyma\u0142y plastik<br \/>\n&#8211; Poniewa\u017c sk\u0142ada si\u0119 z jednego materia\u0142u, jest w 100% nadaj\u0105cy si\u0119 do recyklingu<br \/>\n&#8211; \u0141atwy do czyszczenia<br \/>\n&#8211; Gwarancja: 1 rok<\/p>\n<p><strong>Dane techniczne:<\/strong><br \/>\n&#8211; Pojemno\u015b\u0107: 21 litr\u00f3w<br \/>\n&#8211; Waga: 710 g<br \/>\n&#8211; Wymiary (mm): 510 x 350 x 206<\/p>\n<p><strong>RECYKLING<\/strong><br \/>\nElementy z recyklingu w naszych koszykach (od 10% do 60%) pochodz\u0105 z naszych starych <strong>koszyk\u00f3w<\/strong>.<br \/>\nStanowi to dodatkow\u0105 gwarancj\u0119 jako\u015bci i troski o \u015brodowisko.<\/p>\n<p><strong>Wyprodukowano w UE.<\/strong><\/p>\n","protected":false},"excerpt":{"rendered":"<p><b>Koszyk zakupowy Flexi CZERWONY.<\/b>  Pojemno\u015b\u0107 21 litr\u00f3w. Najnowszy design koszyka zakupowego na rynku. <\/p>\n","protected":false},"featured_media":12989,"template":"","meta":[],"product_cat":[341],"product_tag":[],"_links":{"self":[{"href":"https:\/\/stularplus.com\/pl\/wp-json\/wp\/v2\/product\/12988"}],"collection":[{"href":"https:\/\/stularplus.com\/pl\/wp-json\/wp\/v2\/product"}],"about":[{"href":"https:\/\/stularplus.com\/pl\/wp-json\/wp\/v2\/types\/product"}],"wp:featuredmedia":[{"embeddable":true,"href":"https:\/\/stularplus.com\/pl\/wp-json\/wp\/v2\/media\/12989"}],"wp:attachment":[{"href":"https:\/\/stularplus.com\/pl\/wp-json\/wp\/v2\/media?parent=12988"}],"wp:term":[{"taxonomy":"product_cat","embeddable":true,"href":"https:\/\/stularplus.com\/pl\/wp-json\/wp\/v2\/product_cat?post=12988"},{"taxonomy":"product_tag","embeddable":true,"href":"https:\/\/stularplus.com\/pl\/wp-json\/wp\/v2\/product_tag?post=12988"}],"curies":[{"name":"wp","href":"https:\/\/api.w.org\/{rel}","templated":true}]}}