{"id":13026,"date":"2021-12-05T02:29:28","date_gmt":"2021-12-05T01:29:28","guid":{"rendered":"https:\/\/stularplus.com\/37mm-bardzo-wytrzymale-koncowki-t\/"},"modified":"2025-12-20T22:56:21","modified_gmt":"2025-12-20T21:56:21","slug":"37mm-bardzo-wytrzymale-koncowki-t","status":"publish","type":"product","link":"https:\/\/stularplus.com\/pl\/37mm-bardzo-wytrzymale-koncowki-t\/","title":{"rendered":"37mm Bardzo wytrzyma\u0142e ko\u0144c\u00f3wki T"},"content":{"rendered":"<div class=\"elementor-element elementor-element-219ff3a elementor-widget elementor-widget-woocommerce-product-content\" data-id=\"219ff3a\" data-element_type=\"widget\" data-widget_type=\"woocommerce-product-content.default\">\n<div class=\"elementor-widget-container\">\n<div class=\"elementor-element elementor-element-93a7a1e elementor-widget elementor-widget-woocommerce-product-content\" data-id=\"93a7a1e\" data-element_type=\"widget\" data-widget_type=\"woocommerce-product-content.default\">\n<div class=\"elementor-widget-container\">\n<p>System <strong>ko\u0144c\u00f3wek T o zwi\u0119kszonej wytrzyma\u0142o\u015bci<\/strong> zosta\u0142 zaprojektowany do uproszczenia procesu formowania obuwia i pakowania.<\/p>\n<p><strong>Avery Dennison<\/strong> oferuje szeroki wyb\u00f3r \u0142\u0105cznik\u00f3w o wysokiej wytrzyma\u0142o\u015bci na rozci\u0105ganie, do stosowania z ma\u0142ymi i du\u017cymi oczkami. \u0141\u0105czniki te stanowi\u0105 szybk\u0105, such\u0105 i bezzapachow\u0105 alternatyw\u0119 dla klej\u00f3w i substancji klej\u0105cych \u2013 <strong>zacznij oszcz\u0119dza\u0107 czas<\/strong> i <strong>pieni\u0105dze<\/strong> dzi\u0119ki <strong>Systemowi \u0141\u0105czenia Materacy.<\/strong> <\/p>\n<p>Eliminuje nieporz\u0105dek zwi\u0105zany ze sprayami, klejami termotopliwymi i klejami wodnymi za jednym klikni\u0119ciem.<\/p>\n<p>Waga: 0,72 kg\/szt.<\/p>\n<\/div>\n<\/div>\n<\/div>\n<\/div>\n","protected":false},"excerpt":{"rendered":"<p>Oryginalne <b>bardzo wytrzyma\u0142e ko\u0144c\u00f3wki T<\/b> Avery Dennison 37 mm NY (nylonowe). Pude\u0142ko zawiera 3000 \u0142\u0105cznik\u00f3w. Doskona\u0142a alternatywa dla k\u0142opotliwych spray\u00f3w, klej\u00f3w termotopliwych i klej\u00f3w na bazie wody. PUDE\u0141KO ZAWIERA 3000 SZT.   <\/p>\n","protected":false},"featured_media":13027,"template":"","meta":[],"product_cat":[310],"product_tag":[],"_links":{"self":[{"href":"https:\/\/stularplus.com\/pl\/wp-json\/wp\/v2\/product\/13026"}],"collection":[{"href":"https:\/\/stularplus.com\/pl\/wp-json\/wp\/v2\/product"}],"about":[{"href":"https:\/\/stularplus.com\/pl\/wp-json\/wp\/v2\/types\/product"}],"wp:featuredmedia":[{"embeddable":true,"href":"https:\/\/stularplus.com\/pl\/wp-json\/wp\/v2\/media\/13027"}],"wp:attachment":[{"href":"https:\/\/stularplus.com\/pl\/wp-json\/wp\/v2\/media?parent=13026"}],"wp:term":[{"taxonomy":"product_cat","embeddable":true,"href":"https:\/\/stularplus.com\/pl\/wp-json\/wp\/v2\/product_cat?post=13026"},{"taxonomy":"product_tag","embeddable":true,"href":"https:\/\/stularplus.com\/pl\/wp-json\/wp\/v2\/product_tag?post=13026"}],"curies":[{"name":"wp","href":"https:\/\/api.w.org\/{rel}","templated":true}]}}