{"id":13053,"date":"2021-12-05T02:29:19","date_gmt":"2021-12-05T01:29:19","guid":{"rendered":"https:\/\/stularplus.com\/tusz-do-numeratorow-hl-i-cas\/"},"modified":"2025-12-22T00:13:16","modified_gmt":"2025-12-21T23:13:16","slug":"tusz-do-numeratorow-hl-i-cas","status":"publish","type":"product","link":"https:\/\/stularplus.com\/pl\/tusz-do-numeratorow-hl-i-cas\/","title":{"rendered":"TUSZ DO NUMERATOR\u00d3W `HL` i `CAS`"},"content":{"rendered":"","protected":false},"excerpt":{"rendered":"<p><strong>Tusz do numerator\u00f3w CAS1\/8, CAS2\/18, CAS2\/18 ALPHA i HL BIG 6.<\/strong><br \/>\nWa\u0142ek tuszuj\u0105cy do jednorz\u0119dowych i dwurz\u0119dowych numerator\u00f3w Avery Dennison.<\/p>\n","protected":false},"featured_media":13056,"template":"","meta":[],"product_cat":[355],"product_tag":[],"_links":{"self":[{"href":"https:\/\/stularplus.com\/pl\/wp-json\/wp\/v2\/product\/13053"}],"collection":[{"href":"https:\/\/stularplus.com\/pl\/wp-json\/wp\/v2\/product"}],"about":[{"href":"https:\/\/stularplus.com\/pl\/wp-json\/wp\/v2\/types\/product"}],"wp:featuredmedia":[{"embeddable":true,"href":"https:\/\/stularplus.com\/pl\/wp-json\/wp\/v2\/media\/13056"}],"wp:attachment":[{"href":"https:\/\/stularplus.com\/pl\/wp-json\/wp\/v2\/media?parent=13053"}],"wp:term":[{"taxonomy":"product_cat","embeddable":true,"href":"https:\/\/stularplus.com\/pl\/wp-json\/wp\/v2\/product_cat?post=13053"},{"taxonomy":"product_tag","embeddable":true,"href":"https:\/\/stularplus.com\/pl\/wp-json\/wp\/v2\/product_tag?post=13053"}],"curies":[{"name":"wp","href":"https:\/\/api.w.org\/{rel}","templated":true}]}}