{"id":13080,"date":"2021-12-05T02:29:19","date_gmt":"2021-12-05T01:29:19","guid":{"rendered":"https:\/\/stularplus.com\/v-tool\/"},"modified":"2025-12-22T00:13:28","modified_gmt":"2025-12-21T23:13:28","slug":"v-tool","status":"publish","type":"product","link":"https:\/\/stularplus.com\/pl\/v-tool\/","title":{"rendered":"V-TOOL"},"content":{"rendered":"<p><strong>Avery Dennison V TOOL<\/strong> to oszcz\u0119dzaj\u0105ce prac\u0119 rozwi\u0105zanie, kt\u00f3re <strong>realizuje proces w jednym kroku<\/strong>.<\/p>\n<p>Zamiast tego system posiada podw\u00f3jny aplikator z haczykiem i uchwytem na metki, kt\u00f3ry spe\u0142nia potrzeby mocowania metek do r\u00f3\u017cnych przedmiot\u00f3w. Aplikator z haczykiem owijany jest wok\u00f3\u0142 wybranych obszar\u00f3w docelowych przedmiot\u00f3w, takich jak pasek torebki. <\/p>\n<p>Aplikator uchwytu na metki zosta\u0142 zaprojektowany do nak\u0142adania zapi\u0119\u0107 p\u0119tlowych na mniejsze \u015brednice, takie jak suwak portfela lub torebki. Oszcz\u0119dzaj\u0105cy prac\u0119 proces aplikacji realizowany jest w jednym kroku. <\/p>\n<p>Aplikator z haczykiem owijany jest wok\u00f3\u0142 wybranych obszar\u00f3w docelowych przedmiot\u00f3w, stosowany do znakowania pask\u00f3w, torebek, portfeli, okular\u00f3w przeciws\u0142onecznych itp. <strong>Aplikator uchwytu na metki<\/strong> zosta\u0142 zaprojektowany do nak\u0142adania zapi\u0119\u0107 p\u0119tlowych na mniejsze \u015brednice, takie jak suwak portfela lub torebki. <\/p>\n<p>Waga: 0,28 kg\/szt.<\/p>\n","protected":false},"excerpt":{"rendered":"<p>Nowy <b>System mocowania V-Tool<\/b> firmy Avery Dennison skutecznie nak\u0142ada metki z zapi\u0119ciem p\u0119tlowym bez perforowania materia\u0142u. <b><br \/>\n<\/b><\/p>\n","protected":false},"featured_media":13083,"template":"","meta":[],"product_cat":[361,360],"product_tag":[],"_links":{"self":[{"href":"https:\/\/stularplus.com\/pl\/wp-json\/wp\/v2\/product\/13080"}],"collection":[{"href":"https:\/\/stularplus.com\/pl\/wp-json\/wp\/v2\/product"}],"about":[{"href":"https:\/\/stularplus.com\/pl\/wp-json\/wp\/v2\/types\/product"}],"wp:featuredmedia":[{"embeddable":true,"href":"https:\/\/stularplus.com\/pl\/wp-json\/wp\/v2\/media\/13083"}],"wp:attachment":[{"href":"https:\/\/stularplus.com\/pl\/wp-json\/wp\/v2\/media?parent=13080"}],"wp:term":[{"taxonomy":"product_cat","embeddable":true,"href":"https:\/\/stularplus.com\/pl\/wp-json\/wp\/v2\/product_cat?post=13080"},{"taxonomy":"product_tag","embeddable":true,"href":"https:\/\/stularplus.com\/pl\/wp-json\/wp\/v2\/product_tag?post=13080"}],"curies":[{"name":"wp","href":"https:\/\/api.w.org\/{rel}","templated":true}]}}