{"id":13092,"date":"2021-12-05T02:29:19","date_gmt":"2021-12-05T01:29:19","guid":{"rendered":"https:\/\/stularplus.com\/mkiii-fine-fabric-pg-tool-delikatne-narzedzie-do-znakowania-premium-kimble\/"},"modified":"2025-12-22T00:13:30","modified_gmt":"2025-12-21T23:13:30","slug":"mkiii-fine-fabric-pg-tool-delikatne-narzedzie-do-znakowania-premium-kimble","status":"publish","type":"product","link":"https:\/\/stularplus.com\/pl\/mkiii-fine-fabric-pg-tool-delikatne-narzedzie-do-znakowania-premium-kimble\/","title":{"rendered":"MKIII FINE FABRIC PG TOOL &#8211; Delikatne narz\u0119dzie do znakowania premium kimble"},"content":{"rendered":"<p>Delikatne zastosowania nie stanowi\u0105 problemu. <strong>Fine Fabric<\/strong> to odpowiedni system do zmniejszenia ryzyka dziur i zaczep\u00f3w podczas mocowania <strong>metek<\/strong> do ciasno tkanych tkanin, takich jak jedwab, delikatne lniane tkaniny i odzie\u017c niemowl\u0119ca<\/p>\n<p>Avery Dennison <strong>Fine Fabric kimble narz\u0119dzie do znakowania<\/strong> &#8211; pistolet do <strong>znakowania<\/strong> <strong>delikatnych materia\u0142\u00f3w<\/strong> (jedwab, tkaniny, bielizna itp.) To odpowiedni system do <strong>zmniejszenia ryzyka dziur<\/strong> i zaczep\u00f3w podczas mocowania <strong>metek<\/strong> do \u015brednich splot\u00f3w, zar\u00f3wno przy <strong>znakowaniu<\/strong> przy tkanych etykietach, jak i przy szwach.<\/p>\n<p>Zaprojektowane do pracy ze specjalnymi <strong>ig\u0142ami Fine Fabric<\/strong>, drogie ubrania s\u0105 bezpieczniejsze przed dziurami. Zoptymalizowane napi\u0119cie spr\u0119\u017cyny i kr\u00f3tki skok spustu zapewniaj\u0105 p\u0142ynne dzia\u0142anie. <\/p>\n<p><strong>Skorzystaj z rabat\u00f3w ilo\u015bciowych!<\/strong><\/p>\n<p>Waga: 0,12 kg\/szt.<\/p>\n","protected":false},"excerpt":{"rendered":"<p>Wysokiej jako\u015bci MKIII Fine Fabric PG Tool do <b>znakowania delikatnych materia\u0142\u00f3w<\/b>: koszule, bielizna, jedwab itp. <strong>Jako\u015b\u0107 PREMIUM.<\/strong><\/p>\n","protected":false},"featured_media":13099,"template":"","meta":[],"product_cat":[354],"product_tag":[],"_links":{"self":[{"href":"https:\/\/stularplus.com\/pl\/wp-json\/wp\/v2\/product\/13092"}],"collection":[{"href":"https:\/\/stularplus.com\/pl\/wp-json\/wp\/v2\/product"}],"about":[{"href":"https:\/\/stularplus.com\/pl\/wp-json\/wp\/v2\/types\/product"}],"wp:featuredmedia":[{"embeddable":true,"href":"https:\/\/stularplus.com\/pl\/wp-json\/wp\/v2\/media\/13099"}],"wp:attachment":[{"href":"https:\/\/stularplus.com\/pl\/wp-json\/wp\/v2\/media?parent=13092"}],"wp:term":[{"taxonomy":"product_cat","embeddable":true,"href":"https:\/\/stularplus.com\/pl\/wp-json\/wp\/v2\/product_cat?post=13092"},{"taxonomy":"product_tag","embeddable":true,"href":"https:\/\/stularplus.com\/pl\/wp-json\/wp\/v2\/product_tag?post=13092"}],"curies":[{"name":"wp","href":"https:\/\/api.w.org\/{rel}","templated":true}]}}