{"id":13118,"date":"2021-12-05T02:29:19","date_gmt":"2021-12-05T01:29:19","guid":{"rendered":"https:\/\/stularplus.com\/narzedzie-do-znakowania-miesa-tagfast\/"},"modified":"2025-12-22T00:13:33","modified_gmt":"2025-12-21T23:13:33","slug":"narzedzie-do-znakowania-miesa-tagfast","status":"publish","type":"product","link":"https:\/\/stularplus.com\/pl\/narzedzie-do-znakowania-miesa-tagfast\/","title":{"rendered":"NARZ\u0118DZIE DO ZNAKOWANIA MI\u0118SA TAGFAST"},"content":{"rendered":"<p>Najlepsze rozwi\u0105zanie do <strong>znakowania mi\u0119sa.<\/strong><br \/>\nAvery Dennison opracowa\u0142 <strong>system znakowania mi\u0119sa kimble<\/strong> &#8211; specjalny <strong>pistolet do znakowania<\/strong> mi\u0119sa kimble i <strong>podw\u00f3jne zapi\u0119cia do mi\u0119sa typu paddle<\/strong>.<\/p>\n<p>Zaprojektowany dla <strong>przemys\u0142u spo\u017cywczego<\/strong>, posiada wzmocniony blokad\u0119 ig\u0142y i jest <strong>wykonany z materia\u0142\u00f3w odpornych na korozj\u0119<\/strong> wraz z gumow\u0105 smycz\u0105. Posiada r\u00f3wnie\u017c kilka otwor\u00f3w drena\u017cowych, dzi\u0119ki czemu zanieczyszczenia mo\u017cna szybko i \u0142atwo wyp\u0142uka\u0107. U\u017cywa\u0107 ze specjaln\u0105 <strong>ig\u0142\u0105 ze stali nierdzewnej<\/strong>.  <\/p>\n<p>Znakowanie \u015bwie\u017cego mi\u0119sa nie stanowi problemu. <strong>Tag Fast<\/strong> zosta\u0142 specjalnie stworzony, aby zapewni\u0107, \u017ce etykiety identyfikacyjne nie zostan\u0105 utracone podczas procesu. Wykonane z nylonu dopuszczonego do kontaktu z \u017cywno\u015bci\u0105 i wyposa\u017cone w podw\u00f3jn\u0105 g\u0142\u00f3wk\u0119 \u0142opatkow\u0105, s\u0105 \u0142atwe do usuni\u0119cia bez pozostawiania jakichkolwiek pozosta\u0142o\u015bci w \u017cywno\u015bci. Zaprojektowane do intensywnego u\u017cytkowania, takiego jak aplikacje znakowania mi\u0119sa.  <\/p>\n<p><strong>Ig\u0142y ze stali nierdzewnej s\u0105 odporne na korozj\u0119.<\/strong><br \/>\n<strong>Wyj\u0105tkowo mocne podw\u00f3jne zapi\u0119cia \u0142opatkowe<\/strong> zapewniaj\u0105 mocny chwyt dla \u0142atwego i ca\u0142kowitego usuni\u0119cia.<\/p>\n<p><strong>Zatwierdzone przez FDA<\/strong> i wykonane z materia\u0142\u00f3w certyfikowanych do kontaktu z \u017cywno\u015bci\u0105.<\/p>\n<p>Waga: 0,12 kg\/szt.<\/p>\n","protected":false},"excerpt":{"rendered":"<p>NOWE narz\u0119dzie pistoletowe do <b>znakowania mi\u0119sa ze specjalnie zaprojektowan\u0105 ig\u0142\u0105.<\/b> Zatwierdzone przez FDA i wykonane z materia\u0142\u00f3w certyfikowanych do kontaktu z \u017cywno\u015bci\u0105.<\/p>\n","protected":false},"featured_media":13124,"template":"","meta":[],"product_cat":[345],"product_tag":[],"_links":{"self":[{"href":"https:\/\/stularplus.com\/pl\/wp-json\/wp\/v2\/product\/13118"}],"collection":[{"href":"https:\/\/stularplus.com\/pl\/wp-json\/wp\/v2\/product"}],"about":[{"href":"https:\/\/stularplus.com\/pl\/wp-json\/wp\/v2\/types\/product"}],"wp:featuredmedia":[{"embeddable":true,"href":"https:\/\/stularplus.com\/pl\/wp-json\/wp\/v2\/media\/13124"}],"wp:attachment":[{"href":"https:\/\/stularplus.com\/pl\/wp-json\/wp\/v2\/media?parent=13118"}],"wp:term":[{"taxonomy":"product_cat","embeddable":true,"href":"https:\/\/stularplus.com\/pl\/wp-json\/wp\/v2\/product_cat?post=13118"},{"taxonomy":"product_tag","embeddable":true,"href":"https:\/\/stularplus.com\/pl\/wp-json\/wp\/v2\/product_tag?post=13118"}],"curies":[{"name":"wp","href":"https:\/\/api.w.org\/{rel}","templated":true}]}}