{"id":13135,"date":"2021-12-05T02:29:19","date_gmt":"2021-12-05T01:29:19","guid":{"rendered":"https:\/\/stularplus.com\/mkii-dluga-igla-kimble-pg-tool-pistolet-avery-dennison\/"},"modified":"2025-12-22T00:13:39","modified_gmt":"2025-12-21T23:13:39","slug":"mkii-dluga-igla-kimble-pg-tool-pistolet-avery-dennison","status":"publish","type":"product","link":"https:\/\/stularplus.com\/pl\/mkii-dluga-igla-kimble-pg-tool-pistolet-avery-dennison\/","title":{"rendered":"MKII D\u0141UGA IG\u0141A KIMBLE PG TOOL &#8211; pistolet Avery Dennison"},"content":{"rendered":"<p>Pistolet <strong>Mark II z d\u0142ug\u0105 ig\u0142\u0105<\/strong> firmy Avery Dennison to jeden z najlepszych <strong>pistolet\u00f3w do metkowania KIMBLE<\/strong> do grubych materia\u0142\u00f3w. Ten pistolet jest polecany przez wi\u0119kszo\u015b\u0107 producent\u00f3w przemys\u0142owych. Wystarczy nacisn\u0105\u0107 spust, a metki s\u0105 mocowane szybko i \u0142atwo.  <\/p>\n<p><strong>Pistolety do metkowania Kimble<\/strong> firmy Avery Dennison s\u0105 kompatybilne z wi\u0119kszo\u015bci\u0105 plastikowych \u0142\u0105cznik\u00f3w (<strong>pin\u00f3w<\/strong>) innych producent\u00f3w.<\/p>\n<p>Rozwi\u0105zania mocuj\u0105ce z <strong>pistoletem do metkowania Kimble<\/strong> firmy Avery Dennison zapewniaj\u0105 producentom i sprzedawcom wysokiej jako\u015bci, ekonomiczny spos\u00f3b komunikacji z klientami. \u0141atwe w u\u017cyciu narz\u0119dzie dostarcza plastikowy \u0142\u0105cznik, kt\u00f3ry pozwala przekazywa\u0107 informacje o zaletach produktu, cenach, szczeg\u00f3\u0142owych instrukcjach, a nawet to\u017csamo\u015bci marki. <\/p>\n<p>Do u\u017cytku ze standardowymi, \u015bredniej grubo\u015bci tkaninami i bardzo grubymi materia\u0142ami. \u0141\u0105czniki i ig\u0142y wymienne sprzedawane s\u0105 oddzielnie. <\/p>\n<p>-Wykorzystuje standardowe \u0142\u0105czniki SWIFTACH PLUS.<br \/>\n-Wyprodukowany z wysokiej jako\u015bci materia\u0142\u00f3w zapewniaj\u0105cych trwa\u0142o\u015b\u0107 i niezawodne dzia\u0142anie.<br \/>\n-Smycz bezpiecznie przypina si\u0119 do uchwytu, zabezpieczenie ig\u0142y zawsze pod r\u0119k\u0105.<br \/>\n-Zmodyfikowany kszta\u0142t uchwytu pistoletu zapewnia lepszy chwyt i \u0142atwiejsze \u015bciskanie.<\/p>\n<p><strong>Zawarto\u015b\u0107:<\/strong><br \/>\n1 Pistolet do metkowania Avery Dennison Mark III z nak\u0142adk\u0105 zabezpieczaj\u0105c\u0105<br \/>\n1 <strong>stalowa ig\u0142a<\/strong> Avery Dennison<\/p>\n<p>Waga:<br \/>\n0,12 kg\/szt.<\/p>\n","protected":false},"excerpt":{"rendered":"<p><b>Pistolet z d\u0142ug\u0105 ig\u0142\u0105<\/b> &#8211; wytrzyma\u0142y pistolet do metkowania &#8211; zaprojektowany do <b>znakowania<\/b> du\u017cych towar\u00f3w. <b>Ekstra d\u0142uga stalowa ig\u0142a<\/b> mo\u017ce przebi\u0107 si\u0119 przez wszystkie rodzaje grubych materia\u0142\u00f3w.<\/p>\n","protected":false},"featured_media":13138,"template":"","meta":[],"product_cat":[329],"product_tag":[],"_links":{"self":[{"href":"https:\/\/stularplus.com\/pl\/wp-json\/wp\/v2\/product\/13135"}],"collection":[{"href":"https:\/\/stularplus.com\/pl\/wp-json\/wp\/v2\/product"}],"about":[{"href":"https:\/\/stularplus.com\/pl\/wp-json\/wp\/v2\/types\/product"}],"wp:featuredmedia":[{"embeddable":true,"href":"https:\/\/stularplus.com\/pl\/wp-json\/wp\/v2\/media\/13138"}],"wp:attachment":[{"href":"https:\/\/stularplus.com\/pl\/wp-json\/wp\/v2\/media?parent=13135"}],"wp:term":[{"taxonomy":"product_cat","embeddable":true,"href":"https:\/\/stularplus.com\/pl\/wp-json\/wp\/v2\/product_cat?post=13135"},{"taxonomy":"product_tag","embeddable":true,"href":"https:\/\/stularplus.com\/pl\/wp-json\/wp\/v2\/product_tag?post=13135"}],"curies":[{"name":"wp","href":"https:\/\/api.w.org\/{rel}","templated":true}]}}