{"id":13150,"date":"2021-12-05T02:29:19","date_gmt":"2021-12-05T01:29:19","guid":{"rendered":"https:\/\/stularplus.com\/zestaw-startowy-do-etykietowania-zestaw-mocowan\/"},"modified":"2025-12-22T00:13:42","modified_gmt":"2025-12-21T23:13:42","slug":"zestaw-startowy-do-etykietowania-zestaw-mocowan","status":"publish","type":"product","link":"https:\/\/stularplus.com\/pl\/zestaw-startowy-do-etykietowania-zestaw-mocowan\/","title":{"rendered":"ZESTAW STARTOWY DO ETYKIETOWANIA &#8211; zestaw mocowa\u0144"},"content":{"rendered":"<p><span class=\"a-list-item\">Zawiera nowy pistolet standardowy MKII, 50 pustych metek, mocowania PP 13, 25 i 50 mm (100 szt.\/klips), mocowania typu wishbone PP 65 mm (25 szt.\/klips) <\/span><\/p>\n<ul class=\"a-unordered-list a-vertical\">\n<li><span class=\"a-list-item\">Zestaw startowy z pistoletem do etykietowania Avery<\/span><\/li>\n<li><span class=\"a-list-item\">Zestaw startowy przeznaczony dla pocz\u0105tkuj\u0105cych u\u017cytkownik\u00f3w<\/span><\/li>\n<li><span class=\"a-list-item\">Zestaw zawiera pistolet, ig\u0142\u0119, trzy rodzaje r\u00f3\u017cnych metek i bia\u0142e etykiety<\/span><\/li>\n<li><span class=\"a-list-item\">Pistolet do etykietowania MkIII<\/span><\/li>\n<li><span class=\"a-list-item\">Profesjonalny i szybki spos\u00f3b mocowania plastikowych \u0142\u0105cznik\u00f3w do odzie\u017cy, tekstyli\u00f3w, metek i etykiet<\/span><\/li>\n<li><span class=\"a-list-item\">Szybkie dzia\u0142anie spustu &#8211; jedno \u015bci\u015bni\u0119cie mocuje metk\u0119<\/span><\/li>\n<li><span class=\"a-list-item\">Ergonomiczna konstrukcja zmniejszaj\u0105ca ryzyko RSI<\/span><\/li>\n<li><span class=\"a-list-item\">Os\u0142ona ig\u0142y na czas przechowywania<\/span><\/li>\n<\/ul>\n","protected":false},"excerpt":{"rendered":"<p id=\"title\" class=\"a-size-large a-spacing-none\"><span id=\"productTitle\" class=\"a-size-large product-title-word-break\">Zestaw startowy do etykietowania Avery z pistoletem, ig\u0142\u0105, 3 rodzajami metek i bia\u0142ymi etykietami Nr ref. FASK6633 <\/span><\/p>\n","protected":false},"featured_media":13152,"template":"","meta":[],"product_cat":[329],"product_tag":[],"_links":{"self":[{"href":"https:\/\/stularplus.com\/pl\/wp-json\/wp\/v2\/product\/13150"}],"collection":[{"href":"https:\/\/stularplus.com\/pl\/wp-json\/wp\/v2\/product"}],"about":[{"href":"https:\/\/stularplus.com\/pl\/wp-json\/wp\/v2\/types\/product"}],"wp:featuredmedia":[{"embeddable":true,"href":"https:\/\/stularplus.com\/pl\/wp-json\/wp\/v2\/media\/13152"}],"wp:attachment":[{"href":"https:\/\/stularplus.com\/pl\/wp-json\/wp\/v2\/media?parent=13150"}],"wp:term":[{"taxonomy":"product_cat","embeddable":true,"href":"https:\/\/stularplus.com\/pl\/wp-json\/wp\/v2\/product_cat?post=13150"},{"taxonomy":"product_tag","embeddable":true,"href":"https:\/\/stularplus.com\/pl\/wp-json\/wp\/v2\/product_tag?post=13150"}],"curies":[{"name":"wp","href":"https:\/\/api.w.org\/{rel}","templated":true}]}}