{"id":13160,"date":"2021-12-05T02:29:19","date_gmt":"2021-12-05T01:29:19","guid":{"rendered":"https:\/\/stularplus.com\/ekonomiczne-narzedzie-do-znakowania-gp\/"},"modified":"2025-12-22T00:13:44","modified_gmt":"2025-12-21T23:13:44","slug":"ekonomiczne-narzedzie-do-znakowania-gp","status":"publish","type":"product","link":"https:\/\/stularplus.com\/pl\/ekonomiczne-narzedzie-do-znakowania-gp\/","title":{"rendered":"EKONOMICZNE NARZ\u0118DZIE DO ZNAKOWANIA GP"},"content":{"rendered":"<p><strong>Ekonomiczne narz\u0119dzie pistoletowe<\/strong> jest idealne do <strong>znakowania<\/strong> wszelkiego rodzaju <strong>standardowych tkanin<\/strong>, takich jak koszule, spodnie, d\u017cinsy, czapki, r\u0119kawiczki, skarpety, koszulki, sk\u00f3ra i inne produkty.<\/p>\n<p><strong>Pistolety do znakowania Avery Dennison kimble<\/strong> s\u0105 kompatybilne z wi\u0119kszo\u015bci\u0105 plastikowych zapi\u0119\u0107 innych producent\u00f3w.<\/p>\n<p>Ekonomiczny <strong>pistolet do znakowania<\/strong> do umieszczania <strong>zapi\u0119\u0107 Swiftach<\/strong> na wszelkiego rodzaju produktach tekstylnych.<\/p>\n<p>Ten <strong>pistolet do znakowania kimble<\/strong> zosta\u0142 stworzony dla wszelkiego rodzaju ma\u0142ych sklep\u00f3w, butik\u00f3w, warsztat\u00f3w itp. Kupuj\u0105c <strong>ekonomiczny pistolet do znakowania<\/strong> otrzymuje si\u0119 r\u00f3wnie\u017c <strong>jedn\u0105 ig\u0142\u0119 z plastikow\u0105 podstaw\u0105<\/strong> za darmo.<\/p>\n<p>Waga<br \/>\n0,12 kg\/szt.<\/p>\n","protected":false},"excerpt":{"rendered":"<p>Ekonomiczne narz\u0119dzie pistoletowe do <b>znakowania<\/b> produkt\u00f3w tekstylnych: koszule, d\u017cinsy, skarpety,.. <strong>Niska cena &#8211; wysoka jako\u015b\u0107!<\/strong><\/p>\n","protected":false},"featured_media":13164,"template":"","meta":[],"product_cat":[329],"product_tag":[],"_links":{"self":[{"href":"https:\/\/stularplus.com\/pl\/wp-json\/wp\/v2\/product\/13160"}],"collection":[{"href":"https:\/\/stularplus.com\/pl\/wp-json\/wp\/v2\/product"}],"about":[{"href":"https:\/\/stularplus.com\/pl\/wp-json\/wp\/v2\/types\/product"}],"wp:featuredmedia":[{"embeddable":true,"href":"https:\/\/stularplus.com\/pl\/wp-json\/wp\/v2\/media\/13164"}],"wp:attachment":[{"href":"https:\/\/stularplus.com\/pl\/wp-json\/wp\/v2\/media?parent=13160"}],"wp:term":[{"taxonomy":"product_cat","embeddable":true,"href":"https:\/\/stularplus.com\/pl\/wp-json\/wp\/v2\/product_cat?post=13160"},{"taxonomy":"product_tag","embeddable":true,"href":"https:\/\/stularplus.com\/pl\/wp-json\/wp\/v2\/product_tag?post=13160"}],"curies":[{"name":"wp","href":"https:\/\/api.w.org\/{rel}","templated":true}]}}