{"id":13186,"date":"2021-12-05T02:29:20","date_gmt":"2021-12-05T01:29:20","guid":{"rendered":"https:\/\/stularplus.com\/igla-mkii-standard-all-steel\/"},"modified":"2025-12-22T00:13:53","modified_gmt":"2025-12-21T23:13:53","slug":"igla-mkii-standard-all-steel","status":"publish","type":"product","link":"https:\/\/stularplus.com\/pl\/igla-mkii-standard-all-steel\/","title":{"rendered":"IG\u0141A MKII STANDARD ALL-STEEL"},"content":{"rendered":"<p>Ig\u0142y Avery Dennison <strong>ALL STEEL<\/strong> s\u0105 wykonane z wysokiej jako\u015bci stali.<br \/>\nModel all-steel jest preferowany do wi\u0119kszo\u015bci zastosowa\u0144 wymagaj\u0105cych du\u017cej wytrzyma\u0142o\u015bci.<\/p>\n<p>Wszystkie ig\u0142y Avery Dennison s\u0105 precyzyjnie wykonane z zaokr\u0105glonym czubkiem i g\u0142adkim, dok\u0142adnym profilem, aby zapobiec zaczepianiu.<br \/>\nZESTAW zawiera 5 igie\u0142.<br \/>\nWyprodukowano w Szwajcarii<\/p>\n<p><strong>Skorzystaj z rabat\u00f3w ilo\u015bciowych!<\/strong><\/p>\n","protected":false},"excerpt":{"rendered":"<p><b>Standardowe ig\u0142y Avery Dennison &#8211; All Steel (5)<\/b>. Wysokiej jako\u015bci ig\u0142y wykonane ze stali. Cena za ZESTAW 5 igie\u0142. Wyprodukowano w Szwajcarii   <\/p>\n","protected":false},"featured_media":13188,"template":"","meta":[],"product_cat":[370],"product_tag":[],"_links":{"self":[{"href":"https:\/\/stularplus.com\/pl\/wp-json\/wp\/v2\/product\/13186"}],"collection":[{"href":"https:\/\/stularplus.com\/pl\/wp-json\/wp\/v2\/product"}],"about":[{"href":"https:\/\/stularplus.com\/pl\/wp-json\/wp\/v2\/types\/product"}],"wp:featuredmedia":[{"embeddable":true,"href":"https:\/\/stularplus.com\/pl\/wp-json\/wp\/v2\/media\/13188"}],"wp:attachment":[{"href":"https:\/\/stularplus.com\/pl\/wp-json\/wp\/v2\/media?parent=13186"}],"wp:term":[{"taxonomy":"product_cat","embeddable":true,"href":"https:\/\/stularplus.com\/pl\/wp-json\/wp\/v2\/product_cat?post=13186"},{"taxonomy":"product_tag","embeddable":true,"href":"https:\/\/stularplus.com\/pl\/wp-json\/wp\/v2\/product_tag?post=13186"}],"curies":[{"name":"wp","href":"https:\/\/api.w.org\/{rel}","templated":true}]}}