{"id":13194,"date":"2021-12-05T02:29:20","date_gmt":"2021-12-05T01:29:20","guid":{"rendered":"https:\/\/stularplus.com\/igla-mkii-do-ciezkich-materialow\/"},"modified":"2025-12-22T00:13:56","modified_gmt":"2025-12-21T23:13:56","slug":"igla-mkii-do-ciezkich-materialow","status":"publish","type":"product","link":"https:\/\/stularplus.com\/pl\/igla-mkii-do-ciezkich-materialow\/","title":{"rendered":"IG\u0141A MKII DO CI\u0118\u017bKICH MATERIA\u0141\u00d3W"},"content":{"rendered":"<p>Ig\u0142y Avery Dennison <strong>CA\u0141KOWICIE STALOWE do ci\u0119\u017ckich materia\u0142\u00f3w<\/strong> s\u0105 wykonane z wysokiej jako\u015bci stali.<br \/>\nCa\u0142kowicie stalowe ig\u0142y s\u0105 preferowane do wi\u0119kszo\u015bci zastosowa\u0144 z ci\u0119\u017ckimi materia\u0142ami.<\/p>\n<p>Wszystkie ig\u0142y Avery Dennison s\u0105 precyzyjnie wykonane z zaokr\u0105glonym czubkiem i g\u0142adkim, dok\u0142adnym profilem, aby zapobiec zaczepianiu.<\/p>\n<p>ZESTAW zawiera 5 igie\u0142.<br \/>\nWyprodukowano w Szwajcarii.<\/p>\n","protected":false},"excerpt":{"rendered":"<p><b>Standardowe ig\u0142y do ci\u0119\u017ckich materia\u0142\u00f3w &#8211; ca\u0142kowicie stalowe (5)<\/b>. Wysokiej jako\u015bci ig\u0142y wykonane ze stali. Cena za ZESTAW 5 igie\u0142. Wyprodukowano w Szwajcarii.   <\/p>\n","protected":false},"featured_media":13196,"template":"","meta":[],"product_cat":[370],"product_tag":[],"_links":{"self":[{"href":"https:\/\/stularplus.com\/pl\/wp-json\/wp\/v2\/product\/13194"}],"collection":[{"href":"https:\/\/stularplus.com\/pl\/wp-json\/wp\/v2\/product"}],"about":[{"href":"https:\/\/stularplus.com\/pl\/wp-json\/wp\/v2\/types\/product"}],"wp:featuredmedia":[{"embeddable":true,"href":"https:\/\/stularplus.com\/pl\/wp-json\/wp\/v2\/media\/13196"}],"wp:attachment":[{"href":"https:\/\/stularplus.com\/pl\/wp-json\/wp\/v2\/media?parent=13194"}],"wp:term":[{"taxonomy":"product_cat","embeddable":true,"href":"https:\/\/stularplus.com\/pl\/wp-json\/wp\/v2\/product_cat?post=13194"},{"taxonomy":"product_tag","embeddable":true,"href":"https:\/\/stularplus.com\/pl\/wp-json\/wp\/v2\/product_tag?post=13194"}],"curies":[{"name":"wp","href":"https:\/\/api.w.org\/{rel}","templated":true}]}}