{"id":13197,"date":"2021-12-05T02:29:20","date_gmt":"2021-12-05T01:29:20","guid":{"rendered":"https:\/\/stularplus.com\/igla-standardowa-mkii\/"},"modified":"2025-12-22T00:14:02","modified_gmt":"2025-12-21T23:14:02","slug":"igla-standardowa-mkii","status":"publish","type":"product","link":"https:\/\/stularplus.com\/pl\/igla-standardowa-mkii\/","title":{"rendered":"IG\u0141A STANDARDOWA MKII"},"content":{"rendered":"<p>Wszystkie <strong>ig\u0142y Avery Dennison<\/strong> s\u0105 precyzyjnie wykonane z zaokr\u0105glonym ko\u0144cem i g\u0142adkim, dok\u0142adnym profilem, aby zapobiec zaczepianiu. Idealne do znakowania standardowych tkanin. Cena dotyczy ZESTAWU 5 igie\u0142 z plastikow\u0105 podstaw\u0105.  <\/p>\n<p><strong>Skorzystaj z rabat\u00f3w ilo\u015bciowych!<\/strong><\/p>\n","protected":false},"excerpt":{"rendered":"<p><b>Standardowe ig\u0142y Swiftach (5) z plastikow\u0105 podstaw\u0105<\/b>. Do <g id=\"gid_1\">znakowania<\/g> standardowych materia\u0142\u00f3w, tkanin itp. Cena dotyczy ZESTAWU 5 igie\u0142.  <\/p>\n","protected":false},"featured_media":13200,"template":"","meta":[],"product_cat":[370],"product_tag":[],"_links":{"self":[{"href":"https:\/\/stularplus.com\/pl\/wp-json\/wp\/v2\/product\/13197"}],"collection":[{"href":"https:\/\/stularplus.com\/pl\/wp-json\/wp\/v2\/product"}],"about":[{"href":"https:\/\/stularplus.com\/pl\/wp-json\/wp\/v2\/types\/product"}],"wp:featuredmedia":[{"embeddable":true,"href":"https:\/\/stularplus.com\/pl\/wp-json\/wp\/v2\/media\/13200"}],"wp:attachment":[{"href":"https:\/\/stularplus.com\/pl\/wp-json\/wp\/v2\/media?parent=13197"}],"wp:term":[{"taxonomy":"product_cat","embeddable":true,"href":"https:\/\/stularplus.com\/pl\/wp-json\/wp\/v2\/product_cat?post=13197"},{"taxonomy":"product_tag","embeddable":true,"href":"https:\/\/stularplus.com\/pl\/wp-json\/wp\/v2\/product_tag?post=13197"}],"curies":[{"name":"wp","href":"https:\/\/api.w.org\/{rel}","templated":true}]}}