{"id":13232,"date":"2021-12-05T02:29:20","date_gmt":"2021-12-05T01:29:20","guid":{"rendered":"https:\/\/stularplus.com\/laczniki-standardowe-swiftach-pp-40-mm\/"},"modified":"2025-12-22T00:14:04","modified_gmt":"2025-12-21T23:14:04","slug":"laczniki-standardowe-swiftach-pp-40-mm","status":"publish","type":"product","link":"https:\/\/stularplus.com\/pl\/laczniki-standardowe-swiftach-pp-40-mm\/","title":{"rendered":"\u0141\u0105czniki standardowe Swiftach PP 40 mm"},"content":{"rendered":"<div class=\"elementor-element elementor-element-219ff3a elementor-widget elementor-widget-woocommerce-product-content\" data-id=\"219ff3a\" data-element_type=\"widget\" data-widget_type=\"woocommerce-product-content.default\">\n<div class=\"elementor-widget-container\">\n<div class=\"elementor-element elementor-element-93a7a1e elementor-widget elementor-widget-woocommerce-product-content\" data-id=\"93a7a1e\" data-element_type=\"widget\" data-widget_type=\"woocommerce-product-content.default\">\n<div class=\"elementor-widget-container\">\n<p><strong>Oryginalne szpilki 40 MM (PP) Standard Paddle Swifach Blue Box<\/strong> s\u0105 wykonane <strong>w 100% z polipropylenu.<\/strong><br \/>\nBlue Box gwarantuje jako\u015b\u0107, sp\u00f3jno\u015b\u0107, wysok\u0105 wydajno\u015b\u0107 i wytrzyma\u0142o\u015b\u0107.<\/p>\n<p>Wynalezione przez Dennison na pocz\u0105tku lat 60-tych, nadal pozostaj\u0105 preferowanym rozwi\u0105zaniem w bran\u017cy do mocowania metek.<\/p>\n<p>S\u0105 produkowane z najwy\u017csz\u0105 precyzj\u0105 i sta\u0142\u0105 jako\u015bci\u0105, partia za parti\u0105. \u0141\u0105czniki Swiftach s\u0105 wykonane z najwy\u017cszej jako\u015bci polipropylenu (PP). Idealne do <strong>znakowania<\/strong> wszystkich standardowych materia\u0142\u00f3w. <strong>Avery Dennison Swiftach<\/strong> oferuje <strong>szpilki<\/strong> w najszerszej gamie rozmiar\u00f3w i kolor\u00f3w do wszelkich <strong>zastosowa\u0144 znakuj\u0105cych<\/strong>.  <\/p>\n<p><strong>Du\u017ca \u0142opatka<\/strong> zapewnia dodatkow\u0105 korzy\u015b\u0107: zapobiega podmianie metek.<br \/>\nCena za 1 opakowanie zawieraj\u0105ce 5000 \u0142\u0105cznik\u00f3w.<\/p>\n<p>\u0141\u0105czniki Tag Easy s\u0105 kompatybilne ze wszystkimi standardowymi pistoletami do metkowania.<br \/>\n<strong>Skorzystaj z rabat\u00f3w ilo\u015bciowych!<\/strong><\/p>\n<\/div>\n<\/div>\n<\/div>\n<\/div>\n<p>&nbsp;<\/p>\n","protected":false},"excerpt":{"rendered":"<p><b>\u0141\u0105czniki premium Swiftach Blue Box 40 mm (PP)<\/b> do znakowania wszelkiego rodzaju produkt\u00f3w. <b>Szpilki Swiftach Premium s\u0105 wykonane z wysokiej jako\u015bci materia\u0142u<\/b>. Cena za pude\u0142ko 5000 szt. <\/p>\n","protected":false},"featured_media":12267,"template":"","meta":[],"product_cat":[316],"product_tag":[],"_links":{"self":[{"href":"https:\/\/stularplus.com\/pl\/wp-json\/wp\/v2\/product\/13232"}],"collection":[{"href":"https:\/\/stularplus.com\/pl\/wp-json\/wp\/v2\/product"}],"about":[{"href":"https:\/\/stularplus.com\/pl\/wp-json\/wp\/v2\/types\/product"}],"wp:featuredmedia":[{"embeddable":true,"href":"https:\/\/stularplus.com\/pl\/wp-json\/wp\/v2\/media\/12267"}],"wp:attachment":[{"href":"https:\/\/stularplus.com\/pl\/wp-json\/wp\/v2\/media?parent=13232"}],"wp:term":[{"taxonomy":"product_cat","embeddable":true,"href":"https:\/\/stularplus.com\/pl\/wp-json\/wp\/v2\/product_cat?post=13232"},{"taxonomy":"product_tag","embeddable":true,"href":"https:\/\/stularplus.com\/pl\/wp-json\/wp\/v2\/product_tag?post=13232"}],"curies":[{"name":"wp","href":"https:\/\/api.w.org\/{rel}","templated":true}]}}