{"id":13320,"date":"2021-12-05T02:29:20","date_gmt":"2021-12-05T01:29:20","guid":{"rendered":"https:\/\/stularplus.com\/laczniki-standardowe-tageasy-pp-65mm\/"},"modified":"2025-12-22T00:14:19","modified_gmt":"2025-12-21T23:14:19","slug":"laczniki-standardowe-tageasy-pp-65mm","status":"publish","type":"product","link":"https:\/\/stularplus.com\/pl\/laczniki-standardowe-tageasy-pp-65mm\/","title":{"rendered":"\u0141\u0105czniki standardowe TagEasy PP 65mm"},"content":{"rendered":"<div class=\"elementor-element elementor-element-93a7a1e elementor-widget elementor-widget-woocommerce-product-content\" data-id=\"93a7a1e\" data-element_type=\"widget\" data-widget_type=\"woocommerce-product-content.default\">\n<div class=\"elementor-widget-container\">\n<p><strong>\u0141\u0105czniki Tag Easy<\/strong> s\u0105 wykonane z najwy\u017cszej jako\u015bci polipropylenu (PP) w ekonomicznej wersji. <strong>Tag Easy<\/strong> to marka producenta Avery Dennison.<br \/>\nWybieraj\u0105c mi\u0119dzy cen\u0105 a jako\u015bci\u0105, <strong>Tag Easy<\/strong> jest zdecydowanie najlepszym wyborem.<\/p>\n<p>Idealne do <strong>znakowania<\/strong> wszystkich standardowych materia\u0142\u00f3w. Szpilki do <g id=\"gid_1\">znakowania<\/g> Avery Dennison Swiftach oferuj\u0105 najszerszy zakres rozmiar\u00f3w i kolor\u00f3w do ka\u017cdego og\u00f3lnego zastosowania. Du\u017ca g\u0142\u00f3wka w kszta\u0142cie wios\u0142a zapewnia dodatkow\u0105 korzy\u015b\u0107: zapobiega zamianie metek.  <\/p>\n<p><strong>Jedno opakowanie zawiera 5000 \u0142\u0105cznik\u00f3w (Cena za pude\u0142ko 5 tysi\u0119cy sztuk).<\/strong><\/p>\n<p>\u0141\u0105czniki Tag Easy s\u0105 kompatybilne ze wszystkimi standardowymi pistoletami do metkowania.<\/p>\n<p><strong>Skorzystaj z rabat\u00f3w ilo\u015bciowych!<\/strong><br \/>\nWaga: 0,07 kg\/tys.<\/p>\n<\/div>\n<\/div>\n","protected":false},"excerpt":{"rendered":"<div class=\"elementor-element elementor-element-93a7a1e elementor-widget elementor-widget-woocommerce-product-content\" data-id=\"93a7a1e\" data-element_type=\"widget\" data-widget_type=\"woocommerce-product-content.default\">\n<div class=\"elementor-widget-container\">\n<p><b>Standardowe \u0142\u0105czniki z wios\u0142em 65mm (PP)<\/b> do znakowania (seria ekonomiczna). <b>Szpilki do znakowania<\/b> s\u0105 idealne do <b>znakowania<\/b> standardowych materia\u0142\u00f3w i tkanin. Cena za pude\u0142ko 5000 szt. <\/p>\n<\/div>\n<\/div>\n","protected":false},"featured_media":13322,"template":"","meta":[],"product_cat":[],"product_tag":[],"_links":{"self":[{"href":"https:\/\/stularplus.com\/pl\/wp-json\/wp\/v2\/product\/13320"}],"collection":[{"href":"https:\/\/stularplus.com\/pl\/wp-json\/wp\/v2\/product"}],"about":[{"href":"https:\/\/stularplus.com\/pl\/wp-json\/wp\/v2\/types\/product"}],"wp:featuredmedia":[{"embeddable":true,"href":"https:\/\/stularplus.com\/pl\/wp-json\/wp\/v2\/media\/13322"}],"wp:attachment":[{"href":"https:\/\/stularplus.com\/pl\/wp-json\/wp\/v2\/media?parent=13320"}],"wp:term":[{"taxonomy":"product_cat","embeddable":true,"href":"https:\/\/stularplus.com\/pl\/wp-json\/wp\/v2\/product_cat?post=13320"},{"taxonomy":"product_tag","embeddable":true,"href":"https:\/\/stularplus.com\/pl\/wp-json\/wp\/v2\/product_tag?post=13320"}],"curies":[{"name":"wp","href":"https:\/\/api.w.org\/{rel}","templated":true}]}}