{"id":13345,"date":"2021-12-05T02:29:20","date_gmt":"2021-12-05T01:29:20","guid":{"rendered":"https:\/\/stularplus.com\/laczniki-standardowe-tageasy-pp-25mm\/"},"modified":"2026-01-05T10:07:29","modified_gmt":"2026-01-05T09:07:29","slug":"laczniki-standardowe-tageasy-pp-25mm","status":"publish","type":"product","link":"https:\/\/stularplus.com\/pl\/laczniki-standardowe-tageasy-pp-25mm\/","title":{"rendered":"\u0141\u0105czniki standardowe TagEasy PP 25mm"},"content":{"rendered":"<p><strong>\u0141\u0105czniki Tag Easy<\/strong> s\u0105 wykonane z najlepszego polipropylenu (PP) w ekonomicznej wersji. <strong>Tag Easy<\/strong> to marka producenta Avery Dennison. Wybieraj\u0105c mi\u0119dzy cen\u0105 a jako\u015bci\u0105, <strong>Tag Easy<\/strong> jest zdecydowanie najlepszym wyborem. <\/p>\n<p>Idealne do <strong>etykietowania<\/strong> wszystkich standardowych materia\u0142\u00f3w. <g id=\"gid_1\">Szpilki do etykietowania<\/g> Avery Dennison Swiftach oferuj\u0105 najszerszy zakres rozmiar\u00f3w i kolor\u00f3w do ka\u017cdego og\u00f3lnego zastosowania etykietowania. Du\u017ca wios\u0142owa G\u0141\u00d3WKA zapewnia dodatkow\u0105 korzy\u015b\u0107: zapobiega zamianie metek.  <\/p>\n<p><strong>Jedno opakowanie zawiera 5000 \u0142\u0105cznik\u00f3w (Cena za pude\u0142ko 5 tysi\u0119cy sztuk).<\/strong><\/p>\n<p>\u0141\u0105czniki Tag Easy s\u0105 kompatybilne ze wszystkimi standardowymi pistoletami do metkowania.<\/p>\n<p><strong>Skorzystaj z rabat\u00f3w ilo\u015bciowych!<\/strong><br \/>\nWaga: 0,07 kg\/tys.<\/p>\n","protected":false},"excerpt":{"rendered":"<p><b>Standardowe \u0142\u0105czniki wios\u0142owe 25mm (PP)<\/b> do etykietowania (seria ekonomiczna). <b>Szpilki do etykietowania<\/b> s\u0105 idealne do <b>etykietowania<\/b> standardowych materia\u0142\u00f3w i tkanin. Cena za pude\u0142ko 5000 szt. <\/p>\n","protected":false},"featured_media":13348,"template":"","meta":[],"product_cat":[],"product_tag":[],"_links":{"self":[{"href":"https:\/\/stularplus.com\/pl\/wp-json\/wp\/v2\/product\/13345"}],"collection":[{"href":"https:\/\/stularplus.com\/pl\/wp-json\/wp\/v2\/product"}],"about":[{"href":"https:\/\/stularplus.com\/pl\/wp-json\/wp\/v2\/types\/product"}],"wp:featuredmedia":[{"embeddable":true,"href":"https:\/\/stularplus.com\/pl\/wp-json\/wp\/v2\/media\/13348"}],"wp:attachment":[{"href":"https:\/\/stularplus.com\/pl\/wp-json\/wp\/v2\/media?parent=13345"}],"wp:term":[{"taxonomy":"product_cat","embeddable":true,"href":"https:\/\/stularplus.com\/pl\/wp-json\/wp\/v2\/product_cat?post=13345"},{"taxonomy":"product_tag","embeddable":true,"href":"https:\/\/stularplus.com\/pl\/wp-json\/wp\/v2\/product_tag?post=13345"}],"curies":[{"name":"wp","href":"https:\/\/api.w.org\/{rel}","templated":true}]}}