{"id":13375,"date":"2021-12-05T02:29:20","date_gmt":"2021-12-05T01:29:20","guid":{"rendered":"https:\/\/stularplus.com\/igla-ze-stali-nierdzewnej-tag-fast-heavy-duty\/"},"modified":"2026-01-05T10:07:43","modified_gmt":"2026-01-05T09:07:43","slug":"igla-ze-stali-nierdzewnej-tag-fast-heavy-duty","status":"publish","type":"product","link":"https:\/\/stularplus.com\/pl\/igla-ze-stali-nierdzewnej-tag-fast-heavy-duty\/","title":{"rendered":"IG\u0141A ZE STALI NIERDZEWNEJ TAG FAST HEAVY DUTY"},"content":{"rendered":"<p><strong>Avery Dennison<\/strong> oferuje jedno z <strong>najlepszych rozwi\u0105za\u0144<\/strong> do <strong>znakowania mi\u0119sa.<\/strong><br \/>\nWybierz specjaln\u0105 <strong>ig\u0142\u0119 ze stali nierdzewnej<\/strong> Avery Dennison do <strong>znakowania mi\u0119sa.<\/strong><\/p>\n<p>Zaprojektowana do intensywnego u\u017cytkowania, takiego jak aplikacje znakowania mi\u0119sa.<br \/>\nWyj\u0105tkowo mocne zapi\u0119cia z podw\u00f3jn\u0105 \u0142opatk\u0105 zapewniaj\u0105 pewny chwyt dla \u0142atwego i ca\u0142kowitego usuni\u0119cia.<\/p>\n<p><strong>Zatwierdzone przez FDA i wykonane z materia\u0142\u00f3w certyfikowanych do kontaktu z \u017cywno\u015bci\u0105.<\/strong><\/p>\n","protected":false},"excerpt":{"rendered":"<p><b>Ig\u0142y ze stali nierdzewnej u\u017cywane z narz\u0119dziem do znakowania mi\u0119sa s\u0105 odporne na korozj\u0119.<\/b> Najlepsze rozwi\u0105zanie do znakowania mi\u0119sa i ryb. Cena dotyczy ZESTAWU 5 igie\u0142. <\/p>\n","protected":false},"featured_media":13219,"template":"","meta":[],"product_cat":[384],"product_tag":[],"_links":{"self":[{"href":"https:\/\/stularplus.com\/pl\/wp-json\/wp\/v2\/product\/13375"}],"collection":[{"href":"https:\/\/stularplus.com\/pl\/wp-json\/wp\/v2\/product"}],"about":[{"href":"https:\/\/stularplus.com\/pl\/wp-json\/wp\/v2\/types\/product"}],"wp:featuredmedia":[{"embeddable":true,"href":"https:\/\/stularplus.com\/pl\/wp-json\/wp\/v2\/media\/13219"}],"wp:attachment":[{"href":"https:\/\/stularplus.com\/pl\/wp-json\/wp\/v2\/media?parent=13375"}],"wp:term":[{"taxonomy":"product_cat","embeddable":true,"href":"https:\/\/stularplus.com\/pl\/wp-json\/wp\/v2\/product_cat?post=13375"},{"taxonomy":"product_tag","embeddable":true,"href":"https:\/\/stularplus.com\/pl\/wp-json\/wp\/v2\/product_tag?post=13375"}],"curies":[{"name":"wp","href":"https:\/\/api.w.org\/{rel}","templated":true}]}}