{"id":13394,"date":"2021-12-05T02:29:20","date_gmt":"2021-12-05T01:29:20","guid":{"rendered":"https:\/\/stularplus.com\/mkii-igla-calostalowa-do-delikatnych-tkanin\/"},"modified":"2026-01-05T10:08:35","modified_gmt":"2026-01-05T09:08:35","slug":"mkii-igla-calostalowa-do-delikatnych-tkanin","status":"publish","type":"product","link":"https:\/\/stularplus.com\/pl\/mkii-igla-calostalowa-do-delikatnych-tkanin\/","title":{"rendered":"MKII IG\u0141A CA\u0141OSTALOWA DO DELIKATNYCH TKANIN"},"content":{"rendered":"<p>Ig\u0142y <strong>CA\u0141OSTALOWE<\/strong> Avery Dennison s\u0105 wykonane z <strong>wysokiej jako\u015bci stali.<\/strong><\/p>\n<p>Wybierz wysokiej jako\u015bci cienkie ig\u0142y Avery Dennison do <strong>znakowania delikatnych materia\u0142\u00f3w<\/strong>.<\/p>\n<p>Wszystkie ig\u0142y Avery Dennison s\u0105 precyzyjnie wykonane z zaokr\u0105glonym czubkiem i g\u0142adkim, dok\u0142adnym profilem, aby zapobiec zaczepianiu.<\/p>\n<p><strong>Fine Fabric<\/strong> to odpowiedni system do zmniejszenia ryzyka powstawania dziur i zaczep\u00f3w podczas <strong>mocowania metek<\/strong> do \u015bci\u015ble tkanego materia\u0142u, takiego jak jedwab, delikatne p\u0142\u00f3tno i odzie\u017c niemowl\u0119ca.<\/p>\n<p>Cena za ZESTAW 5 igie\u0142.<\/p>\n","protected":false},"excerpt":{"rendered":"<p><b>Cienkie ig\u0142y ca\u0142ostalowe<\/b>. Idealne do znakowania delikatnych materia\u0142\u00f3w, takich jak jedwab, tkaniny, delikatne materia\u0142y, bielizna itp. Cena za ZESTAW 5 igie\u0142. Wyprodukowano w Szwajcarii.   <\/p>\n","protected":false},"featured_media":13208,"template":"","meta":[],"product_cat":[368],"product_tag":[],"_links":{"self":[{"href":"https:\/\/stularplus.com\/pl\/wp-json\/wp\/v2\/product\/13394"}],"collection":[{"href":"https:\/\/stularplus.com\/pl\/wp-json\/wp\/v2\/product"}],"about":[{"href":"https:\/\/stularplus.com\/pl\/wp-json\/wp\/v2\/types\/product"}],"wp:featuredmedia":[{"embeddable":true,"href":"https:\/\/stularplus.com\/pl\/wp-json\/wp\/v2\/media\/13208"}],"wp:attachment":[{"href":"https:\/\/stularplus.com\/pl\/wp-json\/wp\/v2\/media?parent=13394"}],"wp:term":[{"taxonomy":"product_cat","embeddable":true,"href":"https:\/\/stularplus.com\/pl\/wp-json\/wp\/v2\/product_cat?post=13394"},{"taxonomy":"product_tag","embeddable":true,"href":"https:\/\/stularplus.com\/pl\/wp-json\/wp\/v2\/product_tag?post=13394"}],"curies":[{"name":"wp","href":"https:\/\/api.w.org\/{rel}","templated":true}]}}