{"id":13438,"date":"2021-12-05T02:29:24","date_gmt":"2021-12-05T01:29:24","guid":{"rendered":"https:\/\/stularplus.com\/zapinki-standardowe-t-end-ny-125-mm-swiftach\/"},"modified":"2026-01-05T10:08:58","modified_gmt":"2026-01-05T09:08:58","slug":"zapinki-standardowe-t-end-ny-125-mm-swiftach","status":"publish","type":"product","link":"https:\/\/stularplus.com\/pl\/zapinki-standardowe-t-end-ny-125-mm-swiftach\/","title":{"rendered":"Zapinki standardowe T-End NY 125 mm Swiftach"},"content":{"rendered":"<p>Bardziej dyskretne ni\u017c \u0142\u0105czniki z p\u0142ytk\u0105, <strong>ko\u0144c\u00f3wki T<\/strong> s\u0105 u\u017cywane do <strong>etykietowania<\/strong>, <strong>parowania<\/strong> skarpet i innych produkt\u00f3w oraz <strong>pakowania<\/strong>.<br \/>\nWykonane z <strong>wytrzyma\u0142ego nylonu<\/strong>, zapewniaj\u0105 bezpieczne mocowanie.<\/p>\n<p><strong>Szpilki z ko\u0144c\u00f3wk\u0105 T<\/strong> nadaj\u0105 wyko\u0144czony `wygl\u0105d`, kt\u00f3ry mo\u017ce by\u0107 preferowany w niekt\u00f3rych zastosowaniach, poniewa\u017c eliminuj\u0105 `ko\u0144c\u00f3wk\u0119 z p\u0142ytk\u0105` wyst\u0119puj\u0105c\u0105 w wi\u0119kszo\u015bci \u0142\u0105cznik\u00f3w Swiftach.<\/p>\n<p>P\u0142ytki po\u0142\u0105czone bez pl\u0105tania.<br \/>\n<strong>Wyprodukowano w Europie!<\/strong><\/p>\n<p><strong>Skorzystaj z rabatu ilo\u015bciowego!<\/strong><\/p>\n<p>&nbsp;<\/p>\n","protected":false},"excerpt":{"rendered":"<p><b>Standardowe zapinki nylonowe T-End 125 mm NY<\/b>, idealne do pakowania skarpet i znakowania standardowych materia\u0142\u00f3w. Szpilka <b>T-END<\/b> nadaje produktowi lepszy wygl\u0105d. Cena za pude\u0142ko 5000 szt. <\/p>\n","protected":false},"featured_media":13441,"template":"","meta":[],"product_cat":[389],"product_tag":[],"_links":{"self":[{"href":"https:\/\/stularplus.com\/pl\/wp-json\/wp\/v2\/product\/13438"}],"collection":[{"href":"https:\/\/stularplus.com\/pl\/wp-json\/wp\/v2\/product"}],"about":[{"href":"https:\/\/stularplus.com\/pl\/wp-json\/wp\/v2\/types\/product"}],"wp:featuredmedia":[{"embeddable":true,"href":"https:\/\/stularplus.com\/pl\/wp-json\/wp\/v2\/media\/13441"}],"wp:attachment":[{"href":"https:\/\/stularplus.com\/pl\/wp-json\/wp\/v2\/media?parent=13438"}],"wp:term":[{"taxonomy":"product_cat","embeddable":true,"href":"https:\/\/stularplus.com\/pl\/wp-json\/wp\/v2\/product_cat?post=13438"},{"taxonomy":"product_tag","embeddable":true,"href":"https:\/\/stularplus.com\/pl\/wp-json\/wp\/v2\/product_tag?post=13438"}],"curies":[{"name":"wp","href":"https:\/\/api.w.org\/{rel}","templated":true}]}}