{"id":13446,"date":"2021-12-05T02:29:24","date_gmt":"2021-12-05T01:29:24","guid":{"rendered":"https:\/\/stularplus.com\/mocowania-nylonowe-t-end-standard-swiftach-225-mm\/"},"modified":"2026-01-05T10:09:01","modified_gmt":"2026-01-05T09:09:01","slug":"mocowania-nylonowe-t-end-standard-swiftach-225-mm","status":"publish","type":"product","link":"https:\/\/stularplus.com\/pl\/mocowania-nylonowe-t-end-standard-swiftach-225-mm\/","title":{"rendered":"Mocowania nylonowe T-End Standard Swiftach 225 mm"},"content":{"rendered":"<p>Bardziej dyskretne ni\u017c \u0142\u0105czniki z p\u0142ytk\u0105, <strong>ko\u0144c\u00f3wki T<\/strong> s\u0105 u\u017cywane do <strong>etykietowania<\/strong>, <strong>parowania<\/strong> skarpet i innych produkt\u00f3w oraz <strong>pakowania<\/strong>.<br \/>\nWykonane z <strong>wytrzyma\u0142ego nylonu<\/strong>, zapewniaj\u0105 bezpieczne mocowanie.<\/p>\n<p><strong>Szpilki z ko\u0144c\u00f3wk\u0105 T<\/strong> nadaj\u0105 wyko\u0144czony `wygl\u0105d`, kt\u00f3ry mo\u017ce by\u0107 preferowany w niekt\u00f3rych zastosowaniach, poniewa\u017c eliminuj\u0105 `ko\u0144c\u00f3wk\u0119 z p\u0142ytk\u0105` wyst\u0119puj\u0105c\u0105 w wi\u0119kszo\u015bci \u0142\u0105cznik\u00f3w Swiftach.<\/p>\n<p>P\u0142ytki po\u0142\u0105czone bez pl\u0105tania.<br \/>\n<strong>Wyprodukowano w Europie!<\/strong><\/p>\n<p><strong>Skorzystaj z rabatu ilo\u015bciowego!<\/strong><\/p>\n","protected":false},"excerpt":{"rendered":"<p><b>Mocowania nylonowe T-End Standard 225 mm<\/b>, idealne do pakowania i metkowania skarpet oraz standardowych materia\u0142\u00f3w. Szpilka <b>T-END<\/b> nadaje produktowi lepszy wygl\u0105d. Cena za opakowanie 5000 szt. <\/p>\n","protected":false},"featured_media":13449,"template":"","meta":[],"product_cat":[389],"product_tag":[],"_links":{"self":[{"href":"https:\/\/stularplus.com\/pl\/wp-json\/wp\/v2\/product\/13446"}],"collection":[{"href":"https:\/\/stularplus.com\/pl\/wp-json\/wp\/v2\/product"}],"about":[{"href":"https:\/\/stularplus.com\/pl\/wp-json\/wp\/v2\/types\/product"}],"wp:featuredmedia":[{"embeddable":true,"href":"https:\/\/stularplus.com\/pl\/wp-json\/wp\/v2\/media\/13449"}],"wp:attachment":[{"href":"https:\/\/stularplus.com\/pl\/wp-json\/wp\/v2\/media?parent=13446"}],"wp:term":[{"taxonomy":"product_cat","embeddable":true,"href":"https:\/\/stularplus.com\/pl\/wp-json\/wp\/v2\/product_cat?post=13446"},{"taxonomy":"product_tag","embeddable":true,"href":"https:\/\/stularplus.com\/pl\/wp-json\/wp\/v2\/product_tag?post=13446"}],"curies":[{"name":"wp","href":"https:\/\/api.w.org\/{rel}","templated":true}]}}