{"id":13476,"date":"2021-12-05T02:29:24","date_gmt":"2021-12-05T01:29:24","guid":{"rendered":"https:\/\/stularplus.com\/zapinki-petlowe-pp-swiftach-65mm\/"},"modified":"2026-01-05T10:09:53","modified_gmt":"2026-01-05T09:09:53","slug":"zapinki-petlowe-pp-swiftach-65mm","status":"publish","type":"product","link":"https:\/\/stularplus.com\/pl\/zapinki-petlowe-pp-swiftach-65mm\/","title":{"rendered":"Zapinki p\u0119tlowe PP Swiftach 65mm"},"content":{"rendered":"<div class=\"elementor-element elementor-element-219ff3a elementor-widget elementor-widget-woocommerce-product-content\" data-id=\"219ff3a\" data-element_type=\"widget\" data-widget_type=\"woocommerce-product-content.default\">\n<div class=\"elementor-widget-container\">\n<div class=\"elementor-element elementor-element-93a7a1e elementor-widget elementor-widget-woocommerce-product-content\" data-id=\"93a7a1e\" data-element_type=\"widget\" data-widget_type=\"woocommerce-product-content.default\">\n<div class=\"elementor-widget-container\">\n<div class=\"elementor-element elementor-element-219ff3a elementor-widget elementor-widget-woocommerce-product-content\" data-id=\"219ff3a\" data-element_type=\"widget\" data-widget_type=\"woocommerce-product-content.default\">\n<div class=\"elementor-widget-container\">\n<p><strong>Zapinki p\u0119tlowe PP 65MM (szpilki)<\/strong> s\u0105 wykonane z PP i bardzo \u0142atwe w u\u017cyciu.<\/p>\n<p>Przymocuj <strong>metk\u0119<\/strong> i zapewnij wieszak do ekspozycji w jednej operacji.<br \/>\nZa pomoc\u0105<strong> zapinek p\u0119tlowych<\/strong> mo\u017cesz <strong>lu\u017ano \u0142\u0105czy\u0107 przedmioty<\/strong> lub wiesza\u0107 mi\u0119kkie towary. Idealne do zabezpieczania produkt\u00f3w w opakowaniach. Wymagaj\u0105 dwukrotnego wystrzelenia.   Jedno opakowanie zawiera 5000 \u0142\u0105cznik\u00f3w.<\/p>\n<p><strong>Zapinki p\u0119tlowe<\/strong> s\u0105 kompatybilne ze wszystkimi <strong>standardowymi pistoletami do metkowania<\/strong>.<\/p>\n<p><strong>Skorzystaj z rabat\u00f3w ilo\u015bciowych!<\/strong><br \/>\nWaga: 0,12 kg\/TH<\/p>\n<\/div>\n<\/div>\n<\/div>\n<\/div>\n<\/div>\n<\/div>\n<p>&nbsp;<\/p>\n<p>&nbsp;<\/p>\n","protected":false},"excerpt":{"rendered":"<p><b>Zapinki p\u0119tlowe SWIFTACH PP 65mm<\/b> &#8211; do znakowania czapek, kaszkiet\u00f3w, skarpet, r\u0119kawiczek itp. Produkt premium marki Avery Dennison. Cena za pude\u0142ko 5000 szpilek.  <\/p>\n","protected":false},"featured_media":13478,"template":"","meta":[],"product_cat":[338],"product_tag":[],"_links":{"self":[{"href":"https:\/\/stularplus.com\/pl\/wp-json\/wp\/v2\/product\/13476"}],"collection":[{"href":"https:\/\/stularplus.com\/pl\/wp-json\/wp\/v2\/product"}],"about":[{"href":"https:\/\/stularplus.com\/pl\/wp-json\/wp\/v2\/types\/product"}],"wp:featuredmedia":[{"embeddable":true,"href":"https:\/\/stularplus.com\/pl\/wp-json\/wp\/v2\/media\/13478"}],"wp:attachment":[{"href":"https:\/\/stularplus.com\/pl\/wp-json\/wp\/v2\/media?parent=13476"}],"wp:term":[{"taxonomy":"product_cat","embeddable":true,"href":"https:\/\/stularplus.com\/pl\/wp-json\/wp\/v2\/product_cat?post=13476"},{"taxonomy":"product_tag","embeddable":true,"href":"https:\/\/stularplus.com\/pl\/wp-json\/wp\/v2\/product_tag?post=13476"}],"curies":[{"name":"wp","href":"https:\/\/api.w.org\/{rel}","templated":true}]}}